{"id":834,"date":"2022-03-25T14:55:23","date_gmt":"2022-03-25T14:55:23","guid":{"rendered":"https:\/\/arnay1418.rarebook-ubfc.fr\/?page_id=834"},"modified":"2022-03-25T14:55:23","modified_gmt":"2022-03-25T14:55:23","slug":"gaillot-georges-claude-louis","status":"publish","type":"page","link":"https:\/\/alisteraldridge.fr\/arnay1418\/gaillot-georges-claude-louis\/","title":{"rendered":"GAILLOT Georges Claude Louis"},"content":{"rendered":"<div class=\"wp-block-group is-layout-flow wp-block-group-is-layout-flow\"><p class=\"has-text-align-center has-large-font-size\"><strong>GAILLOT <\/strong>Georges Claude Louis<\/p>\n\n<p class=\"has-text-align-center\">\u00a4 11 ao\u00fbt 1893 \u00e0 Paris, 16<sup>e<\/sup> arrondissement<br>\u2020 9 mai 1915 \u00e0 Nieuport (Belgique)<br>2<sup>e<\/sup> classe \u2013 1<sup>er<\/sup> r\u00e9giment de marche de zouaves \u2013 21 ans<br>Suites de blessures de guerre \u2013 Tu\u00e9 \u00e0 l\u2019ennemi<br>Mort pour la France<\/p><\/div><hr class=\"wp-block-separator has-text-color has-black-color has-css-opacity has-black-background-color has-background is-style-wide\" \/><h1 class=\"wp-block-heading\">Acte de naissance<\/h1><div class=\"wp-block-group is-layout-flow wp-block-group-is-layout-flow\"><p class=\"has-text-align-center\"><em>967<\/em><\/p>\n\n<p class=\"has-text-align-center\"><em>Gaillot,<br>Georges, Claude, Louis.<br>&#8212;<\/em><\/p>\n\n<p>L\u2019an mil-huit-cent quatre-vingt-treize, le treize ao\u00fbt \u00e0 midi&nbsp;: acte de naissance de Georges, Claude, Louis Gaillot, du sexe masculin, n\u00e9 le onze ao\u00fbt courant \u00e0 neuf heures du soir. Fils de Louis, Gabriel Gaillot, \u00e2g\u00e9 de vingt-six ans, peintre en b\u00e2timents, et de Jos\u00e9phine Laugel, \u00e2g\u00e9e de vingt-ans, employ\u00e9e de commerce, mari\u00e9s, domicili\u00e9s \u00e0 Paris, Rue des Belles Feuilles 26. Dress\u00e9 par nous, L\u00e9on Isabey, adjoint au maire, officier de l\u2019Etat Civil du Seizi\u00e8me arrondissement de Paris, sur la pr\u00e9sentation de l\u2019enfant et la d\u00e9claration faite par le p\u00e8re&nbsp;: En pr\u00e9sence de Adolphe Chagot, \u00e2g\u00e9 de trente-deux ans, sellier, demeurant \u00e0 Paris, Avenue de la Grande Arm\u00e9e 61 et de Emile Chagot, \u00e2g\u00e9 de vingt-cinq ans, serrurier, demeurant \u00e0 Parus, Rue des Acacias n\u00b013, t\u00e9moins qui ont sign\u00e9 avec le d\u00e9clarant et nous apr\u00e8s lecture.<br>[Signatures] Gaillot \/ Chagot \/ Chagot \/ L\u00e9on Isabey<\/p><\/div><p>[<a href=\"http:\/\/archives.paris.fr\/arkotheque\/visionneuse\/visionneuse.php?arko=YTo2OntzOjQ6ImRhdGUiO3M6MTA6IjIwMjItMDMtMjQiO3M6MTA6InR5cGVfZm9uZHMiO3M6MTE6ImFya29fc2VyaWVsIjtzOjQ6InJlZjEiO2k6NDtzOjQ6InJlZjIiO2k6MjUyOTg4O3M6MTY6InZpc2lvbm5ldXNlX2h0bWwiO2I6MTtzOjIxOiJ2aXNpb25uZXVzZV9odG1sX21vZGUiO3M6NDoicHJvZCI7fQ==#uielem_move=-2296%2C-1371&amp;uielem_rotate=F&amp;uielem_islocked=0&amp;uielem_zoom=241\">Lien vers le document original<\/a>]<\/p><h1 class=\"wp-block-heading\">Fiche matricule<\/h1><div class=\"tableFM\">\n<p><strong>Nom : <\/strong><em>Gaillot<\/em><br>\n<strong>Pr\u00e9noms : <\/strong><em>Georges Claude Louis<\/em><br>\n<strong>Surnoms : <\/strong><em>_<\/em><br>\n<strong>Num\u00e9ro matricule du recrutement : <\/strong><em>306<\/em>.<br>\n<strong>Classe de mobilisation : <\/strong><em>1911<\/em>.<\/p>\n<hr>\n<h3>\u00c9tat civil :<\/h3>\n<p><strong>N\u00e9 le<\/strong> <em>11 ao\u00fbt 1893<\/em>, <strong>\u00e0<\/strong> <em>Paris<\/em>, <strong>canton du<\/strong> <em>dit 16<sup>e<\/sup> arrondissement<\/em>, <strong>d\u00e9partement de<\/strong> <em>la Seine<\/em>, <strong>r\u00e9sidant \u00e0<\/strong> <em>Arnay-le-Duc<\/em>, <strong>canton d<\/strong><em>u dit<\/em>, d\u00e9partement de<\/strong> <em>C\u00f4te-d&rsquo;Or<\/em>, <strong>profession de<\/strong> <em>cultivateur<\/em>, <strong>fils de<\/strong> <em>feu Louis Gabriel<\/em><strong> et de<\/strong> <em>Laugel <del>Gabriel<\/del> Jos\u00e9phine<\/em><strong> domicili\u00e9s \u00e0<\/strong> <em>Arnay-le-Duc<\/em>, <strong>canton d<\/strong><em>u dit<\/em>, <strong>d\u00e9partement de<\/strong> <em>C\u00f4te-d&rsquo;Or<\/em>.<\/p>\n<p><strong>Mari\u00e9 \u00e0 <\/strong><em>_<\/em>.<\/p>\n<hr>\n<h3>Signalement :<\/h3>\n<p><strong>Cheveux<\/strong> <em>ch\u00e2tain clair<\/em>, <strong>Yeux<\/strong> <em>marron clair<\/em>,<br>\n<strong>Front<\/strong> <em>moyen<\/em>, <strong>Nez<\/strong> <em>rectiligne moyen<\/em>,<br>\n<strong>Visage<\/strong> <em>ovale<\/em>, <strong>Renseignements physionomiques<br>\ncompl\u00e9mentaires : <\/strong> <em>_<\/em>.<br>\n<strong>Taille :<\/strong> <em>1<\/em><strong> m\u00e8tre <\/strong><em>70<\/em> <strong>centim\u00e8tres.<br>\nTaille rectifi\u00e9e :<\/strong> <em>1<\/em><strong> m\u00e8tre <\/strong><em>_<\/em> <strong>centim\u00e8tres.<\/strong><br>\n<strong>Degr\u00e9 d\u2019instruction : <\/strong><em>_<\/em>.<\/p>\n<hr>\n<h3>D\u00e9cision du conseil de r\u00e9vision et motifs :<\/h3>\n<p><strong>Inscrit sous le n\u00b0<\/strong><em>32<sup>bis<\/sup><\/em> <strong>de la liste du canton d&rsquo;<\/strong><em>Arnay-le-Duc<\/em><br>\n<strong>Class\u00e9 dans la<\/strong> <em>3<sup>e<\/sup><\/em> <strong>partie de la liste en 19<\/strong><em>13<\/em>.<\/p>\n<hr>\n<h3>Corps d\u2019affectation \/ Num\u00e9ros au contr\u00f4le sp\u00e9cial \u2013 matricule ou au r\u00e9pertoire<\/h3>\n<p><strong>Dans l\u2019arm\u00e9e active :<\/strong> <em>1<sup>e<\/sup> R\u00e9giment de Zouaves &#8211; 7869<\/em><br>\n<strong>Disponibilit\u00e9 et r\u00e9serve de l\u2019arm\u00e9e active :<\/strong> <em>_<\/em><br>\n<strong>Arm\u00e9e territoriale et sa r\u00e9serve :<\/strong> <em>_<\/em>.<\/p>\n<hr>\n<h3>D\u00e9tail des services et mutations diverses.<\/h3>\n<p><em>Engag\u00e9 volontaire pour 3 ans le 16 septembre 1912, \u00e0 la mairie d&rsquo;Autun (Sa\u00f4ne-et-Loire) au titre du 1<sup>e<\/sup> R\u00e9giment de Zouaves. Incorpor\u00e9 \u00e0 compter du dit jour. Arriv\u00e9 au corps le 18 septembre 1912. Tu\u00e9 \u00e0 l&rsquo;ennemi le 9 mai 1915 \u00e0 Nieuport-Bains (Belgique).<\/em>.<\/p>\n<hr>\n<h3>Ant\u00e9c\u00e9dents judiciaires et condamnations<\/h3>\n<p><em>_<\/em>.<\/p>\n<h3>Campagnes<\/h3>\n<p><em>En Alg\u00e9rie, du 17 septembre 1912 au 7 mars 1913. Op\u00e9rations militaires dans le Maroc Occidental guerre, du 8 mars 1913 au 1<sup>e<\/sup> ao\u00fbt 1914. Contre l&rsquo;Allemagne du 2 ao\u00fbt 1914 au 9 mai 1915.<\/em>.<\/p>\n<h3>Blessures, citations, d\u00e9corations, etc.<\/h3>\n<p><em>_<\/em>.<\/p>\n<hr>\n<h3>Localit\u00e9s successives habit\u00e9es<br>par suite de changements de domicile ou de r\u00e9sidence<\/h3>\n<strong>Dates \/ Communes \/ Subdivisions de r\u00e9gion \/ D : Domicile, R : R\u00e9sidence<\/strong>\n<p><em>_<\/em>.<\/p>\n<hr>\n<h3>P\u00e9riodes d&rsquo;exercices<\/h3>\n<p><strong>R\u00e9serve : 1<sup>re<\/sup> dans le<\/strong><em>_,<\/em> <strong>du<\/strong> <em>_<\/em> <strong>au<\/strong> <em>_<\/em><\/strong>.<br>\n<strong>&#8211; 2<sup>e<\/sup> dans le<\/strong><em>_,<\/em> <strong>du<\/strong> <em>_<\/em> <strong>au<\/strong> <em>_<\/em>_<\/strong>.<br>\n<strong>&#8211; Suppl\u00e9mentaire dans le<\/strong><em>_,<\/em> <strong>du<\/strong> <em>_<\/em> <strong>au<\/strong> <em>_<\/em><\/strong>.<br>\n<strong>Arm\u00e9e territoriale : 1<sup>re<\/sup> dans le<\/strong><em>_,<\/em> <strong>du<\/strong> <em>_<\/em> <strong>au<\/strong> <em>_<\/em><\/strong>.<br>\n<strong>&#8211; Suppl\u00e9mentaire dans le<\/strong><em>_,<\/em> <strong>du<\/strong> <em>_<\/em> <strong>au<\/strong> <em>_<\/em><\/strong>.<br>\n<strong>Sp\u00e9ciales aux hommes du service de garde des voies de communication :<\/strong><\/em>_<\/em>.<\/p>\n<hr>\n<h3>\u00c9poque \u00e0 laquelle l\u2019homme doit passer dans :<\/h3>\n<p><strong>La disponibilit\u00e9 :<\/strong><em>_<\/em><br>\n<strong>La r\u00e9serve de l\u2019arm\u00e9e active :<\/strong><em>_<\/em><br>\n<strong>L\u2019arm\u00e9e territoriale :<\/strong><em>_<\/em><br>\n<strong>La r\u00e9serve de l\u2019arm\u00e9e territoriale : <\/strong><em>_<\/em><br>\n<strong>Date de la lib\u00e9ration du service militaire :<\/strong><em><\/em><\/p>\n<em>Mis \u00e0 jour le 1 septembre 1958. Le Capitaine F\u00e9at chef de la 2<sup>e<\/sup> Section.<\/em>\n<\/div><p>[<a href=\"https:\/\/archives.cotedor.fr\/v2\/ark:\/71137\/g9bde59545983854028872694f4339320\/e76e93a3a31a3d2329e56a9dc748757b\/452\/ZnJhZDAyMV9yMjQ5NV8wNDUyLmpwZw==\">Lien vers le document original<\/a>]<\/p><h1 class=\"wp-block-heading\">Historique du 1<sup>er<\/sup> r\u00e9giment de marche de zouaves &#8211; Journal des marches et op\u00e9rations de la 38<sup>e<\/sup> division<\/h1><p>Le zouave Gaillot appartient \u00e0 la 16<sup>e<\/sup> compagnie du r\u00e9giment, elle-m\u00eame appartenant au d\u00e9p\u00f4t divisionnaire. Les trois compagnies de ce d\u00e9p\u00f4t sont attach\u00e9es \u00e0 un bataillon du r\u00e9giment et forment, en quelque sorte, un d\u00e9p\u00f4t ambulant qui suit la division. Il n\u2019y a pas de J.M.O. pour ce bataillon. Nous transcrivons donc ci-dessous un extrait de l\u2019historique du 1<sup>er<\/sup> r\u00e9giment de zouaves, dans lequel le <a href=\"https:\/\/gallica.bnf.fr\/ark:\/12148\/bpt6k6348015z\/f67.item.texteImage.zoom\">nom<\/a> du zouave Gaillot figure dans le tableau d\u2019honneur (page 61), ainsi que l\u2019entr\u00e9e du 9 mai dans le J.M.O. de la 38<sup>e<\/sup> division.<\/p><p>Historique<sup>(1)<\/sup>&nbsp;:<\/p><p class=\"has-white-background-color has-background\"><strong><u>Nieuport<\/u><\/strong><br>Les premiers jours de F\u00e9vrier, la 38<sup>me<\/sup> D.I. remani\u00e9e (les fusiliers marins rempla\u00e7ant les Tirailleurs alg\u00e9riens) prend le secteur de Nieuport. Le 1<sup>er<\/sup> Zouaves, la gauche appuy\u00e9e \u00e0 la mer, occupe le secteur en avant de Nieuport-Bains face \u00e0 la Grande Dune.<br>Durant cinq mois et demi, plac\u00e9 dans des conditions particuli\u00e8rement d\u00e9favorables, n\u2019ayant ni tranch\u00e9es, ni abris digne de ce nom, n\u2019ayant avec l\u2019arri\u00e8re que des communications pr\u00e9caires et praticables la nuit seulement, il soutient un incessant et co\u00fbteux combat marqu\u00e9 par deux incidents particuli\u00e8rement glorieux pour le R\u00e9giment.<br>C\u2019est d\u2019abord <em>l\u2019attaque allemande du 9 mai<\/em> au cours de laquelle la 1<sup>\u00e8re<\/sup> ligne compl\u00e8tement boulevers\u00e9e par dix heures de bombardement intensif r\u00e9siste magnifiquement et couche sur place l\u2019ennemi d\u00e8s qu\u2019il franchit ses parapets&nbsp;!<br>Puis <em>le coup de main du 11 Juin sur la Grande Dune<\/em> tent\u00e9 par un groupe de volontaires du R\u00e9giment et un d\u00e9tachement du G\u00e9ni\u00e9 (compagnie 19\/2) qui attaque et se rende ma\u00eetres un instant de la Grande Dune, antenne puissante aux mains des boches, cauchemard de tous ceux qui ont connu ce secteur. De ce point dominant, avan\u00e7ant dans nos lignes, l\u2019ennemi \u00e9piait le moindre mouvement et faisait payer cher toute imprudence. Ils sont nombreux, h\u00e9las&nbsp;! ceux qui sont tomb\u00e9s dans la Dune&nbsp;; c\u2019est le secteur dit \u00ab&nbsp;calme dans lequel le R\u00e9giment a eu le plus de pertes.<br>C\u2019est durant ce long s\u00e9jour sur les bords de l\u2019Yser qu\u2019appara\u00eessent \u00e0 l\u2019instigation du lieutenant-colonel Rolland, qui remplace au mois de Mars le lieutenant-colonel de Bigault du Granrut, le journal <em>La Ch\u00e9chia<\/em> et la troupe th\u00e9\u00e2trale du 1<sup>er <\/sup>Zouaves le <em>Chacal Hurlant<\/em>. Durant toute la campagne ces deux organes fourniront aux zouaves des divertissements n\u00e9cessaires et contribueront pour une large part \u00e0 maintenir \u00e9lev\u00e9 le moral du R\u00e9giment.<\/p><p><strong>Journal de marches et op\u00e9rations de la 38<sup>\u00e8me<\/sup> division d\u2019infanterie&nbsp;:<\/strong><\/p><p class=\"has-white-background-color has-background\"><strong>Entr\u00e9e du 9 mai. \u2013<br><\/strong>D\u00e8s le matin, l\u2019artillerie ennemie ouvre le feu sur tout notre front avec une extr\u00eame intensit\u00e9. Elle prend d\u2019abord comme objectif nos communications (ponts de l\u2019Yser, directions d\u2019Oostdunkerke-Bains et Oostdunkerke-Ville), nos batteries et les postes de commandement.<br>Les points de Nieuport-Bains sont coup\u00e9s \u00e0 6 h. 15\u2019. Une passerelle est aussit\u00f4t jet\u00e9e sur une des ruptures. Ceux de Nieuport-Ville ne sont que d\u00e9t\u00e9rior\u00e9s.<br>A 11 heures, l\u2019ennemi concentre son feu sur notre 2<sup>\u00e8me<\/sup> ligne, puis \u00e0 midi sur la 1<sup>\u00e8re<\/sup> ligne. Les minenworfers* entrent en m\u00eame temps en action.<br>A 13 heures, l\u2019infanterie ennemie attaque sur tout le front sauf sur St-Georges. Cette attaque est arr\u00eat\u00e9e avec de fortes pertes pour l\u2019ennemi, sur tout le front, sauf entre la Gele\u00efde et la route Lombartzyde-Nieuport**. L\u00e0, l\u2019ennemi parvient \u00e0 prendre pied dans notre tranch\u00e9e de 1<sup>\u00e8re<\/sup> ligne. La tranch\u00e9e de la route reste cependant entre nos mains.<br>Dans l\u2019apr\u00e8s-midi, 4 Compagnies du 4<sup>e<\/sup> Zouaves appartenant \u00e0 la r\u00e9serve du Groupement sont mises \u00e0 disposition du Commandant du Secteur Nord et port\u00e9es \u00e0 Nieuport-Ville.<br>A 20 h. 20\u2019, apr\u00e8s une pr\u00e9paration de 20\u2019 minutes par l\u2019Artillerie une contre-attaque ex\u00e9cut\u00e9e par deux Compagnies du 4<sup>\u00e8me<\/sup> Zouaves et 2 Compagnies de marins, reprend les tranch\u00e9es perdues et y fait des prisonniers. L\u2019ennemi contre-attaque \u00e0 deux reprises, mais sans succ\u00e8s.<br>A 22 h. 30\u2019, la Brigade Marins attaque dans la direction de la Ferme de l\u2019Union, conform\u00e9ment \u00e0 l\u2019ordre d\u2019op\u00e9rations du 9 Mai 9 heures. Les marins s\u2019emparent \u00e0 23 h. 45\u2019 et 0 h. 14\u2019 des points d\u2019appui occup\u00e9s par l\u2019ennemi \u00e0 la Ferme de l\u2019Union et au Nord sur la route St-Georges Pont de l\u2019Union.<br>Pertes approximatives&nbsp;: 10 officiers 500 hommes hors de combat.<\/p><p>* mortier de tranch\u00e9e Schwerer Minenwerfer.<br>** orthographe n\u00e9erlandaise la plus usit\u00e9e&nbsp;: Lombardsijde (commune de Flandre-Occidentale)<\/p><p>[<a href=\"https:\/\/gallica.bnf.fr\/ark:\/12148\/bpt6k6348015z\/f13.item.texteImage.zoom\">Lien vers l\u2019historique<\/a>]<br>[<a href=\"https:\/\/www.memoiredeshommes.sga.defense.gouv.fr\/fr\/ark:\/40699\/e005284e65a09aee\/5284e65a5535a\">Lien vers le J.M.O.<\/a>]<\/p><h1 class=\"wp-block-heading\">D\u00e9c\u00e8s<\/h1><div class=\"wp-block-group is-layout-flow wp-block-group-is-layout-flow\"><p class=\"has-text-align-center\"><em>N\u00b055<\/em><\/p>\n\n<p class=\"has-text-align-center\"><em>Transcription de d\u00e9c\u00e8s<br>de<br>Gaillot Georges-Louis<br>c\u00e9libataire<br>&#8212;<br>Du 17 juillet 1915<br>&#8212;<\/em><\/p>\n\n<p>L\u2019an mil-neuf-cent-quinze le treize mai \u00e0 dix heures du matin \u00e9tant \u00e0 Ostdunkerque-Bains (Belgique). Acte de d\u00e9c\u00e8s de Georges Claude Louis Gaillot, zouave de deuxi\u00e8me classe \u00e0 la 16<sup>e<\/sup> compagnie du 1<sup>er<\/sup> R\u00e9giment de zouaves num\u00e9ro matricule 7869 \u00e2g\u00e9 de vingt-un ans, n\u00e9 \u00e0 Paris (Seine) domicili\u00e9 en dernier \u00e0 Arnay-le-Duc (C\u00f4te-d\u2019Or) d\u00e9c\u00e9d\u00e9 \u00e0 Nieuport Bains (Belgique) le neuf mai mil-neuf-cent-quinze \u00e0 onze heures cinquante du matin des suites de blessures re\u00e7ues en pr\u00e9sence de l\u2019ennemi, fils de Louis Gabriel et de Laugel Jos\u00e9phine domicili\u00e9s \u00e0 Arnay-le-Duc (C\u00f4te-d\u2019Or) conform\u00e9ment \u00e0 l\u2019article 77 du Code Civil nous nous sommes transport\u00e9 aupr\u00e8s de la personne d\u00e9c\u00e9d\u00e9e et assur\u00e9 de la r\u00e9alit\u00e9 du d\u00e9c\u00e8s. En raison de circonstances de guerre il n\u2019a pas \u00e9t\u00e9 possible \u00e0 l\u2019officier de l\u2019Etat Civil de se conformer \u00e0 l\u2019article 77 du Code Civil sus-vis\u00e9. Dress\u00e9 par nous Jules Williame capitaine au 1<sup>er<\/sup> r\u00e9giment de zouaves officier de l\u2019Etat Civil sur la d\u00e9claration de Andr\u00e9 Bernard caporal-fourrier \u00e0 la 16<sup>e<\/sup> compagnie du 1<sup>er<\/sup> zouaves \u00e2g\u00e9 de vingt-neuf ans, domicili\u00e9 \u00e0 Carmaux (Tarne) et Alfred Ruleme zouave de 2<sup>e<\/sup> classe \u00e0 la 16<sup>e<\/sup> compagnie du 1<sup>er<\/sup> zouaves \u00e2g\u00e9 de trente-deux ans domicili\u00e9s \u00e0 Fr\u00e9vent (Pas-de-Calais) t\u00e9moins qui ont sign\u00e9 avec nous apr\u00e8s lecture. Suivent les signatures. Vu par nous Elzi\u00e8re Aristide sous-intendant militaire. Sign\u00e9&nbsp;: A. Elzi\u00e8re.<br>Vu pour l\u00e9galisation de la signature de M. Jules Williame, Paris le 30 juin 1915. Le Ministre de la Guerre par d\u00e9l\u00e9gation. Le Chef du Bureau des Archives administratives.<br>Sign\u00e9&nbsp;: illisible.<br>L\u2019acte de d\u00e9c\u00e8s ci-dessus a \u00e9t\u00e9 transcrit le dix-sept juillet mil-neuf-cent-quinze \u00e0 huit heures du matin par nous NicolasJustin Hutin, maire d\u2019Arnay-le-Duc.<br>[Signature] Hutin<br>[Mention marginale] \u00ab&nbsp;Mort pour la France&nbsp;\u00bb \u00e0 Nieuport-Bains (Belgique) le neuf mai 1915. Dont mention. Le maire. [Signature] Hutin.<\/p><\/div><p>[<a href=\"https:\/\/archives.cotedor.fr\/v2\/ark:\/71137\/g84e2727b8986dad2c7eb7a23de11b558\/bb079f6b97683f4c02fd46c65c4234a5\/246\/ZnJhZDAyMV8wMjZfMmUwMjZhcnQwMzZfMDI0Ni5qcGc=\">Lien vers le document original<\/a>]<\/p><h1 class=\"wp-block-heading\">Donn\u00e9es additionnelles<\/h1><p>N\u00e9 \u00e0 Paris, Georges Gaillot perd son p\u00e8re en 1909. Sa m\u00e8re, retourne ensuite avec son fils \u00e0 Arnay-le-Duc dont elle est originaire. En 1911, ils vivent rue Saint-Honor\u00e9. Jos\u00e9phine est marchande de chaussures. Le 12 juillet 1913, elle \u00e9pouse le droguiste Fran\u00e7ois Portrat, de Sa\u00f4ne-et-Loire et install\u00e9 \u00e0 Arnay-le-Duc<sup>(2)<\/sup>. Fran\u00e7ois Portrat sert \u00e9galement pendant la guerre, dans l\u2019infanterie coloniale, dont il revient sain et sauf.<\/p><h1 class=\"wp-block-heading\">Carte<\/h1><p><a href=\"\/\/umap-mshe.univ-fcomte.fr\/fr\/map\/gaillot-georges-claude-louis_80\">Voir en plein \u00e9cran<\/a><\/p><h1 class=\"wp-block-heading\">Sources<\/h1><ul class=\"wp-block-list\"><li><em>Archives de Paris, \u00e9tat civil 16<sup>e<\/sup> arrondissement 1893 (V4E 9990), Gaillot Georges Claude Louis, n\u00b0967, 1893, <a href=\"http:\/\/archives.paris.fr\/arkotheque\/visionneuse\/visionneuse.php?arko=YTo2OntzOjQ6ImRhdGUiO3M6MTA6IjIwMjItMDMtMjQiO3M6MTA6InR5cGVfZm9uZHMiO3M6MTE6ImFya29fc2VyaWVsIjtzOjQ6InJlZjEiO2k6NDtzOjQ6InJlZjIiO2k6MjUyOTg4O3M6MTY6InZpc2lvbm5ldXNlX2h0bWwiO2I6MTtzOjIxOiJ2aXNpb25uZXVzZV9odG1sX21vZGUiO3M6NDoicHJvZCI7fQ==#uielem_move=-2285%2C-1134&amp;uielem_rotate=F&amp;uielem_islocked=0&amp;uielem_zoom=241\">lien vers le registre<\/a>.<\/em><\/li><li><em>A.D. de la C\u00f4te-d\u2019Or, recrutement militaire (1867-1940)<\/em>, <em>classe 1914, bureau d\u2019Auxonne (R 2495), <a href=\"https:\/\/archives.cotedor.fr\/v2\/ark:\/71137\/g9bde59545983854028872694f4339320\/e76e93a3a31a3d2329e56a9dc748757b\/452\/ZnJhZDAyMV9yMjQ5NV8wNDUyLmpwZw==\">vue 452\/603<\/a><\/em>.<\/li><li><em>S.H.D,\u00a0M\u00e9moire des Hommes, Journaux des marches et op\u00e9rations des grandes unit\u00e9s, 38<sup>\u00e8me<\/sup> division d\u2019infanterie, 8 f\u00e9vrier 1915 \u2013 10 novembre 1916 (26 N 333\/2), <a href=\"https:\/\/www.memoiredeshommes.sga.defense.gouv.fr\/fr\/ark:\/40699\/e005284e65a09aee\/5284e65a5535a\">vue 16\/195<\/a>.<\/em><\/li><li><em>A.D. de la C\u00f4te-d\u2019Or, \u00e9tat civil num\u00e9ris\u00e9<\/em>, <em>Arnay-le-Duc 1911 \u2013 1915 (FRADO21EC 26\/040), Gaillot Georges Claude Louis (transcription), n\u00b055, 1915, <a href=\"https:\/\/archives.cotedor.fr\/v2\/ark:\/71137\/g84e2727b8986dad2c7eb7a23de11b558\/bb079f6b97683f4c02fd46c65c4234a5\/246\/ZnJhZDAyMV8wMjZfMmUwMjZhcnQwMzZfMDI0Ni5qcGc=\">vue 246\/271<\/a>.<\/em><\/li><li>(1) (1920), <em>Le 1<sup>er<\/sup> r\u00e9giment de marche de zouaves dans la Grande guerre 1914-1919<\/em>, Ferran jeune (\u00e9diteur), Marseille, pp. 7-10 [En ligne] Disponible sur <a href=\"https:\/\/gallica.bnf.fr\/ark:\/12148\/bpt6k6348015z\/f13.item.texteImage.zoom\">Gallica<\/a>.<\/li><li>(2) <em>A.D. de la C\u00f4te-d\u2019Or, \u00e9tat civil num\u00e9ris\u00e9<\/em>, <em>Arnay-le-Duc 1911 \u2013 1915 (FRADO21EC 26\/040), Portrat Fran\u00e7ois \u2013 Laugel Jos\u00e9phine, n\u00b059, 1913, <a href=\"https:\/\/archives.cotedor.fr\/v2\/ark:\/71137\/g84e2727b8986dad2c7eb7a23de11b558\/bb079f6b97683f4c02fd46c65c4234a5\/148\/ZnJhZDAyMV8wMjZfMmUwMjZhcnQwMzZfMDE0OC5qcGc=\">vues 148-49\/271<\/a>.<\/em><\/li><\/ul>","protected":false},"excerpt":{"rendered":"<p>GAILLOT Georges Claude Louis \u00a4 11 ao\u00fbt 1893 \u00e0 Paris, 16e arrondissement\u2020 9 mai 1915 \u00e0 Nieuport (Belgique)2e classe \u2013 1er r\u00e9giment de marche de [&#8230;]<\/p>\n","protected":false},"author":2,"featured_media":0,"parent":0,"menu_order":0,"comment_status":"closed","ping_status":"closed","template":"","meta":{"footnotes":""},"class_list":["post-834","page","type-page","status-publish","hentry"],"yoast_head":"<!-- This site is optimized with the Yoast SEO plugin v25.6 - https:\/\/yoast.com\/wordpress\/plugins\/seo\/ -->\n<title>GAILLOT Georges Claude Louis - Arnay-le-Duc 1914-1918<\/title>\n<meta name=\"robots\" content=\"index, follow, max-snippet:-1, max-image-preview:large, max-video-preview:-1\" \/>\n<link rel=\"canonical\" href=\"https:\/\/alisteraldridge.fr\/arnay1418\/gaillot-georges-claude-louis\/\" \/>\n<meta property=\"og:locale\" content=\"fr_FR\" \/>\n<meta property=\"og:type\" content=\"article\" \/>\n<meta property=\"og:title\" content=\"GAILLOT Georges Claude Louis - Arnay-le-Duc 1914-1918\" \/>\n<meta property=\"og:description\" content=\"GAILLOT Georges Claude Louis \u00a4 11 ao\u00fbt 1893 \u00e0 Paris, 16e arrondissement\u2020 9 mai 1915 \u00e0 Nieuport (Belgique)2e classe \u2013 1er r\u00e9giment de marche de [...]\" \/>\n<meta property=\"og:url\" content=\"https:\/\/alisteraldridge.fr\/arnay1418\/gaillot-georges-claude-louis\/\" \/>\n<meta property=\"og:site_name\" content=\"Arnay-le-Duc 1914-1918\" \/>\n<meta name=\"twitter:card\" content=\"summary_large_image\" \/>\n<meta name=\"twitter:label1\" content=\"Dur\u00e9e de lecture estim\u00e9e\" \/>\n\t<meta name=\"twitter:data1\" content=\"10 minutes\" \/>\n<script type=\"application\/ld+json\" class=\"yoast-schema-graph\">{\"@context\":\"https:\/\/schema.org\",\"@graph\":[{\"@type\":\"WebPage\",\"@id\":\"https:\/\/alisteraldridge.fr\/arnay1418\/gaillot-georges-claude-louis\/\",\"url\":\"https:\/\/alisteraldridge.fr\/arnay1418\/gaillot-georges-claude-louis\/\",\"name\":\"GAILLOT Georges Claude Louis - Arnay-le-Duc 1914-1918\",\"isPartOf\":{\"@id\":\"https:\/\/alisteraldridge.fr\/arnay1418\/#website\"},\"datePublished\":\"2022-03-25T14:55:23+00:00\",\"breadcrumb\":{\"@id\":\"https:\/\/alisteraldridge.fr\/arnay1418\/gaillot-georges-claude-louis\/#breadcrumb\"},\"inLanguage\":\"fr-FR\",\"potentialAction\":[{\"@type\":\"ReadAction\",\"target\":[\"https:\/\/alisteraldridge.fr\/arnay1418\/gaillot-georges-claude-louis\/\"]}]},{\"@type\":\"BreadcrumbList\",\"@id\":\"https:\/\/alisteraldridge.fr\/arnay1418\/gaillot-georges-claude-louis\/#breadcrumb\",\"itemListElement\":[{\"@type\":\"ListItem\",\"position\":1,\"name\":\"Home\",\"item\":\"https:\/\/alisteraldridge.fr\/arnay1418\/\"},{\"@type\":\"ListItem\",\"position\":2,\"name\":\"GAILLOT Georges Claude Louis\"}]},{\"@type\":\"WebSite\",\"@id\":\"https:\/\/alisteraldridge.fr\/arnay1418\/#website\",\"url\":\"https:\/\/alisteraldridge.fr\/arnay1418\/\",\"name\":\"Arnay-le-Duc 1914-1918\",\"description\":\"Histoire d&#039;une ville bourguignonne pendant la Premi\u00e8re Guerre mondiale\",\"potentialAction\":[{\"@type\":\"SearchAction\",\"target\":{\"@type\":\"EntryPoint\",\"urlTemplate\":\"https:\/\/alisteraldridge.fr\/arnay1418\/?s={search_term_string}\"},\"query-input\":{\"@type\":\"PropertyValueSpecification\",\"valueRequired\":true,\"valueName\":\"search_term_string\"}}],\"inLanguage\":\"fr-FR\"}]}<\/script>\n<!-- \/ Yoast SEO plugin. -->","yoast_head_json":{"title":"GAILLOT Georges Claude Louis - Arnay-le-Duc 1914-1918","robots":{"index":"index","follow":"follow","max-snippet":"max-snippet:-1","max-image-preview":"max-image-preview:large","max-video-preview":"max-video-preview:-1"},"canonical":"https:\/\/alisteraldridge.fr\/arnay1418\/gaillot-georges-claude-louis\/","og_locale":"fr_FR","og_type":"article","og_title":"GAILLOT Georges Claude Louis - Arnay-le-Duc 1914-1918","og_description":"GAILLOT Georges Claude Louis \u00a4 11 ao\u00fbt 1893 \u00e0 Paris, 16e arrondissement\u2020 9 mai 1915 \u00e0 Nieuport (Belgique)2e classe \u2013 1er r\u00e9giment de marche de [...]","og_url":"https:\/\/alisteraldridge.fr\/arnay1418\/gaillot-georges-claude-louis\/","og_site_name":"Arnay-le-Duc 1914-1918","twitter_card":"summary_large_image","twitter_misc":{"Dur\u00e9e de lecture estim\u00e9e":"10 minutes"},"schema":{"@context":"https:\/\/schema.org","@graph":[{"@type":"WebPage","@id":"https:\/\/alisteraldridge.fr\/arnay1418\/gaillot-georges-claude-louis\/","url":"https:\/\/alisteraldridge.fr\/arnay1418\/gaillot-georges-claude-louis\/","name":"GAILLOT Georges Claude Louis - Arnay-le-Duc 1914-1918","isPartOf":{"@id":"https:\/\/alisteraldridge.fr\/arnay1418\/#website"},"datePublished":"2022-03-25T14:55:23+00:00","breadcrumb":{"@id":"https:\/\/alisteraldridge.fr\/arnay1418\/gaillot-georges-claude-louis\/#breadcrumb"},"inLanguage":"fr-FR","potentialAction":[{"@type":"ReadAction","target":["https:\/\/alisteraldridge.fr\/arnay1418\/gaillot-georges-claude-louis\/"]}]},{"@type":"BreadcrumbList","@id":"https:\/\/alisteraldridge.fr\/arnay1418\/gaillot-georges-claude-louis\/#breadcrumb","itemListElement":[{"@type":"ListItem","position":1,"name":"Home","item":"https:\/\/alisteraldridge.fr\/arnay1418\/"},{"@type":"ListItem","position":2,"name":"GAILLOT Georges Claude Louis"}]},{"@type":"WebSite","@id":"https:\/\/alisteraldridge.fr\/arnay1418\/#website","url":"https:\/\/alisteraldridge.fr\/arnay1418\/","name":"Arnay-le-Duc 1914-1918","description":"Histoire d&#039;une ville bourguignonne pendant la Premi\u00e8re Guerre mondiale","potentialAction":[{"@type":"SearchAction","target":{"@type":"EntryPoint","urlTemplate":"https:\/\/alisteraldridge.fr\/arnay1418\/?s={search_term_string}"},"query-input":{"@type":"PropertyValueSpecification","valueRequired":true,"valueName":"search_term_string"}}],"inLanguage":"fr-FR"}]}},"featured_image_src":null,"jetpack_sharing_enabled":true,"_links":{"self":[{"href":"https:\/\/alisteraldridge.fr\/arnay1418\/wp-json\/wp\/v2\/pages\/834"}],"collection":[{"href":"https:\/\/alisteraldridge.fr\/arnay1418\/wp-json\/wp\/v2\/pages"}],"about":[{"href":"https:\/\/alisteraldridge.fr\/arnay1418\/wp-json\/wp\/v2\/types\/page"}],"author":[{"embeddable":true,"href":"https:\/\/alisteraldridge.fr\/arnay1418\/wp-json\/wp\/v2\/users\/2"}],"replies":[{"embeddable":true,"href":"https:\/\/alisteraldridge.fr\/arnay1418\/wp-json\/wp\/v2\/comments?post=834"}],"version-history":[{"count":0,"href":"https:\/\/alisteraldridge.fr\/arnay1418\/wp-json\/wp\/v2\/pages\/834\/revisions"}],"wp:attachment":[{"href":"https:\/\/alisteraldridge.fr\/arnay1418\/wp-json\/wp\/v2\/media?parent=834"}],"curies":[{"name":"wp","href":"https:\/\/api.w.org\/{rel}","templated":true}]}}