{"id":316,"date":"2022-01-24T16:19:48","date_gmt":"2022-01-24T16:19:48","guid":{"rendered":"https:\/\/arnay1418.rarebook-ubfc.fr\/?page_id=316"},"modified":"2022-01-24T16:19:48","modified_gmt":"2022-01-24T16:19:48","slug":"grandjean-gilbert-felix","status":"publish","type":"page","link":"https:\/\/alisteraldridge.fr\/arnay1418\/grandjean-gilbert-felix\/","title":{"rendered":"GRANDJEAN Gilbert F\u00e9lix"},"content":{"rendered":"<div class=\"wp-block-group is-layout-flow wp-block-group-is-layout-flow\"><p class=\"has-text-align-center has-large-font-size\"><strong>GRANDJEAN <\/strong>Gilbert F\u00e9lix<\/p>\n\n<p class=\"has-text-align-center\">\u00a4 31 mai 1894 \u00e0 Arnay-le-Duc<br>\u2020 10 juin 1915 \u00e0 Saint-Bernard (Haut-Rhin)<br>Soldat \u2013 235<sup>e<\/sup> r\u00e9giment d\u2019infanterie \u2013 21 ans<br>Tu\u00e9 \u00e0 l&rsquo;ennemi<br>Mort pour la France<br>M\u00e9daille militaire \u00e9toile de bronze<\/p>\n\n<div class=\"quote1\">\u00ab\u00a0Brave soldat\u00a0\u00bb.<\/div><\/div><hr class=\"wp-block-separator has-text-color has-black-color has-css-opacity has-black-background-color has-background is-style-wide\" \/><h1 class=\"wp-block-heading\" id=\"acte-de-naissance\">Acte de naissance<\/h1><div class=\"wp-block-group is-layout-flow wp-block-group-is-layout-flow\"><p class=\"has-text-align-center\"><em>N\u00b057<\/em><\/p>\n\n<p class=\"has-text-align-center\"><em>Acte de Naissance<br>de<br>Grandjean, Gilbert-F\u00e9lix<br>(l\u00e9gitime)<br>&#8212;<br>Du 31 Mai 1894<\/em><\/p>\n\n<p class=\"has-text-align-center\">&#8212;<\/p><\/div><p>L\u2019an mil huit cent quatre-vingt-quatorze, le trente-un Mai, \u00e0 l\u2019heure de onze et demie du matin, heure l\u00e9gale, pardevant nous, Vollot, Antoine-Fran\u00e7ois, maire, officier de l\u2019\u00e9tat civil de la ville d\u2019Arnay-le-Duc, chef-lieu de canton, arrondissement de Beaune, d\u00e9partement de la C\u00f4te-d\u2019Or. A comparu le sieur Grandjean, Fran\u00e7ois Eug\u00e8ne, \u00e2g\u00e9 de trente-un ans, employ\u00e9 \u00e0 la gare du tramway de Beaune \u00e0 Arnay-le-Duc, domicili\u00e9 \u00e0 Arnay-le-Duc, rue du four, lequel nous a pr\u00e9sent\u00e9 un enfant du sexe masculin n\u00e9 aujourd\u2019hui \u00e0 cinq heures et demie du matin, heure l\u00e9gale, en son domicile de son mariage contract\u00e9 \u00e0 Arnay-le-Duc le six mars mil huit cent quatre-vingt-treize avec Prost, Jeanne-F\u00e9licie, \u00e2g\u00e9e de vingt-un ans, sans profession, domicili\u00e9e avec lui et auquel enfant il a d\u00e9clar\u00e9 donner les pr\u00e9noms de Gilbert-F\u00e9lix. Lesdites pr\u00e9sentation et d\u00e9claration faites en pr\u00e9sence des sieurs Lacroix, Jean-Baptiste-Claude, \u00e2g\u00e9 de quarante-trois ans, et Pierre Jean, \u00e2g\u00e9 de trente-neuf ans, tous deux ouvriers en limes, domicili\u00e9s \u00e0 Arnay-le-Duc&nbsp;; et ont le p\u00e8re et l\u2019enfant et les deux t\u00e9moins sign\u00e9 avec nous le pr\u00e9sent acte de naissance apr\u00e8s lecture.<br>[Signatures] Grandjean \/ Pierre \/ Lacroix \/ A. Vollot<\/p><p>[<a href=\"https:\/\/archives.cotedor.fr\/v2\/ark:\/71137\/gf186e0b8f0583928ea2789657645f0fe\/22410f9dc24e1609ca592d3518ae2326\/87\/ZnJhZDAyMV8wMjZfMmUwMjZhcnQwMzJfMDA4Ny5qcGc=\" target=\"_blank\" rel=\"noreferrer noopener\">Lien vers le document original<\/a>]<\/p><h1 class=\"wp-block-heading\" id=\"fiche-matricule\">Fiche matricule<\/h1><div class=\"tableFM\">\n<p><strong>Nom : <\/strong><em>Grandjean<\/em><br>\n<strong>Pr\u00e9noms : <\/strong><em>Gilbert F\u00e9lix<\/em><br>\n<strong>Surnoms :<\/strong><em><\/em><br>\n<strong>Num\u00e9ro matricule du recrutement : <\/strong><em>1008<\/em>.<br>\n<strong>Classe de mobilisation :<\/strong><em>1912<\/em>.<\/p>\n<hr>\n<h3>\u00c9tat civil :<\/h3>\n<p><strong>N\u00e9 le<\/strong> <em>31 mai 1894<\/em>, <strong>\u00e0<\/strong> <em>Arnay-le-Duc<\/em>, <strong>canton de<\/strong> <em>Arnay-le-Duc<\/em>, <strong>d\u00e9partement de<\/strong> <em>C\u00f4te-d&rsquo;Or<\/em>, <strong>r\u00e9sidant \u00e0<\/strong> <em>Arnay-le-Duc<\/em>, <strong>canton d<\/strong><em>udit<\/em>, d\u00e9partement de<\/strong> <em>la C\u00f4te-d&rsquo;Or<\/em>, <strong>profession de<\/strong> <em>limeur<\/em>, <strong>fils de<\/strong> <em>Fran\u00e7ois Eug\u00e8ne<\/em><strong> et de<\/strong> <em>Prost Jeanne F\u00e9licie<\/em><strong> domicili\u00e9s \u00e0<\/strong> <em>Arnay-le-Duc<\/em>, <strong>canton de<\/strong><em>Arnay-le-Duc<\/em>, <strong>d\u00e9partement de<\/strong> <em>C\u00f4te-d&rsquo;Or<\/em>.<\/p>\n<p><strong>Mari\u00e9 \u00e0 <\/strong><em>_<\/em>.<\/p>\n<hr>\n<h3>Signalement :<\/h3>\n<strong>Cheveux<\/strong> <em>ch\u00e2tains<\/em>, <strong>yeux<\/strong> <em>gris<\/em>,<br>\n<strong>front<\/strong> <em>ordinare<\/em>, <strong>nez<\/strong> <em>moyen<\/em>,<br>\n<strong>visage<\/strong> <em>ovale<\/em>, <strong>renseignements physionomiques<br>\ncompl\u00e9mentaires :<\/strong> <em>_<\/em>.<br>\n<strong>Taille :<\/strong> <em>1<\/em> <strong>m\u00e8tre<\/strong><em>74<\/em> <strong>centim\u00e8tres. Taille rectifi\u00e9e :<\/strong> <em>1<\/em> <br><strong>m\u00e8tre<\/strong> <em> <\/em> <strong>centim\u00e8tres.<\/strong><br>\n<strong>Marques particuli\u00e8res : <\/strong><em>_<\/em><br>\n<strong>Degr\u00e9 d\u2019instruction g\u00e9n\u00e9rale : <\/strong><em>2<\/em>.<\/p>\n<hr>\n<h3>D\u00e9cision du conseil de r\u00e9vision et motifs :<\/h3>\n<p><strong>Inscrit sous le n\u00b0<\/strong><em>62<\/em> <strong>de la liste du canton d&rsquo;<\/strong><em>Arnay-le-Duc<\/em><br>\n<strong>Class\u00e9 dans la<\/strong> <em>3e<\/em> <strong>partie de la liste en 19<\/strong><em>14<\/em>.<\/p>\n<hr>\n<h3>Corps d\u2019affectation \/ Num\u00e9ros au contr\u00f4le sp\u00e9cial \u2013 matricule ou au r\u00e9pertoire<\/h3>\n<p><strong>Dans l\u2019arm\u00e9e active :<\/strong> <em>1er R\u00e9giment de Zouaves &#8211; 9562<br>\n35e R\u00e9giment d&rsquo;Infanterie &#8211; 10186<\/em><br>\n<strong>Disponibilit\u00e9 et r\u00e9serve de l\u2019arm\u00e9e active :<\/strong> <em>_<\/em><br>\n<strong>Arm\u00e9e territoriale et sa r\u00e9serve :<\/strong> <em>_<\/em>.<\/p>\n<hr>\n<h3>D\u00e9tail des services et mutations diverses.<\/h3>\n<p><em>Engag\u00e9 volontaire pour cinq ans \u00e0 la mairie d&rsquo;Autun (Sa\u00f4ne-et-Loire) le 7 avril 1913. Incorpor\u00e9 \u00e0 compter du dit jour. Arriv\u00e9 au corps le 9 avril 1913. R\u00e9form\u00e9 n\u00b02 par la Commission sp\u00e9ciale de R\u00e9forme d&rsquo;Oran du 8 mai 1914 pour \u00ab\u00a0confusion mentale\u00a0\u00bb. Pris bon service arm\u00e9 par le conseil de r\u00e9vision de la C\u00f4te-d&rsquo;Or d&rsquo;octobre 1914. (D\u00e9cret du 9 septembre 1914 et arr\u00eat\u00e9 du 11 septembre 1914.) Incorpor\u00e9 \u00e0 compter du 27 octobre 1914. Arriv\u00e9 au corps ledit jour. Disparu le 10 juin 1915 \u00e0 Enschingen. Pr\u00e9sum\u00e9 prisonnier <ins>D\u00e9c\u00e8s fix\u00e9<\/ins> au 10 juin 1915 par jugement d\u00e9claratif de d\u00e9c\u00e8s rendu par le tribunal de Beaune le 29 avril 1921. Avis du Ministre des Pensions du 22 juin 1921<\/em>.<\/p>\n<hr>\n<h3>Ant\u00e9c\u00e9dents judiciaires et condamnations<\/h3>\n<p><em>_<\/em>.<\/p>\n<hr>\n<h3>Campagnes<\/h3>\n<p><em>Contre l&rsquo;Allemagne du 27 octobre 1914 au 10 juin 1915<\/em>.<\/p>\n<h3>Blessures, citations, d\u00e9corations, etc.<\/h3>\n<p><em>M\u00e9daille Militaire par d\u00e9cret du 5\/7\/20. Journal Officiel du 17\/9\/22 \u00ab\u00a0Brave soldat a \u00e9t\u00e9 mortellement frapp\u00e9 le 10\/6\/1915 au court des combats livr\u00e9s en Alsace. Croix de guerre avec \u00e9toile de bronze.<\/em>.<\/p>\n<hr>\n<h3>Localit\u00e9s successives habit\u00e9es<br>par suite de changements de domicile ou de r\u00e9sidence<\/h3>\n<strong>Dates \/ Communes \/ Subdivisions de r\u00e9gion \/ D : Domicile, R : R\u00e9sidence<\/strong>\n<p><em>_<\/em>.<\/p>\n<hr>\n<h3>P\u00e9riodes d&rsquo;exercices<\/h3>\n<strong>R\u00e9serve : 1<sup>re<\/sup> dans le<\/strong><em>_,<\/em> <strong>du<\/strong> <em>_<\/em> <strong>au<\/strong> <em><\/em><\/strong>.<br>\n<strong>R\u00e9serve : 2<sup>e<\/sup> dans le<\/strong><em>_,<\/em> <strong>du<\/strong> <em>_<\/em> <strong>au<\/strong> <em>_<\/em><\/strong>.<br>\n<strong>Arm\u00e9e territoriale :<\/strong><\/em>_<\/em>.<br>\n<strong>Sp\u00e9ciales aux hommes du service de garde des voies de communication :<\/strong><\/em>_<\/em>.<br>\n<hr>\n<h3>\u00c9poque \u00e0 laquelle l\u2019homme doit passer dans :<\/h3>\n<p><strong>La r\u00e9serve de l\u2019arm\u00e9e active :<\/strong><em>7 avril 1918<\/em><br>\n<strong>L\u2019arm\u00e9e territoriale :<\/strong><em>1er octobre 1926<\/em><br>\n<strong>La r\u00e9serve de l\u2019arm\u00e9e territoriale : <\/strong><em>1er octobre 1933<\/em><br>\n<strong>Date de la lib\u00e9ration du service militaire :<\/strong><em>7 avril 1940<\/em><\/p>\n<\/div><p>[<a href=\"https:\/\/archives.cotedor.fr\/v2\/ark:\/71137\/gad3e448b3a334c6b22a3fb91fe93cd7e\/c1d732dd21fee78bcced73178479e58b\/895\/ZnJhZDAyMV9yMjUwNl8wODk1LmpwZw==\" target=\"_blank\" rel=\"noreferrer noopener\">Lien vers le document original<\/a>]<\/p><h1 class=\"wp-block-heading\" id=\"transcription-deces\">Transcription d\u00e9c\u00e8s<\/h1><div class=\"wp-block-group is-layout-flow wp-block-group-is-layout-flow\"><p class=\"has-text-align-center\"><em>N\u00b024<\/em><\/p>\n\n<p class=\"has-text-align-center\"><em>Transcription du jugement d\u00e9claratif de d\u00e9cys<br>de Gilbert-Fr\u00e9d\u00e9ric Grandjean<br>\u2018\u2019Mort pour la France\u2019\u2019<br>le 10 juin 1915<br>&#8212;<br>Du 23 mai 1921<\/em><\/p>\n\n<p class=\"has-text-align-center\">&#8212;<\/p><\/div><p>Vu la signification \u00e0 nous faite le vingt-trois mai mil neuf cent-vingt-un, de l\u2019exp\u00e9dition d\u2019un jugement rendu par le tribunal civil de Beaune le vingt-neuf avril mil neuf cent-vingt-un, nous transcrivons ici le dispositif dudit jugement. \u2013 Par ces motifs, d\u00e9clare constant le d\u00e9c\u00e8s de Grandjean Gilbert-Fr\u00e9d\u00e9ric, n\u00e9 le trente-un mail mil huit cent quatre-vingt-quatorze, \u00e0 Arnay-le-Duc, de Fran\u00e7ois Eug\u00e8ne et Prost Jeanne F\u00e9licie, c\u00e9libataire, soldat au deux-cent-trente-cinqui\u00e8me r\u00e9giment d\u2019Infanterie \u2018\u2019Mort pour la France\u2019\u2019 le dix juin mil neuf cent-quinze, \u00e0 Enchingen (Alsace). \u2013 Dit que le pr\u00e9sent jugement sera transcrit sur les registres de l\u2019Etat Civil de la commune d\u2019Arnay-le-Duc, dernier domicile du soldat Grandjean, et qu\u2019il sera fait mention dudit jugement et de sa transcription en marge des registres \u00e0 la date du d\u00e9c\u00e8s. \u2013 Jug\u00e9 et prononc\u00e9 le vingt-neuf avril mil neuf cent-vingt-un \u00e0 l\u2019audience publique civile du tribunal de premi\u00e8re Instance de Beaune (C\u00f4te-d\u2019Or) om si\u00e9geaient Messieurs Galopin-Labaly, Pr\u00e9sident, Lamotte et Courtois, juges, en pr\u00e9sence de M<sup>r<\/sup>. Malo, Procureur de la R\u00e9publique, assist\u00e9s de M<sup>r<\/sup>. Mugniot commis greffier. \u2013 Sign\u00e9&nbsp;: Galopin-Labaly, Mugniot.<br>Transcrit le vingt-trois mai mil neuf cent-vingt-un, quatorze heures, par nous Georges, officier d\u2019acad\u00e9mie, maire d\u2019Arnay-le-Duc.<br>[Signature] Georges<\/p><p>[<a href=\"https:\/\/archives.cotedor.fr\/v2\/ark:\/71137\/g6d0b82d4863f8eb85633e62351b4db11\/fe9bc241f2369c4d1ccac4c4e48c6bc5\/37\/ZnJhZDAyMV8wMjZfMmUwMjZhcnQwMzhfMDAzNy5qcGc=\" target=\"_blank\" rel=\"noreferrer noopener\">Lien vers le document original<\/a>]<\/p><h1 class=\"wp-block-heading\" id=\"donnees-additionnelles\">Donn\u00e9es additionnelles<\/h1><p>Son deuxi\u00e8me pr\u00e9nom est F\u00e9lix sur l\u2019acte de naissance, sa fiche matricule, et sur le recensement de 1911 alors qu\u2019il est Fr\u00e9d\u00e9ric sur la transcription du jugement de 1921.<\/p><p>Gilbert Grandjean est pr\u00e9sent sur le recensement de 1911 aux c\u00f4t\u00e9s de ses parents, Fran\u00e7ois et Jeanne, et de sa s\u0153ur Marie n\u00e9e en 1899. Ils habitent rue Saulnier. Il s\u2019engage volontairement pour l\u2019arm\u00e9e deux ans plus tard, devan\u00e7ant ainsi son appel sous les drapeaux.<\/p><p>Sa premi\u00e8re affectation est au 1<sup>er<\/sup> r\u00e9giment de zouaves, alors en Alg\u00e9rie. Il est r\u00e9form\u00e9 le 8 mai 1914 pour \u00ab&nbsp;confusion mentale&nbsp;\u00bb, terme employ\u00e9 sur sa fiche matricule mais qui permet difficilement d\u2019\u00e9valuer la condition dans laquelle Gilbert Grandjean se trouve. En revanche, un article de presse locale nous apprend que le soldat Grandjean est rentr\u00e9 \u00e0 Arnay-le-Duc peu de temps apr\u00e8s sa r\u00e9forme, et confirme qu\u2019il souffrait d\u2019une certaine condition m\u00e9dicale ou d\u2019un mal-\u00eatre. Le 23 juin 1914, le <em>Journal de Beaune<\/em> publie&nbsp;:<\/p><blockquote class=\"wp-block-quote is-layout-flow wp-block-quote-is-layout-flow\"><p>Voleur et d\u00e9nicheur.<br>Arnay-le-Duc. \u2013 Grandjean Gilbert, 20 ans, journalier \u00e0 Arnay-le-Duc se rendit le 15 juin aupr\u00e8s de son camarade Bidault. Ce dernier \u00e9tait encore au lit. Grandjean s\u2019assit sur la chaise o\u00f9 se trouvaient les effets de son ami et d\u2019une main preste s\u2019empara du portemonnaie contenant 3 fr., qui \u00e9tait dans la poche du pantalon. Grandjean sortit ensuite, loua une bicyclette et alla se promener dans les bois de Longecourt. Grandjean ne para\u00eet pas jouir de la pl\u00e9nitude de ses facult\u00e9s. 15 jours de prison (sursis).<br>Au moment de son arrestation, il fut trouv\u00e9 porteur de 2 merles qu\u2019il reconnut avoir d\u00e9nich\u00e9 dans les bois de Longecourt. Ce qui lui vaut une 2<sup>e<\/sup> condamnation \u00e0 100 fr. d\u2019amende avec sursis pour infraction \u00e0 l\u2019art. 11 de la loi du 3 mai 1844.<\/p><cite> <p>(1)<\/p><\/cite><\/blockquote><h1 class=\"wp-block-heading\" id=\"sources\">Sources<\/h1><ul class=\"wp-block-list\"><li><em>A.D. de la C\u00f4te-d\u2019Or, \u00e9tat civil num\u00e9rise Arnay-le-Duc 1893-1896 (FRADO21EC 26\/036), Grandjean Gilbert F\u00e9lix, n\u00b057, 1894, <a href=\"https:\/\/archives.cotedor.fr\/v2\/ark:\/71137\/gf186e0b8f0583928ea2789657645f0fe\/22410f9dc24e1609ca592d3518ae2326\/87\/ZnJhZDAyMV8wMjZfMmUwMjZhcnQwMzJfMDA4Ny5qcGc=\">vue 87\/272<\/a>.<\/em><\/li><li><em>A.D. de la C\u00f4te-d\u2019Or, recrutement militaire (1867-1940)<\/em>, <em>classe 1914, bureau d\u2019Auxonne (R 2506), <a href=\"https:\/\/archives.cotedor.fr\/v2\/ark:\/71137\/gad3e448b3a334c6b22a3fb91fe93cd7e\/c1d732dd21fee78bcced73178479e58b\/895\/ZnJhZDAyMV9yMjUwNl8wODk1LmpwZw==\">vue 895\/1104<\/a>.<\/em><\/li><li><em>A.D. de la C\u00f4te-d\u2019Or, \u00e9tat civil num\u00e9ris\u00e9<\/em>, <em>Arnay-le-Duc 1921 \u2013 1926 (FRADO21EC 26\/042), Grandjean Gilbert-Fr\u00e9d\u00e9ric (transcription), n\u00b025, 1921, <a href=\"https:\/\/archives.cotedor.fr\/v2\/ark:\/71137\/g6d0b82d4863f8eb85633e62351b4db11\/fe9bc241f2369c4d1ccac4c4e48c6bc5\/37\/ZnJhZDAyMV8wMjZfMmUwMjZhcnQwMzhfMDAzNy5qcGc=\">vues 37-38\/304<\/a>.<\/em><\/li><li>(1) (23 juin 1914), \u00ab\u00a0Voleur et d\u00e9nicheur\u00a0\u00bb in <em>Journal de Beaune<\/em>, p. 3 [En ligne] disponible sur <em><a href=\"https:\/\/www.retronews.fr\/journal\/journal-de-beaune\/23-juin-1914\/3202\/4977020\/3?from=%2Fsearch%23allTerms%3Dgrandjean%2520arnay%26sort%3Dscore%26publishedBounds%3Dfrom%26indexedBounds%3Dfrom%26page%3D1%26searchIn%3Dall%26total%3D528&amp;index=2\">Retronews<\/a><\/em>.<\/li><\/ul>","protected":false},"excerpt":{"rendered":"<p>GRANDJEAN Gilbert F\u00e9lix \u00a4 31 mai 1894 \u00e0 Arnay-le-Duc\u2020 10 juin 1915 \u00e0 Saint-Bernard (Haut-Rhin)Soldat \u2013 235e r\u00e9giment d\u2019infanterie \u2013 21 ansTu\u00e9 \u00e0 l&rsquo;ennemiMort pour [&#8230;]<\/p>\n","protected":false},"author":2,"featured_media":0,"parent":0,"menu_order":0,"comment_status":"closed","ping_status":"closed","template":"","meta":{"footnotes":""},"class_list":["post-316","page","type-page","status-publish","hentry"],"yoast_head":"<!-- This site is optimized with the Yoast SEO plugin v25.6 - https:\/\/yoast.com\/wordpress\/plugins\/seo\/ -->\n<title>GRANDJEAN Gilbert F\u00e9lix - Arnay-le-Duc 1914-1918<\/title>\n<meta name=\"robots\" content=\"index, follow, max-snippet:-1, max-image-preview:large, max-video-preview:-1\" \/>\n<link rel=\"canonical\" href=\"https:\/\/alisteraldridge.fr\/arnay1418\/grandjean-gilbert-felix\/\" \/>\n<meta property=\"og:locale\" content=\"fr_FR\" \/>\n<meta property=\"og:type\" content=\"article\" \/>\n<meta property=\"og:title\" content=\"GRANDJEAN Gilbert F\u00e9lix - Arnay-le-Duc 1914-1918\" \/>\n<meta property=\"og:description\" content=\"GRANDJEAN Gilbert F\u00e9lix \u00a4 31 mai 1894 \u00e0 Arnay-le-Duc\u2020 10 juin 1915 \u00e0 Saint-Bernard (Haut-Rhin)Soldat \u2013 235e r\u00e9giment d\u2019infanterie \u2013 21 ansTu\u00e9 \u00e0 l&rsquo;ennemiMort pour [...]\" \/>\n<meta property=\"og:url\" content=\"https:\/\/alisteraldridge.fr\/arnay1418\/grandjean-gilbert-felix\/\" \/>\n<meta property=\"og:site_name\" content=\"Arnay-le-Duc 1914-1918\" \/>\n<meta name=\"twitter:card\" content=\"summary_large_image\" \/>\n<meta name=\"twitter:label1\" content=\"Dur\u00e9e de lecture estim\u00e9e\" \/>\n\t<meta name=\"twitter:data1\" content=\"7 minutes\" \/>\n<script type=\"application\/ld+json\" class=\"yoast-schema-graph\">{\"@context\":\"https:\/\/schema.org\",\"@graph\":[{\"@type\":\"WebPage\",\"@id\":\"https:\/\/alisteraldridge.fr\/arnay1418\/grandjean-gilbert-felix\/\",\"url\":\"https:\/\/alisteraldridge.fr\/arnay1418\/grandjean-gilbert-felix\/\",\"name\":\"GRANDJEAN Gilbert F\u00e9lix - Arnay-le-Duc 1914-1918\",\"isPartOf\":{\"@id\":\"https:\/\/alisteraldridge.fr\/arnay1418\/#website\"},\"datePublished\":\"2022-01-24T16:19:48+00:00\",\"breadcrumb\":{\"@id\":\"https:\/\/alisteraldridge.fr\/arnay1418\/grandjean-gilbert-felix\/#breadcrumb\"},\"inLanguage\":\"fr-FR\",\"potentialAction\":[{\"@type\":\"ReadAction\",\"target\":[\"https:\/\/alisteraldridge.fr\/arnay1418\/grandjean-gilbert-felix\/\"]}]},{\"@type\":\"BreadcrumbList\",\"@id\":\"https:\/\/alisteraldridge.fr\/arnay1418\/grandjean-gilbert-felix\/#breadcrumb\",\"itemListElement\":[{\"@type\":\"ListItem\",\"position\":1,\"name\":\"Home\",\"item\":\"https:\/\/alisteraldridge.fr\/arnay1418\/\"},{\"@type\":\"ListItem\",\"position\":2,\"name\":\"GRANDJEAN Gilbert F\u00e9lix\"}]},{\"@type\":\"WebSite\",\"@id\":\"https:\/\/alisteraldridge.fr\/arnay1418\/#website\",\"url\":\"https:\/\/alisteraldridge.fr\/arnay1418\/\",\"name\":\"Arnay-le-Duc 1914-1918\",\"description\":\"Histoire d&#039;une ville bourguignonne pendant la Premi\u00e8re Guerre mondiale\",\"potentialAction\":[{\"@type\":\"SearchAction\",\"target\":{\"@type\":\"EntryPoint\",\"urlTemplate\":\"https:\/\/alisteraldridge.fr\/arnay1418\/?s={search_term_string}\"},\"query-input\":{\"@type\":\"PropertyValueSpecification\",\"valueRequired\":true,\"valueName\":\"search_term_string\"}}],\"inLanguage\":\"fr-FR\"}]}<\/script>\n<!-- \/ Yoast SEO plugin. -->","yoast_head_json":{"title":"GRANDJEAN Gilbert F\u00e9lix - Arnay-le-Duc 1914-1918","robots":{"index":"index","follow":"follow","max-snippet":"max-snippet:-1","max-image-preview":"max-image-preview:large","max-video-preview":"max-video-preview:-1"},"canonical":"https:\/\/alisteraldridge.fr\/arnay1418\/grandjean-gilbert-felix\/","og_locale":"fr_FR","og_type":"article","og_title":"GRANDJEAN Gilbert F\u00e9lix - Arnay-le-Duc 1914-1918","og_description":"GRANDJEAN Gilbert F\u00e9lix \u00a4 31 mai 1894 \u00e0 Arnay-le-Duc\u2020 10 juin 1915 \u00e0 Saint-Bernard (Haut-Rhin)Soldat \u2013 235e r\u00e9giment d\u2019infanterie \u2013 21 ansTu\u00e9 \u00e0 l&rsquo;ennemiMort pour [...]","og_url":"https:\/\/alisteraldridge.fr\/arnay1418\/grandjean-gilbert-felix\/","og_site_name":"Arnay-le-Duc 1914-1918","twitter_card":"summary_large_image","twitter_misc":{"Dur\u00e9e de lecture estim\u00e9e":"7 minutes"},"schema":{"@context":"https:\/\/schema.org","@graph":[{"@type":"WebPage","@id":"https:\/\/alisteraldridge.fr\/arnay1418\/grandjean-gilbert-felix\/","url":"https:\/\/alisteraldridge.fr\/arnay1418\/grandjean-gilbert-felix\/","name":"GRANDJEAN Gilbert F\u00e9lix - Arnay-le-Duc 1914-1918","isPartOf":{"@id":"https:\/\/alisteraldridge.fr\/arnay1418\/#website"},"datePublished":"2022-01-24T16:19:48+00:00","breadcrumb":{"@id":"https:\/\/alisteraldridge.fr\/arnay1418\/grandjean-gilbert-felix\/#breadcrumb"},"inLanguage":"fr-FR","potentialAction":[{"@type":"ReadAction","target":["https:\/\/alisteraldridge.fr\/arnay1418\/grandjean-gilbert-felix\/"]}]},{"@type":"BreadcrumbList","@id":"https:\/\/alisteraldridge.fr\/arnay1418\/grandjean-gilbert-felix\/#breadcrumb","itemListElement":[{"@type":"ListItem","position":1,"name":"Home","item":"https:\/\/alisteraldridge.fr\/arnay1418\/"},{"@type":"ListItem","position":2,"name":"GRANDJEAN Gilbert F\u00e9lix"}]},{"@type":"WebSite","@id":"https:\/\/alisteraldridge.fr\/arnay1418\/#website","url":"https:\/\/alisteraldridge.fr\/arnay1418\/","name":"Arnay-le-Duc 1914-1918","description":"Histoire d&#039;une ville bourguignonne pendant la Premi\u00e8re Guerre mondiale","potentialAction":[{"@type":"SearchAction","target":{"@type":"EntryPoint","urlTemplate":"https:\/\/alisteraldridge.fr\/arnay1418\/?s={search_term_string}"},"query-input":{"@type":"PropertyValueSpecification","valueRequired":true,"valueName":"search_term_string"}}],"inLanguage":"fr-FR"}]}},"featured_image_src":null,"jetpack_sharing_enabled":true,"_links":{"self":[{"href":"https:\/\/alisteraldridge.fr\/arnay1418\/wp-json\/wp\/v2\/pages\/316"}],"collection":[{"href":"https:\/\/alisteraldridge.fr\/arnay1418\/wp-json\/wp\/v2\/pages"}],"about":[{"href":"https:\/\/alisteraldridge.fr\/arnay1418\/wp-json\/wp\/v2\/types\/page"}],"author":[{"embeddable":true,"href":"https:\/\/alisteraldridge.fr\/arnay1418\/wp-json\/wp\/v2\/users\/2"}],"replies":[{"embeddable":true,"href":"https:\/\/alisteraldridge.fr\/arnay1418\/wp-json\/wp\/v2\/comments?post=316"}],"version-history":[{"count":0,"href":"https:\/\/alisteraldridge.fr\/arnay1418\/wp-json\/wp\/v2\/pages\/316\/revisions"}],"wp:attachment":[{"href":"https:\/\/alisteraldridge.fr\/arnay1418\/wp-json\/wp\/v2\/media?parent=316"}],"curies":[{"name":"wp","href":"https:\/\/api.w.org\/{rel}","templated":true}]}}