{"id":274,"date":"2022-01-18T06:02:48","date_gmt":"2022-01-18T06:02:48","guid":{"rendered":"https:\/\/arnay1418.rarebook-ubfc.fr\/?page_id=274"},"modified":"2024-02-17T08:04:38","modified_gmt":"2024-02-17T08:04:38","slug":"isaac-victor","status":"publish","type":"page","link":"https:\/\/alisteraldridge.fr\/arnay1418\/isaac-victor\/","title":{"rendered":"ISAAC Victor"},"content":{"rendered":"<p class=\"has-text-align-center has-large-font-size\"><strong>ISAAC <\/strong>Victor<\/p><p class=\"has-text-align-center\">\u00a4 3 juin 1884 \u00e0 Arnay-le-Duc<br>\u2020 5 septembre 1914 \u00e0 Vallois (Meurthe-et-Moselle)<br>2<sup>e<\/sup> classe \u2013 10<sup>e<\/sup> r\u00e9giment d\u2019infanterie \u2013 30 ans<br>Tu\u00e9 \u00e0 l&rsquo;ennemi<br>Mort pour la France<\/p><hr class=\"wp-block-separator has-text-color has-black-color has-css-opacity has-black-background-color has-background is-style-wide\"\/><h1 class=\"wp-block-heading\" id=\"acte-de-naissance\">Acte de naissance<\/h1><p class=\"has-text-align-center\"><em>N\u00b074<\/em><\/p><p class=\"has-text-align-center\"><em>Acte de naissance<br>de<br>Isaac, Victor<br>(enfant naturel reconnu par le p\u00e8re)<br>du 4 juin 1884<br>&#8212;<\/em><\/p><div class=\"wp-block-group is-layout-flow wp-block-group-is-layout-flow\"><p>L\u2019an mil huit cent quatre-vingt-quatre, le quatre juin \u00e0 neuf heures du matin, Pardevant nous Vollot, Antoine Fran\u00e7ois, Maire, officier de l\u2019\u00e9tat civil de la ville d\u2019Arnay-le-Duc, chef-lieu du canton, arrondissement de Beaune, d\u00e9partement de la C\u00f4te-d\u2019Or, a comparu le sieur Isaac, Charles, \u00e2g\u00e9 de vingt-quatre ans, ouvrier en limes domicili\u00e9 \u00e0 Arnay-le-Duc, c\u00e9libataire, lequel nous a pr\u00e9sent\u00e9 un enfant du sexe masculin dont il nous a d\u00e9clar\u00e9 se reconna\u00eetre le p\u00e8re et qu\u2019il nous a dit \u00eatre n\u00e9 hier \u00e0 dix heures du matin au domicile du sieur Juillet, Aimable Joseph, ouvrier en limes, domicili\u00e9 \u00e0 Arnay-le-Duc, rue Saint-Honor\u00e9, de Juillet Marie, \u00e2g\u00e9e de dix-neuf ans, ouvri\u00e8re en limes, domicili\u00e9e \u00e0 Arnay, c\u00e9libataire, fille de Juillet Aimable Joseph, sus-nomm\u00e9 &amp; de feue Rougeot, Marie Annette, et auquel enfant il a d\u00e9clar\u00e9 donner le pr\u00e9nom de Victor. Cette pr\u00e9sentation et ces d\u00e9claration et reconnaissance ont \u00e9t\u00e9 faites en pr\u00e9sence des sieurs Hugot, Fran\u00e7ois, \u00e2g\u00e9 de trente-sept ans, ouvrier en limes, et Stassard, Albert, \u00e2g\u00e9 de vingt-neuf ans, ouvrier en limes, tous deux domicili\u00e9s \u00e0 Arnay-le-Duc et ont le p\u00e8re de l\u2019enfant et les t\u00e9moins sign\u00e9 avec nous le pr\u00e9sent acte de naissance apr\u00e8s lecture.<br>[Signatures] Isaac \/ Hugot \/ Stassard \/ A. Vollot<br>[Mention marginale] Par acte de mariage c\u00e9l\u00e9br\u00e9 en la mairie de cette ville, le trente de ce mois, les \u00e9poux Isaac Charles et Juillet Marie ont l\u00e9gitim\u00e9 Isaac Victor, enfant dont la naissance est constat\u00e9e dans l\u2019acte ci-contre. Beaune le 3 juin 1885. Le commis greffier.<\/p><\/div><h1 class=\"wp-block-heading\" id=\"fiche-matricule\">Fiche matricule<\/h1><div class=\"tableFM\">\n<p><strong>Nom : <\/strong><em>Isaac<\/em><br>\n<strong>Pr\u00e9noms : <\/strong><em>Victor<\/em><br>\n<strong>Surnoms :<\/strong><em><\/em><br>\n<strong>Num\u00e9ro matricule du recrutement : <\/strong><em>1355<\/em>.<br>\n<strong>Classe de mobilisation :<\/strong><em>1904<\/em>.<\/p>\n<hr>\n<h3>\u00c9tat civil :<\/h3>\n<p><strong>N\u00e9 le<\/strong> <em>3 juin 1884<\/em>, <strong>\u00e0<\/strong> <em>Arnay-le-Duc<\/em>, <strong>canton d<\/strong><em>udit<\/em>, <strong>d\u00e9partement de<\/strong> <em>la\u00a8C\u00f4te-d&rsquo;Or<\/em>, <strong>r\u00e9sidant \u00e0<\/strong> <em>Arnay-le-Duc<\/em>, <strong>canton d<\/strong><em>udit<\/em>, d\u00e9partement de<\/strong> <em>la C\u00f4te-d&rsquo;Or<\/em>, <strong>profession d&rsquo;<\/strong><em>ouvrier en limes<\/em>, <strong>fils de<\/strong> <em>Charles<\/em><strong> et de<\/strong> <em>Juillet Marie<\/em><strong> domicili\u00e9s \u00e0<\/strong> <em>Arnay-le-Duc<\/em>, <strong>canton d<\/strong><em>udit<\/em>, <strong>d\u00e9partement de<\/strong> <em>la C\u00f4te-d&rsquo;Or<\/em>.<\/p>\n<p><strong>N\u00b0<\/strong><em>87<\/em> <strong>de tirage dans le canton d<\/strong><em>&lsquo;Arnay-le-Duc<\/em>.<\/p>\n<hr>\n<h3>Signalement :<\/h3>\n<strong>Cheveux<\/strong> <em>et<\/em>, <strong>sourcils<\/strong> <em>blonds<\/em>,<br>\n<strong>yeux<\/strong> <em>bleus<\/em>, <strong>front<\/strong> <em>ordinaire<\/em>,<br>\n<strong>nez<\/strong> <em>moyen<\/em>, <strong>bouche<\/strong> <em>moyenne<\/em>,<br>\n<strong>menton<\/strong> <em>rond<\/em>, <strong>visage<\/strong> <em>ovale<\/em>,<br>\n<strong>Taille :<\/strong> <em>1<\/em><strong>m<\/strong><em>52<\/em> <strong>cent. Taille rectifi\u00e9e :<\/strong> <em>_<\/em><br><strong>m<\/strong><em>_<\/em> <strong>cent.<\/strong><br>\n<strong>Marques particuli\u00e8res : <\/strong><em><\/em><br>\n<strong>Degr\u00e9 d\u2019instruction g\u00e9n\u00e9rale : <\/strong><em>3<\/em>.<\/p>\n<hr>\n<h3>D\u00e9cision du conseil de r\u00e9vision et motifs :<\/h3>\n<p><em>Bon<\/em>.<\/p>\n<p><strong>Compris dans la<\/strong> <em>1\u00b0<\/em> <strong>partie de la liste du recrutement cantonal (<\/strong><em>_____<\/em><strong>\u00b0 portion)<\/strong><\/p>\n<hr>\n<h3>Corps d\u2019affectation \/ Num\u00e9ros au contr\u00f4le sp\u00e9cial \u2013 matricule ou au r\u00e9pertoire<\/h3>\n<p><strong>Dans l\u2019arm\u00e9e active :<\/strong> <em>10e R\u00e9giment d&rsquo;Infanterie<\/em><br>\n<strong>Disponibilit\u00e9 et r\u00e9serve de l\u2019arm\u00e9e active :<\/strong> <em>R\u00e9giment d&rsquo;Infanterie &#8211; 017404<\/em><\/p>.\n<hr>\n<h3>D\u00e9tail des services et mutations diverses.\n(Campagnes, blessures, actions d&rsquo;\u00e9clat, d\u00e9corations, etc.)<\/h3>\n<p><em>Condamn\u00e9 par le tribunal de Beaune, le 23 Ao\u00fbt 1902, \u00e0 1 franc d&rsquo;amende pour p\u00eache sans autorisation.<br>\nIncorpor\u00e9 au 10e R\u00e9giment d&rsquo;Infanterie \u00e0 compter du 9 octobre 1905. Arriv\u00e9 au corps et soldat de 2e classe le dit jour. Immatricul\u00e9 sous le n\u00b06039. Envoy\u00e9 dans la disponibilit\u00e9 le 28 septembre 1907 &#8211; circulaire minist\u00e9rielle au 9 septembre 1907.<br>\nCertificat de bonne conduite \u00ab\u00a0accord\u00e9\u00a0\u00bb<\/em>.<\/p>\n<strong>Pass\u00e9 dans la <\/strong><em>_<\/em> <strong>de l\u2019arm\u00e9e active le <\/strong><em>_<\/em>.<p>\n<hr>\n<h3>Dans la disponibilit\u00e9 ou dans la r\u00e9serve de l\u2019arm\u00e9e active.<\/h3>\n<p><em>Affect\u00e9 au R\u00e9giment d&rsquo;Infanterie stationn\u00e9 \u00e0 Auxonne.<br>\nRappel\u00e9 \u00e0 l&rsquo;activit\u00e9. Mobilisation g\u00e9n\u00e9rale du 2 ao\u00fbt 1914. Arriv\u00e9 au Corps le 14 ao\u00fbt 1914. Disparu du 5 septembre 1914 \u00e0 Vallois (Meurthe-et-Moselle).<br>\nAvis minist\u00e9riel du 24 juin 1916 (n\u00b0 F.T. 7590)<br>\nCampagne contre l&rsquo;Allemagne du 4 ao\u00fbt 1914 au 5 septembre 1914<\/em>.<\/p>\n<p><strong>A accompli une 1<sup>re<\/sup> p\u00e9riode d\u2019exercice dans l<\/strong><em>e 10e R\u00e9giment d&rsquo;Infanterie<\/em> <strong>du<\/strong> <em>21 ao\u00fbt<\/em> <strong>au<\/strong> <em>12 septembre 1910<\/em><\/strong>.<br>\n<strong>A accompli une 2<sup>e<\/sup> p\u00e9riode d\u2019exercices dans l<\/strong><em>e 10e R\u00e9giment d&rsquo;Infanterie<\/em> <strong>du<\/strong> <em>13<\/em><strong>au <em>29 avril 1912<\/em><\/strong>.<br>\n<strong>Pass\u00e9 dans l\u2019arm\u00e9e territoriale le <em>_<\/em><\/strong><\/p>\n<hr>\n<h3>Dans l\u2019arm\u00e9e territoriale\net dans sa r\u00e9serve.<\/h3>\n<p><em>_<\/em>.<\/p>\n<hr>\n<h3>Localit\u00e9s successives habit\u00e9es<br>par suite de changements de domicile ou de r\u00e9sidence<\/h3>\n<strong>Dates \/ Communes \/ Subdivisions de r\u00e9gion \/ D : Domicile, R : R\u00e9sidence<\/strong>\n<p><em>&#8211; 3 Mai 1914 \/ Pacy-sur-Eure \/ Evreux \/ R<\/em><\/p>\n<hr>\n<h3>\u00c9poque \u00e0 laquelle l\u2019homme doit passer dans :<\/h3>\n<p><strong>La disponibilit\u00e9 de l\u2019arm\u00e9e active :<\/strong><em>_<\/em><br>\n<strong>La r\u00e9serve de l\u2019arm\u00e9e active :<\/strong><em>1 octobre 1908<\/em><br>\n<strong>L\u2019arm\u00e9e territoriale :<\/strong><em>1 octobre 1918<\/em><br>\n<strong>La r\u00e9serve de l\u2019arm\u00e9e territoriale : <\/strong><em>1 octobre <del>1924<\/del>1925<\/em><br>\n<strong>Date de la lib\u00e9ration du service militaire :<\/strong><em>1 octobre <del>1930<\/del>1932<\/em><\/p>\n<\/div><h1 class=\"wp-block-heading\" id=\"deces\">D\u00e9c\u00e8s<\/h1><div class=\"wp-block-group is-layout-flow wp-block-group-is-layout-flow\"><p class=\"has-text-align-center\"><em>N\u00b063<\/em><\/p>\n\n<p class=\"has-text-align-center\"><em>Transcription du jugement constatant le d\u00e9c\u00e8s de<br><strong>Isaac <\/strong>Victor<br>d\u00e9c\u00e9d\u00e9 le 5septembre 1914<br>&#8212;<br>du 14 juillet 1920<br>&#8212;<\/em><\/p><\/div><p>Vu la signification \u00e0 nous faite le quatorze juillet mil neuf cent vingt, de l\u2019exp\u00e9dition d\u2019un jugement rendu par le Tribunal Civil de Beaune \u00e0 la date du vingt-six juin mil neuf cent vingt, nous transcrivons ici le dispositif dudit jugement \u2013 Par ces motifs&nbsp;: d\u00e9clare constant le d\u00e9c\u00e8s de Isaac Victor, n\u00e9 le trois juin mil huit cent quatre-vingt-quatre, \u00e0 Arnay-le-Duc, de Charles et de Juillet Marie G\u00e9n\u00e9reuse, c\u00e9libataire, soldat au dixi\u00e8me r\u00e9giment d\u2019Infanterie, \u2018\u2019mort pour la France\u2019\u2019 le cinq septembre mil neuf cent quatorze, au combat de Vallois (Meurthe et Moselle). Dit que le pr\u00e9sent jugement sera transcrit sur les registres d\u2019Etat Civil de la commune d\u2019Arnay-le-Duc dernier domicile du soldat Isaac et qu\u2019il sera fait mention dudit jugement et de sa transcription en marge des registres \u00e0 la date du d\u00e9c\u00e8s. Jug\u00e9 et prononc\u00e9 le vingt-six juin mil neuf cent vingt, \u00e0 l\u2019audience publique civil du Tribunal de premi\u00e8re instance de Beaune (C\u00f4te-d\u2019Or) o\u00f9 si\u00e9geaient messieurs Galopin-Labrely, Pr\u00e9sident, Lavirotte et Courtois, juges, en pr\u00e9sence de M<sup>r<\/sup> Mal\u00f4, Procureur de la R\u00e9publique, assist\u00e9 de M<sup>r<\/sup> Mugniot, Commis greffier&nbsp;; sign\u00e9 Galopin-Labrely, Mugniot \u2013 Transcrit le quatorze juillet mil neuf cent vingt, huit heures, par nous Georges, officier d\u2019acad\u00e9mie, maire et Officier de l\u2019Etat Civil de la ville d\u2019Arnay-le-Duc.<br>[Signature] Georges<\/p><h1 class=\"wp-block-heading\" id=\"donnees-additionnelles\">Donn\u00e9es additionnelles<\/h1><p>Le soldat Isaac se trouve certainement, \u00e0 un moment ou un autre, en compagnie de ses camarades <a href=\"https:\/\/alisteraldridge.fr\/arnay1418\/camusat-jean-baptiste\" target=\"_blank\" rel=\"noreferrer noopener\">Camusat<\/a> (mars 1917), <a href=\"https:\/\/alisteraldridge.fr\/arnay1418\/croci-jules\/\" target=\"_blank\" rel=\"noreferrer noopener\">Croci<\/a> (\u2020 novembre 1914), <a href=\"https:\/\/alisteraldridge.fr\/arnay1418\/lacroix-lucien\/\" target=\"_blank\" rel=\"noreferrer noopener\">Lacroix<\/a> (\u2020 avril 1915) et <a href=\"https:\/\/alisteraldridge.fr\/arnay1418\/renaud-jean-baptiste\/\" target=\"_blank\" rel=\"noreferrer noopener\">Renaud<\/a> (\u2020 ao\u00fbt 1915) qui servent \u00e9galement au sein de ce r\u00e9giment comprenant de nombreux autres bourguignons.<\/p><h1 class=\"wp-block-heading\" id=\"sources\">Sources<\/h1><ul class=\"wp-block-list\"><li><em>A.D. de la C\u00f4te-d\u2019Or, \u00e9tat civil num\u00e9ris\u00e9<\/em>, <em>Arnay-le-Duc 1877-1885 (FRAD021EC 26\/034)), Isaac Victor, n\u00b074, 1884, <a href=\"https:\/\/archives.cotedor.fr\/v2\/ark:\/71137\/g487797fa82d609051f45e3fe428d58b0\/b03e1363feb2a9edc316cb61b964b6a3\/525\/ZnJhZDAyMV8wMjZfMm1pZWMwMjZyMDNfMDUyNS5qcGc=\">vue 525\/601<\/a>.<\/em><\/li>\n\n<li><em>A.D. de la C\u00f4te-d\u2019Or, recrutement militaire (1867-1940)<\/em>, <em>classe 1904, bureau d\u2019Auxonne (R 2399), <a href=\"https:\/\/archives.cotedor.fr\/v2\/ark:\/71137\/gdee7cd6317bdb91497ebcb89e56bb4b5\/85ce683ac937f88d950834bbfdf30fb5\/683\/ZnJhZDAyMV9yMjM5OV8wNjgzLmpwZw==\">vue 683\/814<\/a>.<\/em><\/li>\n\n<li><em>A.D. de la C\u00f4te-d\u2019Or, \u00e9tat civil num\u00e9ris\u00e9<\/em>, <em>Arnay-le-Duc 1916 \u2013 1920 (FRADO21EC 26\/041), Isaac Victor (transcription de jugement), n\u00b063, 1920, <a href=\"https:\/\/archives.cotedor.fr\/v2\/ark:\/71137\/g77c864dae582bb1df5090c4ce3b62a10\/8c2f9bcd65715cd287912f7535d81667\/295\/ZnJhZDAyMV8wMjZfMmUwMjZhcnQwMzdfMDI5NS5qcGc=\">vue 295\/329<\/a>.<\/em><\/li><\/ul>","protected":false},"excerpt":{"rendered":"<p>ISAAC Victor \u00a4 3 juin 1884 \u00e0 Arnay-le-Duc\u2020 5 septembre 1914 \u00e0 Vallois (Meurthe-et-Moselle)2e classe \u2013 10e r\u00e9giment d\u2019infanterie \u2013 30 ansTu\u00e9 \u00e0 l&rsquo;ennemiMort pour [&#8230;]<\/p>\n","protected":false},"author":2,"featured_media":0,"parent":0,"menu_order":0,"comment_status":"closed","ping_status":"closed","template":"","meta":{"footnotes":""},"class_list":["post-274","page","type-page","status-publish","hentry"],"yoast_head":"<!-- This site is optimized with the Yoast SEO plugin v25.6 - https:\/\/yoast.com\/wordpress\/plugins\/seo\/ -->\n<title>ISAAC Victor - Arnay-le-Duc 1914-1918<\/title>\n<meta name=\"robots\" content=\"index, follow, max-snippet:-1, max-image-preview:large, max-video-preview:-1\" \/>\n<link rel=\"canonical\" href=\"https:\/\/alisteraldridge.fr\/arnay1418\/isaac-victor\/\" \/>\n<meta property=\"og:locale\" content=\"fr_FR\" \/>\n<meta property=\"og:type\" content=\"article\" \/>\n<meta property=\"og:title\" content=\"ISAAC Victor - Arnay-le-Duc 1914-1918\" \/>\n<meta property=\"og:description\" content=\"ISAAC Victor \u00a4 3 juin 1884 \u00e0 Arnay-le-Duc\u2020 5 septembre 1914 \u00e0 Vallois (Meurthe-et-Moselle)2e classe \u2013 10e r\u00e9giment d\u2019infanterie \u2013 30 ansTu\u00e9 \u00e0 l&rsquo;ennemiMort pour [...]\" \/>\n<meta property=\"og:url\" content=\"https:\/\/alisteraldridge.fr\/arnay1418\/isaac-victor\/\" \/>\n<meta property=\"og:site_name\" content=\"Arnay-le-Duc 1914-1918\" \/>\n<meta property=\"article:modified_time\" content=\"2024-02-17T08:04:38+00:00\" \/>\n<meta name=\"twitter:card\" content=\"summary_large_image\" \/>\n<meta name=\"twitter:label1\" content=\"Dur\u00e9e de lecture estim\u00e9e\" \/>\n\t<meta name=\"twitter:data1\" content=\"6 minutes\" \/>\n<script type=\"application\/ld+json\" class=\"yoast-schema-graph\">{\"@context\":\"https:\/\/schema.org\",\"@graph\":[{\"@type\":\"WebPage\",\"@id\":\"https:\/\/alisteraldridge.fr\/arnay1418\/isaac-victor\/\",\"url\":\"https:\/\/alisteraldridge.fr\/arnay1418\/isaac-victor\/\",\"name\":\"ISAAC Victor - Arnay-le-Duc 1914-1918\",\"isPartOf\":{\"@id\":\"https:\/\/alisteraldridge.fr\/arnay1418\/#website\"},\"datePublished\":\"2022-01-18T06:02:48+00:00\",\"dateModified\":\"2024-02-17T08:04:38+00:00\",\"breadcrumb\":{\"@id\":\"https:\/\/alisteraldridge.fr\/arnay1418\/isaac-victor\/#breadcrumb\"},\"inLanguage\":\"fr-FR\",\"potentialAction\":[{\"@type\":\"ReadAction\",\"target\":[\"https:\/\/alisteraldridge.fr\/arnay1418\/isaac-victor\/\"]}]},{\"@type\":\"BreadcrumbList\",\"@id\":\"https:\/\/alisteraldridge.fr\/arnay1418\/isaac-victor\/#breadcrumb\",\"itemListElement\":[{\"@type\":\"ListItem\",\"position\":1,\"name\":\"Home\",\"item\":\"https:\/\/alisteraldridge.fr\/arnay1418\/\"},{\"@type\":\"ListItem\",\"position\":2,\"name\":\"ISAAC Victor\"}]},{\"@type\":\"WebSite\",\"@id\":\"https:\/\/alisteraldridge.fr\/arnay1418\/#website\",\"url\":\"https:\/\/alisteraldridge.fr\/arnay1418\/\",\"name\":\"Arnay-le-Duc 1914-1918\",\"description\":\"Histoire d&#039;une ville bourguignonne pendant la Premi\u00e8re Guerre mondiale\",\"potentialAction\":[{\"@type\":\"SearchAction\",\"target\":{\"@type\":\"EntryPoint\",\"urlTemplate\":\"https:\/\/alisteraldridge.fr\/arnay1418\/?s={search_term_string}\"},\"query-input\":{\"@type\":\"PropertyValueSpecification\",\"valueRequired\":true,\"valueName\":\"search_term_string\"}}],\"inLanguage\":\"fr-FR\"}]}<\/script>\n<!-- \/ Yoast SEO plugin. -->","yoast_head_json":{"title":"ISAAC Victor - Arnay-le-Duc 1914-1918","robots":{"index":"index","follow":"follow","max-snippet":"max-snippet:-1","max-image-preview":"max-image-preview:large","max-video-preview":"max-video-preview:-1"},"canonical":"https:\/\/alisteraldridge.fr\/arnay1418\/isaac-victor\/","og_locale":"fr_FR","og_type":"article","og_title":"ISAAC Victor - Arnay-le-Duc 1914-1918","og_description":"ISAAC Victor \u00a4 3 juin 1884 \u00e0 Arnay-le-Duc\u2020 5 septembre 1914 \u00e0 Vallois (Meurthe-et-Moselle)2e classe \u2013 10e r\u00e9giment d\u2019infanterie \u2013 30 ansTu\u00e9 \u00e0 l&rsquo;ennemiMort pour [...]","og_url":"https:\/\/alisteraldridge.fr\/arnay1418\/isaac-victor\/","og_site_name":"Arnay-le-Duc 1914-1918","article_modified_time":"2024-02-17T08:04:38+00:00","twitter_card":"summary_large_image","twitter_misc":{"Dur\u00e9e de lecture estim\u00e9e":"6 minutes"},"schema":{"@context":"https:\/\/schema.org","@graph":[{"@type":"WebPage","@id":"https:\/\/alisteraldridge.fr\/arnay1418\/isaac-victor\/","url":"https:\/\/alisteraldridge.fr\/arnay1418\/isaac-victor\/","name":"ISAAC Victor - Arnay-le-Duc 1914-1918","isPartOf":{"@id":"https:\/\/alisteraldridge.fr\/arnay1418\/#website"},"datePublished":"2022-01-18T06:02:48+00:00","dateModified":"2024-02-17T08:04:38+00:00","breadcrumb":{"@id":"https:\/\/alisteraldridge.fr\/arnay1418\/isaac-victor\/#breadcrumb"},"inLanguage":"fr-FR","potentialAction":[{"@type":"ReadAction","target":["https:\/\/alisteraldridge.fr\/arnay1418\/isaac-victor\/"]}]},{"@type":"BreadcrumbList","@id":"https:\/\/alisteraldridge.fr\/arnay1418\/isaac-victor\/#breadcrumb","itemListElement":[{"@type":"ListItem","position":1,"name":"Home","item":"https:\/\/alisteraldridge.fr\/arnay1418\/"},{"@type":"ListItem","position":2,"name":"ISAAC Victor"}]},{"@type":"WebSite","@id":"https:\/\/alisteraldridge.fr\/arnay1418\/#website","url":"https:\/\/alisteraldridge.fr\/arnay1418\/","name":"Arnay-le-Duc 1914-1918","description":"Histoire d&#039;une ville bourguignonne pendant la Premi\u00e8re Guerre mondiale","potentialAction":[{"@type":"SearchAction","target":{"@type":"EntryPoint","urlTemplate":"https:\/\/alisteraldridge.fr\/arnay1418\/?s={search_term_string}"},"query-input":{"@type":"PropertyValueSpecification","valueRequired":true,"valueName":"search_term_string"}}],"inLanguage":"fr-FR"}]}},"featured_image_src":null,"jetpack_sharing_enabled":true,"_links":{"self":[{"href":"https:\/\/alisteraldridge.fr\/arnay1418\/wp-json\/wp\/v2\/pages\/274"}],"collection":[{"href":"https:\/\/alisteraldridge.fr\/arnay1418\/wp-json\/wp\/v2\/pages"}],"about":[{"href":"https:\/\/alisteraldridge.fr\/arnay1418\/wp-json\/wp\/v2\/types\/page"}],"author":[{"embeddable":true,"href":"https:\/\/alisteraldridge.fr\/arnay1418\/wp-json\/wp\/v2\/users\/2"}],"replies":[{"embeddable":true,"href":"https:\/\/alisteraldridge.fr\/arnay1418\/wp-json\/wp\/v2\/comments?post=274"}],"version-history":[{"count":2,"href":"https:\/\/alisteraldridge.fr\/arnay1418\/wp-json\/wp\/v2\/pages\/274\/revisions"}],"predecessor-version":[{"id":2727,"href":"https:\/\/alisteraldridge.fr\/arnay1418\/wp-json\/wp\/v2\/pages\/274\/revisions\/2727"}],"wp:attachment":[{"href":"https:\/\/alisteraldridge.fr\/arnay1418\/wp-json\/wp\/v2\/media?parent=274"}],"curies":[{"name":"wp","href":"https:\/\/api.w.org\/{rel}","templated":true}]}}