{"id":257,"date":"2022-01-17T07:51:40","date_gmt":"2022-01-17T07:51:40","guid":{"rendered":"https:\/\/arnay1418.rarebook-ubfc.fr\/?page_id=257"},"modified":"2022-01-17T07:51:40","modified_gmt":"2022-01-17T07:51:40","slug":"muntz-jean","status":"publish","type":"page","link":"https:\/\/alisteraldridge.fr\/arnay1418\/muntz-jean\/","title":{"rendered":"MUNTZ Jean"},"content":{"rendered":"<div class=\"wp-block-group is-layout-flow wp-block-group-is-layout-flow\"><p class=\"has-text-align-center has-large-font-size\"><strong>MUNTZ <\/strong>Jean<\/p>\n\n<p class=\"has-text-align-center\">\u00a4 15 octobre 1888 \u00e0 Alise-Sainte-Reine (C\u00f4te-d&rsquo;Or)<br>\u2020 25 novembre 1923 \u00e0 Arnay-le-Duc<br>Chasseur &#8211; 102e bataillon de chasseurs \u00e0 pied \u2013 35 ans<br>Suites de maladie contract\u00e9e en service command\u00e9<br>Mort pour la France<br>Croix de guerre \u00e9toile de bronze<\/p><\/div><hr class=\"wp-block-separator has-alpha-channel-opacity is-style-wide\" \/><h1 class=\"wp-block-heading\" id=\"acte-de-naissance\"><em>Acte de naissance<\/em><\/h1><div class=\"wp-block-group is-layout-flow wp-block-group-is-layout-flow\"><p class=\"has-text-align-center\"><em>N\u00b044<\/em><\/p>\n\n<p class=\"has-text-align-center\"><em>Naissance de<br>Muntz<br>Jean<br>du 15 octobre 1888<\/em><\/p><\/div><p class=\"has-text-align-center\">&#8212;<\/p><p>L\u2019an mil huit cent quatre-vingt-huit, le quinze octobre \u00e0 sept heures du matin, pardevant nous Pierre Paul Sordoillet, maire et officier de l\u2019Etat Civil de la Commune d\u2019Alise-S<sup>te<\/sup>-Reine, canton de Flavigny, d\u00e9partement de la C\u00f4te-d\u2019Or, a comparu Muntz Jean, \u00e2g\u00e9 de trente-neuf ans, vannier ambulant, sans domicile fixe, de passage \u00e0 Alise, lequel nous a d\u00e9clar\u00e9 que cejourd\u2019hui, \u00e0 une heure du matin, dans sa voiture, de son l\u00e9gitime mariage contract\u00e9 \u00e0 D\u00f4le, Jura, le dix-huit mai, mil-huit-cent soixante-treize, entre lui d\u00e9clarant et Brivot Marie \u00e2g\u00e9e de trente-six ans, vanni\u00e8re, aussi sans domicile, il lui est n\u00e9 un enfant du sexe masculin, qu\u2019il nous pr\u00e9sente et auquel il a d\u00e9clar\u00e9 donner le pr\u00e9nom de Jean. Les dites d\u00e9claration et pr\u00e9sentation faites en pr\u00e9sence de Boulard Adolphe \u00e2g\u00e9 de cinquante-quatre ans, instituteur, et Pernet Philibert \u00e2g\u00e9 de quarante sept ans, vigneron, tous deux domicili\u00e9s \u00e0 Alise, lesquels ont sign\u00e9 avec nous le pr\u00e9sent acte apr\u00e8s lecture faite&nbsp;; le p\u00e8re de l\u2019enfant a d\u00e9clar\u00e9 ne savoir signer.<br>[Signature] A. Boulard \/ Pernet Ph. \/ Sordoillet<\/p><p>[<a href=\"https:\/\/archives.cotedor.fr\/v2\/ark:\/71137\/g0936222b1cb159d180ec0f45bcd89163\/29212b07d1d8aca9e191d313d4b8eae7\/80\/ZnJhZDAyMV8wMTFfMmUwMTFhcnQwMTJfMDA4MC5qcGc=\" target=\"_blank\" rel=\"noreferrer noopener\">Lien vers le document original<\/a>]<\/p><h1 class=\"wp-block-heading\" id=\"fiche-matricule\">Fiche matricule<\/h1><div class=\"tableFM\">\n<p><strong>Nom : <\/strong><em>Muntz<\/em><br>\n<strong>Pr\u00e9noms : <\/strong><em>Jean<\/em><br>\n<strong>Surnoms :<\/strong><em><\/em><br>\n<strong>Num\u00e9ro matricule du recrutement : <\/strong><em>717<\/em>.<br>\n<strong>Classe de mobilisation :<\/strong><em><\/em>.<\/p>\n<hr>\n<h3>\u00c9tat civil :<\/h3>\n<p><strong>N\u00e9 le<\/strong> <em>15 octobre 1888<\/em>, <strong>\u00e0<\/strong> <em>Alise-Ste-Reine<\/em>, <strong>canton de<\/strong> <em>Flavigny<\/em>, <strong>d\u00e9partement de<\/strong> <em>la C\u00f4te-d&rsquo;Or<\/em>, <strong>r\u00e9sidant \u00e0<\/strong> <em>(inconnu)<\/em>, <strong>canton d<\/strong><em>_<\/em>, d\u00e9partement de<\/strong> <em>_<\/em>, <strong>profession de<\/strong> <em>_<\/em>, <strong>fils de<\/strong> <em>Jean<\/em><strong> et de<\/strong> <em>Brivot Marie<\/em><strong> domicili\u00e9s \u00e0<\/strong> <em>(sans domicile fixe)<\/em>, <strong>canton d<\/strong><em>_<\/em>, <strong>d\u00e9partement de<\/strong> <em>A \u00e9t\u00e9 recens\u00e9 \u00e0 Alise-Ste-Reine<\/em>.<\/p>\n<p><strong>Mari\u00e9 le<\/strong><em>_<\/em>.<\/p>\n<hr>\n<h3>Signalement :<\/h3>\n<strong>Cheveux<\/strong> <em>et<\/em>, <strong>sourcils<\/strong> <em>ch\u00e2tain-fonc\u00e9<\/em>,<br>\n<strong>yeux<\/strong> <em>bruns<\/em>, <strong>front<\/strong> <em>ordinaire<\/em>,<br>\n<strong>nez<\/strong> <em>fort<\/em>, <strong>bouche<\/strong> <em>moyenne<\/em>,<br>\n<strong>menton<\/strong> <em>rond<\/em>, <strong>visage<\/strong> <em>ovale<\/em>,<br>\n<strong>Taille :<\/strong> <em>1<\/em><strong>m<\/strong><em>66<\/em> <strong>cent. Taille rectifi\u00e9e :<\/strong> <em>_<\/em><br><strong>m<\/strong><em>_<\/em> <strong>cent.<\/strong><br>\n<strong>Marques particuli\u00e8res : <\/strong><em>_<\/em><br>\n<strong>Degr\u00e9 d\u2019instruction g\u00e9n\u00e9rale : <\/strong><em>_<\/em>.<\/p>\n<hr>\n<h3>D\u00e9cision du conseil de r\u00e9vision.<\/h3>\n<p><strong>Class\u00e9 dans la<\/strong> <em>5e<\/em> <strong>partie de la liste en 19<\/strong><em>09<\/em>.\n<strong>Class\u00e9 dans la<\/strong> <em>1e<\/em> <strong>partie de la liste en 19<\/strong><em>10<\/em>.<\/p>\n<hr>\n<h3>Corps d\u2019affectation \/ Num\u00e9ros au contr\u00f4le sp\u00e9cial \u2013 matricule ou au r\u00e9pertoire<\/h3>\n<p><strong>Dans l\u2019arm\u00e9e active :<\/strong> <em>21 R\u00e9giment d&rsquo;Infanterie &#8212; 3357<\/em><br>\n<strong>Disponibilit\u00e9 et r\u00e9serve de l\u2019arm\u00e9e active :<\/strong><br> \n<em>&#8211; R\u00e9giment d&rsquo;Infanterie de Langres &#8211; 359 &#8211; 03794<\/em><br>\n<em>&#8211; 5e Bataillon de chasseurs \u00e0 pied &#8211; 1 &#8211; 07588<\/em><br>\n<em>&#8211; 102e Bataillon de chasseurs \u00e0 pied l6 &#8211; 2241 &#8211; 9298<\/em><br>\n<strong>Arm\u00e9e territoriale et sa r\u00e9serve :<\/strong> <em>_<\/em><\/p>.\n<hr>\n<h3>D\u00e9tail des services et mutations diverses.<\/h3>\n<p><strong>Inscrit sous le n\u00b0<\/strong><em>51<\/em><strong> de la liste<\/strong> <em>du canton de Flavigny<\/em>.<br>\n<em>Incorpor\u00e9 au 21e R\u00e9giment d&rsquo;Infanterie \u00e0 compter du 4 octobre 1910, arriv\u00e9 au corps et soldat de 2e classe le dit jour. Pass\u00e9 dans la r\u00e9serve le 1er octobre 1912 maintenu au corps du 25 septembre au 27 octobre 1912 article 39.<br>\nCertificat de bonne conduite \u00ab\u00a0accord\u00e9\u00a0\u00bb<br>\nRappel\u00e9 par mobilisation g\u00e9n\u00e9rale du 2 ao\u00fbt 1914. Arriv\u00e9 2 aout. R\u00e9form\u00e9 n\u00b02 par la Commission Sp\u00e9ciale de Langres du 2 novembre 1914 pour \u00ab\u00a0bronchite suspecte\u00a0\u00bb. Reconnu propre au service arm\u00e9 par le conseil de r\u00e9vision en 1915 (loi du 6 avril 1915). Incorpor\u00e9 au 5e Bataillon de chasseurs \u00e0 pied \u00e0 compter du 9 septembre 1915. Arriv\u00e9 le dit jour. Pass\u00e9 au 102e Bataillon chasseurs \u00e0 pied le 20 novembre 1917. R\u00e9form\u00e9 n\u00b01 avec gratification (300 francs) par D\u00e9cision Minist\u00e9rielle du 3 mai 1918 notifi\u00e9e le 17 mai 1918 sur proposition de la Commission Sp\u00e9ciale d&rsquo;Amiens du 18 janvier 1918 pour \u00ab\u00a0turberculose pulmonaire \u00e0 forme fibreuse bilat\u00e9rale ouverte par intermittances, actuellement immobilis\u00e9\u00a0\u00bb. D\u00e9j\u00e0 Ray\u00e9 D\u00e9finitivement (pension temporaire 100) Commission de Dijon du 8 juin 1922.<br>\nD\u00e9c\u00e9d\u00e9 le 25 novembre 1923 \u00e0 Arnay-le-Duc (avis du 14 &#8211; 1 &#8211; 1924).<\/em>.<\/p>\n<hr>\n<h3>Campagnes.<\/h3>\n<p><em>Allemagne et Autriche Hongrie: du 2 ao\u00fbt au 2 novembre 1914. Du 9 septembre 1915 au 17 mai 1918.<\/em><\/p>\n<hr>\n<h3>Blessures, Actions d&rsquo;\u00e9clat, d\u00e9corations, etc.<\/h3>\n<p><em>Cit\u00e9 \u00e0 l&rsquo;ordre du Bataillon n\u00b0117 \u00ab\u00a0s&rsquo;est particuli\u00e8rement distingu\u00e9 pendant l&rsquo;attaque du 15 d\u00e9cembre 1916 et pendant les jours qui ont suivi\u00a0\u00bb.<br>\nCroix de guerre avec \u00e9toile de bronze.\u00a0\u00bb<\/em><\/p>\n<hr>\n<h3>Localit\u00e9s successives habit\u00e9es<br>par suite de changements de domicile ou de r\u00e9sidence<\/h3>\n<strong>Dates \/ Communes \/ Subdivisions de r\u00e9gion \/ D : Domicile, R : R\u00e9sidence<\/strong>\n<p><em>&#8211; 7 novembre 1913 \/ Arnay-le-Duc, rue Voyen \/ Auxonne \/ R<\/em><\/p>\n<hr>\n<h3>P\u00e9riodes d&rsquo;exercices<\/h3>\n<strong>R\u00e9serve : 1<sup>re<\/sup> dans l<\/strong><em>21e r\u00e9giment d&rsquo;Infanterie,<\/em> <strong>du<\/strong> <em>29 ao\u00fbt<\/em> <strong>au<\/strong> <em>20 septembre 1913<\/em><\/strong>.<br>\n<strong>R\u00e9serve : 2<sup>e<\/sup> dans l<\/strong><em>_,<\/em> <strong>du<\/strong> <em>_<\/em> <strong>au<\/strong> <em>_<\/em><\/strong>.<br>\n<strong>Arm\u00e9e territoriale :<\/strong><\/em>_<\/em>.<br>\n<strong>Sp\u00e9ciales aux hommes du service de garde des voies de communication :<\/strong><\/em>_<\/em>.<br>\n<hr>\n<h3>\u00c9poque \u00e0 laquelle l\u2019homme doit passer dans :<\/h3>\n<p><strong>La disponibilit\u00e9 de l\u2019arm\u00e9e active :<\/strong><em>_<\/em><br>\n<strong>La r\u00e9serve de l\u2019arm\u00e9e active :<\/strong><em><\/em><br>\n<strong>L\u2019arm\u00e9e territoriale :<\/strong><em><\/em><br>\n<strong>La r\u00e9serve de l\u2019arm\u00e9e territoriale : <\/strong><em><\/em><br>\n<strong>Date de la lib\u00e9ration du service militaire :<\/strong><em><\/em><\/p>\n<\/div><p>[<a href=\"https:\/\/archives.cotedor.fr\/v2\/ark:\/71137\/gd24c4323c082ce60b533b5fe6b18b1f0\/1a898f5926a0e3b7fab3c10427f39dfc\/270\/ZnJhZDAyMV9yMjQ1OF8wMjcwLmpwZw==\" target=\"_blank\" rel=\"noreferrer noopener\">Lien vers le document original<\/a>]<\/p><h1 class=\"wp-block-heading\" id=\"deces\">D\u00e9c\u00e8s<\/h1><div class=\"wp-block-group is-layout-flow wp-block-group-is-layout-flow\"><p class=\"has-text-align-center\"><em>N\u00b041<\/em><\/p>\n\n<p class=\"has-text-align-center\"><em>D\u00e9c\u00e8s de<br>Jean Muntz, mari\u00e9.<br>Du 25 novembre 1923<br>&#8212;<\/em><\/p><\/div><p>Le vingt-cinq novembre mil neuf cent vingt-trois, huit heures quinze minutes, est d\u00e9c\u00e9d\u00e9 en son domicile, rue des Tanneries, Jean Muntz, marchand forain, n\u00e9 \u00e0 Alise-Sainte-Reine (C\u00f4te-d\u2019Or) le quinze octobre mil huit cent quatre-vingt-huit domicili\u00e9 \u00e0 Arnay-le-Duc, fils de Jean Muntz, d\u00e9c\u00e9d\u00e9, et de Marie Brivot, sa veuve, marchande foraine, domicili\u00e9e \u00e0 Arnay-le-Duc, \u00e9poux de Ang\u00e8le Neuville..<br>Dress\u00e9 le vingt-cinq novembre mil neuf cent vingt-trois, neuf heures trente minutes, sur la d\u00e9claration de Joly Marius, charpentier, et de Alexis Laurent, ouvrier en limes, tous deux voisins du d\u00e9funt, domicili\u00e9s \u00e0 Arnay-le-Duc, t\u00e9moins majeurs qui, lecture faite, ont sign\u00e9 avec nous Georges, officier de l\u2019Instruction Publique, Maire d\u2019Arnay-le-Duc.<br>[Signatures] Joly \/ Laurent Alexis \/ Georges<\/p><p>[<a href=\"https:\/\/archives.cotedor.fr\/v2\/ark:\/71137\/g6d0b82d4863f8eb85633e62351b4db11\/fe9bc241f2369c4d1ccac4c4e48c6bc5\/146\/ZnJhZDAyMV8wMjZfMmUwMjZhcnQwMzhfMDE0Ni5qcGc=\" target=\"_blank\" rel=\"noreferrer noopener\">Lien vers le document original<\/a>]<\/p><h1 class=\"wp-block-heading\" id=\"donnees-additionnelles\">Donn\u00e9es additionnelles<\/h1><p><\/p><h1 class=\"wp-block-heading\" id=\"sources\">Sources<\/h1><ul class=\"wp-block-list\"><li><em>A.D. de la C\u00f4te-d\u2019Or, \u00e9tat civil num\u00e9rise Alise-Sainte-Reine 1886-1898 (FRADO21EC 11\/010), Muntz Jean, n\u00b044, 1888, <a href=\"https:\/\/archives.cotedor.fr\/v2\/ark:\/71137\/g0936222b1cb159d180ec0f45bcd89163\/29212b07d1d8aca9e191d313d4b8eae7\/80\/ZnJhZDAyMV8wMTFfMmUwMTFhcnQwMTJfMDA4MC5qcGc=\">vues 80-81\/334<\/a>.<\/em><\/li><li><em>A.D. de la C\u00f4te-d\u2019Or, recrutement militaires (1867-1940)<\/em>, <em>classe 1908, bureau de Dijon (R 2458), <a href=\"https:\/\/archives.cotedor.fr\/v2\/ark:\/71137\/gd24c4323c082ce60b533b5fe6b18b1f0\/1a898f5926a0e3b7fab3c10427f39dfc\/270\/ZnJhZDAyMV9yMjQ1OF8wMjcwLmpwZw==\">vue 270\/648<\/a>.<\/em><\/li><li><em>A.D. de la C\u00f4te-d\u2019Or, \u00e9tat civil num\u00e9ris\u00e9<\/em>, <em>Arnay-le-Duc 1921 \u2013 1926 (FRADO21EC 26\/042), Muntz Jean, n\u00b041, 1923, <a href=\"https:\/\/archives.cotedor.fr\/v2\/ark:\/71137\/g6d0b82d4863f8eb85633e62351b4db11\/fe9bc241f2369c4d1ccac4c4e48c6bc5\/146\/ZnJhZDAyMV8wMjZfMmUwMjZhcnQwMzhfMDE0Ni5qcGc=\">vue 146\/304<\/a>.<\/em><\/li><\/ul>","protected":false},"excerpt":{"rendered":"<p>MUNTZ Jean \u00a4 15 octobre 1888 \u00e0 Alise-Sainte-Reine (C\u00f4te-d&rsquo;Or)\u2020 25 novembre 1923 \u00e0 Arnay-le-DucChasseur &#8211; 102e bataillon de chasseurs \u00e0 pied \u2013 35 ansSuites de [&#8230;]<\/p>\n","protected":false},"author":2,"featured_media":0,"parent":0,"menu_order":0,"comment_status":"closed","ping_status":"closed","template":"","meta":{"footnotes":""},"class_list":["post-257","page","type-page","status-publish","hentry"],"yoast_head":"<!-- This site is optimized with the Yoast SEO plugin v25.6 - https:\/\/yoast.com\/wordpress\/plugins\/seo\/ -->\n<title>MUNTZ Jean - Arnay-le-Duc 1914-1918<\/title>\n<meta name=\"robots\" content=\"index, follow, max-snippet:-1, max-image-preview:large, max-video-preview:-1\" \/>\n<link rel=\"canonical\" href=\"https:\/\/alisteraldridge.fr\/arnay1418\/muntz-jean\/\" \/>\n<meta property=\"og:locale\" content=\"fr_FR\" \/>\n<meta property=\"og:type\" content=\"article\" \/>\n<meta property=\"og:title\" content=\"MUNTZ Jean - Arnay-le-Duc 1914-1918\" \/>\n<meta property=\"og:description\" content=\"MUNTZ Jean \u00a4 15 octobre 1888 \u00e0 Alise-Sainte-Reine (C\u00f4te-d&rsquo;Or)\u2020 25 novembre 1923 \u00e0 Arnay-le-DucChasseur &#8211; 102e bataillon de chasseurs \u00e0 pied \u2013 35 ansSuites de [...]\" \/>\n<meta property=\"og:url\" content=\"https:\/\/alisteraldridge.fr\/arnay1418\/muntz-jean\/\" \/>\n<meta property=\"og:site_name\" content=\"Arnay-le-Duc 1914-1918\" \/>\n<meta name=\"twitter:card\" content=\"summary_large_image\" \/>\n<meta name=\"twitter:label1\" content=\"Dur\u00e9e de lecture estim\u00e9e\" \/>\n\t<meta name=\"twitter:data1\" content=\"5 minutes\" \/>\n<script type=\"application\/ld+json\" class=\"yoast-schema-graph\">{\"@context\":\"https:\/\/schema.org\",\"@graph\":[{\"@type\":\"WebPage\",\"@id\":\"https:\/\/alisteraldridge.fr\/arnay1418\/muntz-jean\/\",\"url\":\"https:\/\/alisteraldridge.fr\/arnay1418\/muntz-jean\/\",\"name\":\"MUNTZ Jean - Arnay-le-Duc 1914-1918\",\"isPartOf\":{\"@id\":\"https:\/\/alisteraldridge.fr\/arnay1418\/#website\"},\"datePublished\":\"2022-01-17T07:51:40+00:00\",\"breadcrumb\":{\"@id\":\"https:\/\/alisteraldridge.fr\/arnay1418\/muntz-jean\/#breadcrumb\"},\"inLanguage\":\"fr-FR\",\"potentialAction\":[{\"@type\":\"ReadAction\",\"target\":[\"https:\/\/alisteraldridge.fr\/arnay1418\/muntz-jean\/\"]}]},{\"@type\":\"BreadcrumbList\",\"@id\":\"https:\/\/alisteraldridge.fr\/arnay1418\/muntz-jean\/#breadcrumb\",\"itemListElement\":[{\"@type\":\"ListItem\",\"position\":1,\"name\":\"Home\",\"item\":\"https:\/\/alisteraldridge.fr\/arnay1418\/\"},{\"@type\":\"ListItem\",\"position\":2,\"name\":\"MUNTZ Jean\"}]},{\"@type\":\"WebSite\",\"@id\":\"https:\/\/alisteraldridge.fr\/arnay1418\/#website\",\"url\":\"https:\/\/alisteraldridge.fr\/arnay1418\/\",\"name\":\"Arnay-le-Duc 1914-1918\",\"description\":\"Histoire d&#039;une ville bourguignonne pendant la Premi\u00e8re Guerre mondiale\",\"potentialAction\":[{\"@type\":\"SearchAction\",\"target\":{\"@type\":\"EntryPoint\",\"urlTemplate\":\"https:\/\/alisteraldridge.fr\/arnay1418\/?s={search_term_string}\"},\"query-input\":{\"@type\":\"PropertyValueSpecification\",\"valueRequired\":true,\"valueName\":\"search_term_string\"}}],\"inLanguage\":\"fr-FR\"}]}<\/script>\n<!-- \/ Yoast SEO plugin. -->","yoast_head_json":{"title":"MUNTZ Jean - Arnay-le-Duc 1914-1918","robots":{"index":"index","follow":"follow","max-snippet":"max-snippet:-1","max-image-preview":"max-image-preview:large","max-video-preview":"max-video-preview:-1"},"canonical":"https:\/\/alisteraldridge.fr\/arnay1418\/muntz-jean\/","og_locale":"fr_FR","og_type":"article","og_title":"MUNTZ Jean - Arnay-le-Duc 1914-1918","og_description":"MUNTZ Jean \u00a4 15 octobre 1888 \u00e0 Alise-Sainte-Reine (C\u00f4te-d&rsquo;Or)\u2020 25 novembre 1923 \u00e0 Arnay-le-DucChasseur &#8211; 102e bataillon de chasseurs \u00e0 pied \u2013 35 ansSuites de [...]","og_url":"https:\/\/alisteraldridge.fr\/arnay1418\/muntz-jean\/","og_site_name":"Arnay-le-Duc 1914-1918","twitter_card":"summary_large_image","twitter_misc":{"Dur\u00e9e de lecture estim\u00e9e":"5 minutes"},"schema":{"@context":"https:\/\/schema.org","@graph":[{"@type":"WebPage","@id":"https:\/\/alisteraldridge.fr\/arnay1418\/muntz-jean\/","url":"https:\/\/alisteraldridge.fr\/arnay1418\/muntz-jean\/","name":"MUNTZ Jean - Arnay-le-Duc 1914-1918","isPartOf":{"@id":"https:\/\/alisteraldridge.fr\/arnay1418\/#website"},"datePublished":"2022-01-17T07:51:40+00:00","breadcrumb":{"@id":"https:\/\/alisteraldridge.fr\/arnay1418\/muntz-jean\/#breadcrumb"},"inLanguage":"fr-FR","potentialAction":[{"@type":"ReadAction","target":["https:\/\/alisteraldridge.fr\/arnay1418\/muntz-jean\/"]}]},{"@type":"BreadcrumbList","@id":"https:\/\/alisteraldridge.fr\/arnay1418\/muntz-jean\/#breadcrumb","itemListElement":[{"@type":"ListItem","position":1,"name":"Home","item":"https:\/\/alisteraldridge.fr\/arnay1418\/"},{"@type":"ListItem","position":2,"name":"MUNTZ Jean"}]},{"@type":"WebSite","@id":"https:\/\/alisteraldridge.fr\/arnay1418\/#website","url":"https:\/\/alisteraldridge.fr\/arnay1418\/","name":"Arnay-le-Duc 1914-1918","description":"Histoire d&#039;une ville bourguignonne pendant la Premi\u00e8re Guerre mondiale","potentialAction":[{"@type":"SearchAction","target":{"@type":"EntryPoint","urlTemplate":"https:\/\/alisteraldridge.fr\/arnay1418\/?s={search_term_string}"},"query-input":{"@type":"PropertyValueSpecification","valueRequired":true,"valueName":"search_term_string"}}],"inLanguage":"fr-FR"}]}},"featured_image_src":null,"jetpack_sharing_enabled":true,"_links":{"self":[{"href":"https:\/\/alisteraldridge.fr\/arnay1418\/wp-json\/wp\/v2\/pages\/257"}],"collection":[{"href":"https:\/\/alisteraldridge.fr\/arnay1418\/wp-json\/wp\/v2\/pages"}],"about":[{"href":"https:\/\/alisteraldridge.fr\/arnay1418\/wp-json\/wp\/v2\/types\/page"}],"author":[{"embeddable":true,"href":"https:\/\/alisteraldridge.fr\/arnay1418\/wp-json\/wp\/v2\/users\/2"}],"replies":[{"embeddable":true,"href":"https:\/\/alisteraldridge.fr\/arnay1418\/wp-json\/wp\/v2\/comments?post=257"}],"version-history":[{"count":0,"href":"https:\/\/alisteraldridge.fr\/arnay1418\/wp-json\/wp\/v2\/pages\/257\/revisions"}],"wp:attachment":[{"href":"https:\/\/alisteraldridge.fr\/arnay1418\/wp-json\/wp\/v2\/media?parent=257"}],"curies":[{"name":"wp","href":"https:\/\/api.w.org\/{rel}","templated":true}]}}