{"id":243,"date":"2022-01-16T14:57:19","date_gmt":"2022-01-16T14:57:19","guid":{"rendered":"https:\/\/arnay1418.rarebook-ubfc.fr\/?page_id=243"},"modified":"2023-01-17T23:27:45","modified_gmt":"2023-01-17T23:27:45","slug":"renaud-jean-baptiste","status":"publish","type":"page","link":"https:\/\/alisteraldridge.fr\/arnay1418\/renaud-jean-baptiste\/","title":{"rendered":"RENAUD Jean Baptiste"},"content":{"rendered":"<div class=\"wp-block-group is-layout-flow wp-block-group-is-layout-flow\"><p class=\"has-text-align-center has-large-font-size\"><strong>Renaud <\/strong>Jean Baptiste<\/p>\n\n<p class=\"has-text-align-center\">\u00a4 27 octobre 1880 \u00e0 Arnay-le-Duc<br>\u2020 18 ao\u00fbt 1915 au Bois d&rsquo;Ailly (Meuse)<br>2<sup>e<\/sup> classe &#8211; 10<sup>e<\/sup> R\u00e9giment d\u2019infanterie \u2013 34 ans<br>Tu\u00e9 \u00e0 l&rsquo;ennemi par \u00e9clatement de bombe<br>Mort pour la France<\/p><\/div><hr class=\"wp-block-separator has-text-color has-black-color has-css-opacity has-black-background-color has-background is-style-wide\"\/><h1 class=\"wp-block-heading\"><em>Acte de naissance<\/em><\/h1><div class=\"wp-block-group is-layout-flow wp-block-group-is-layout-flow\"><div class=\"wp-block-group is-layout-flow wp-block-group-is-layout-flow\"><p class=\"has-text-align-center\"><em>N\u00b0122<\/em><\/p>\n\n<p class=\"has-text-align-center\"><em>Acte de Naissance<br>de<br>Renaud<br>Jean Baptiste<br>(l\u00e9gitime)<br>du 27 octobre 1880<\/em><\/p>\n\n<p class=\"has-text-align-center\">&#8212;<\/p><\/div>\n\n<p>L\u2019an mil-huit cent-quatre-vingt le vingt-sept octobre, \u00e0 dix heures du matin. Pardevant nous Jean Baptiste Mich\u00e9a, Maire, officier de l\u2019Etat civil de la ville d\u2019Arnay-le-Duc, chef-lieu de canton arrondissement de Beaune, d\u00e9partement de la C\u00f4te-d\u2019Or, a comparu le sieur Renaud, Jean Baptiste, \u00e2g\u00e9 de vingt-huit ans, ouvrier en limes domicili\u00e9 \u00e0 Arnay-le-Duc rue de la Flaine, lequel nous a pr\u00e9sent\u00e9 un enfant du sexe masculin, n\u00e9 aujourd\u2019hui \u00e0 neuf heures du matin en son domicile, de son mariage contract\u00e9 \u00e0 Saint-Prix canton d\u2019Arnay-le-Duc, le Premier D\u00e9cembre mil-huit-cent soixante-dix-neuf avec Vessiot Jeanne Augustine \u00e2g\u00e9e de vingt-trois ans sans profession domicili\u00e9e avec lui &amp; auquel enfant il a d\u00e9clar\u00e9 donner le pr\u00e9nom de Jean Baptiste. Lesdites pr\u00e9sentation &amp; d\u00e9claration faites en pr\u00e9sence du sieur Pierre, Jean Baptiste, \u00e2g\u00e9 de vingt-six ans &amp; Gu\u00e9not-Perrotin, Charles, \u00e2g\u00e9 de vingt-deux ans, tous deux ouvriers en limes domicili\u00e9s \u00e0 Arnay-le-Duc &amp; ont, le p\u00e8re de l\u2019enfant &amp; les t\u00e9moins sign\u00e9 avec nous le pr\u00e9sent acte de naissance apr\u00e8s que lecture leur en a \u00e9t\u00e9 faite.<\/p>\n\n<p>[Signatures] Pierre \/ Gu\u00e9not \/ Renaud \/ Mich\u00e9a<br>[Mention marginale] Par acte inscrit \u00e0 la mairie de Arnay-le-Duc le sept f\u00e9vrier mil neuf cent trois \u2013 Renaud Jean Baptiste dont la naissance est constat\u00e9e dans l\u2019acte ci-contre a contract\u00e9 mariage avec Guillaume Marie Jeanne. Dont mention faite par nous, greffier du tribunal, le dix f\u00e9vrier 1903.<\/p><\/div><h1 class=\"wp-block-heading\">Fiche matricule<\/h1><div class=\"tableFM\">\n<p><strong>Nom : <\/strong><em>Renaud<\/em><br>\n<strong>Pr\u00e9noms : <\/strong><em>Jean Baptiste<\/em><br>\n<strong>Surnoms :<\/strong><em><\/em><br>\n<strong>Num\u00e9ro matricule du recrutement : <\/strong><em>1230<\/em>.<br>\n<strong>Classe de mobilisation :<\/strong><em>1900<\/em>.<\/p>\n<hr>\n<h3>\u00c9tat civil :<\/h3>\n<p><strong>N\u00e9 le<\/strong> <em>17 octbre 1880<\/em>, <strong>\u00e0<\/strong> <em>Arnay-le-Duc<\/em>, <strong>canton d<\/strong><em>u dit<\/em>, <strong>d\u00e9partement de<\/strong> <em>la C\u00f4te-d&rsquo;Or<\/em>, <strong>r\u00e9sidant \u00e0<\/strong> <em>Arnay-le-Duc<\/em>, <strong>canton d<\/strong><em>u dit<\/em>, d\u00e9partement de<\/strong> <em>la C\u00f4te-d&rsquo;Or<\/em>, <strong>profession d<\/strong><em>&lsquo;ouvrier en limes<\/em>, <strong>fils de<\/strong> <em>feu Jean-Baptiste<\/em><strong> et de<\/strong> <em>Vessiot Jeanne-Augustine<\/em><strong> domicili\u00e9s \u00e0<\/strong> <em>Arnay-le-Duc<\/em>, <strong>canton d<\/strong><em>u dit<\/em>, <strong>d\u00e9partement de<\/strong> <em>la C\u00f4te-d&rsquo;Or<\/em>.<\/p>\n<p><strong>N\u00b0.<\/strong><em><\/em> <strong>de tirage dans le canton d<\/strong><em><\/em>.<\/p>\n<hr>\n<h3>Signalement :<\/h3>\n<strong>Cheveux<\/strong> <em>et<\/em>, <strong>sourcils<\/strong> <em>blonds<\/em>,<br>\n<strong>yeux<\/strong> <em>bleus<\/em>, <strong>front<\/strong> <em>large<\/em>,<br>\n<strong>nez<\/strong> <em>long<\/em>, <strong>bouche<\/strong> <em>moyenne<\/em>,<br>\n<strong>menton<\/strong> <em>rond<\/em>, <strong>visage<\/strong> <em>ovale<\/em>,<br>\n<strong>Taille :<\/strong> <em>1<\/em><strong>m<\/strong><em>61<\/em> <strong>cent. Taille rectifi\u00e9e :<\/strong> <em>1<\/em><br><strong>m<\/strong><em><\/em> <strong>cent.<\/strong><br>\n<strong>Marques particuli\u00e8res : <\/strong><em>_<\/em><br>\n<strong>Degr\u00e9 d\u2019instruction g\u00e9n\u00e9rale : <\/strong><em>3<\/em>.<\/p>\n<hr>\n<h3>D\u00e9cision du conseil de r\u00e9vision et motifs :<\/h3>\n<p><em>Bon<br>\nDispens\u00e9 article 21, fils \u00e2in\u00e9 de veuve<\/em>.<\/p>\n<p><strong>Compris dans la<\/strong> <em>2\u00e8me<\/em> <strong>partie de la liste du recrutement cantonal (__e portion).<\/strong>\n<hr>\n<h3>Corps d\u2019affectation \/ Num\u00e9ros au contr\u00f4le sp\u00e9cial \u2013 matricule ou au r\u00e9pertoire<\/h3>\n<p><strong>Dans l\u2019arm\u00e9e active :<\/strong> <em>10e R\u00e9giment d&rsquo;Infanterie<\/em><br>\n<strong>Disponibilit\u00e9 et r\u00e9serve de l\u2019arm\u00e9e active :<\/strong> <em>R\u00e9giment d&rsquo;Infanterie &#8211; 011159<\/em><br>\n<strong>Arm\u00e9e territoriale et sa r\u00e9serve :<\/strong> <em>_<\/em><\/p>.\n<hr>\n<h3>D\u00e9tail des services et mutations diverses.\n(Campagnes, blessures, actions d&rsquo;\u00e9clat, d\u00e9corations, etc.)<\/h3>\n<p><em>Incorpor\u00e9 au 10e R\u00e9giment d&rsquo;Infanterie \u00e0 compter du 14 novembre 1901. Arriv\u00e9 au corps et soldat de 2e classe le dit jour, immatricul\u00e9 sous le n\u00b01230. Envoy\u00e9 dans la disponibilit\u00e9 le 20 septembre 1902 en attendant son passage dans la r\u00e9serve de l&rsquo;arm\u00e9e active qui aura lieu le 18 novembre 1904.<br>\nCertificat de bonne conduite \u00ab\u00a0accord\u00e9\u00a0\u00bb<\/em>.<\/p>\n<strong>Pass\u00e9 dans la <\/strong><em>_<\/em> <strong>de l\u2019arm\u00e9e active le <\/strong><em>_<\/em>.<p>\n<hr>\n<h3>Dans la disponibilit\u00e9 ou dans la r\u00e9serve de l\u2019arm\u00e9e active.<\/h3>\n<p><em>Affect\u00e9 au R\u00e9giment d&rsquo;Infanterie stationn\u00e9 \u00e0 Auxonne. Rappel\u00e9 \u00e0 l&rsquo;activit\u00e9 par ordre de mobilisation g\u00e9n\u00e9rale du 2 ao\u00fbt 1914. Arriv\u00e9 au corps le 14 ao\u00fbt 1914 &#8211; 554<\/em><\/p>\n<strong>A accompli une 1<sup>re<\/sup> p\u00e9riode d\u2019exercice dans l<\/strong><em>e 10 R\u00e9giment d&rsquo;Infanterie<\/em> <strong>du<\/strong> <em>3<\/em> <strong>au<\/strong> <em>30 juin 1907<\/em><\/strong>.<br>\n<strong>A accompli une 2<sup>e<\/sup> p\u00e9riode d\u2019exercices dans l<\/strong><em>e 10e R\u00e9giment d&rsquo;Infanterie<\/em> <strong>du<\/strong> <em>3<\/em><strong>au <em>19 novembre 1910<\/em><\/strong>.<br>\n<strong>Pass\u00e9 dans l\u2019arm\u00e9e territoriale le <em>_<\/em><\/strong><\/p>\n<hr>\n<h3>Dans l\u2019arm\u00e9e territoriale\net dans sa r\u00e9serve.<\/h3>\n<p><em>Tu\u00e9 \u00e0 l&rsquo;ennemi \u00e0 Vaux-F\u00e9ry le 18 ao\u00fbt 1915 (avis du Ministre de la guerre du 31 ao\u00fbt 1915)<\/em>.<\/p>\n<hr>\n<h3>Localit\u00e9s successives habit\u00e9es<br>par suite de changements de domicile ou de r\u00e9sidence<\/h3>\n<strong>Dates \/ Communes \/ Subdivisions de r\u00e9gion \/ D : Domicile, R : R\u00e9sidence<\/strong>\n<p><em> &#8211; 2 &#8211; 6 &#8211; 14 \/ Autun Promenade des Marbres \/ Autun \/ R <\/em><\/p>\n<hr>\n<h3>\u00c9poque \u00e0 laquelle l\u2019homme doit passer dans :<\/h3>\n<p><strong>La disponibilit\u00e9 de l\u2019arm\u00e9e active :<\/strong><em>_<\/em><br>\n<strong>La r\u00e9serve de l\u2019arm\u00e9e active :<\/strong><em>1er Nov. 1904<\/em><br>\n<strong>L\u2019arm\u00e9e territoriale :<\/strong><em>1er Nov. 1914 \/ 1 Oct. 1914<\/em><br>\n<strong>La r\u00e9serve de l\u2019arm\u00e9e territoriale : <\/strong><em>1er Nov. 1920 \/ 1 Oct. 1920<\/em><br>\n<strong>Date de la lib\u00e9ration du service militaire :<\/strong><em>1er Nov. 1926 \/ 1 Oct. 1926<\/em><\/p>\n<\/div><h1 class=\"wp-block-heading\">Transcription d\u00e9c\u00e8s<\/h1><div class=\"wp-block-group is-layout-flow wp-block-group-is-layout-flow\"><p class=\"has-text-align-center\"><em>N\u00b073<\/em><\/p>\n\n<p class=\"has-text-align-center\"><em>Transcription de d\u00e9c\u00e8s<br>de<br>Renaud Jean-Baptiste<br>du 5 octobre 1915<\/em><\/p>\n\n<p class=\"has-text-align-center\">&#8212;<\/p><\/div><div class=\"wp-block-group is-layout-flow wp-block-group-is-layout-flow\"><p class=\"has-text-align-center\">Acte de d\u00e9c\u00e8s<\/p>\n\n<p>L\u2019an mil neuf cent quinze le vingt <s>deux<\/s> du mois d\u2019Ao\u00fbt, \u00e0 sept heures, \u00e9tant \u00e0 Pont-sur-Meuse (Meuse). Acte de d\u00e9c\u00e8s de Jean-Baptiste Renaud, soldat de 2<sup>e<\/sup> classe au 10<sup>e<\/sup> R\u00e9giment d\u2019Infanterie, 3<sup>e<\/sup> Bataillon, 10<sup>e<\/sup> Compagnie, immatricul\u00e9 sous le num\u00e9ro onze mille cent cinquante-neuf (0.11.159) n\u00e9 le dix-sept octobre mil huit cent quatre-vingt \u00e0 Arnay le Duc, canton dudit, d\u00e9partement de la C\u00f4te-d\u2019Or, domicili\u00e9 en dernier lieu \u00e0 Autun, promenade des Marbres (Sa\u00f4ne-et-Loire), Mort pour la France, aux Avants Postes du Bois d\u2019Ailly (Meuse) le dix huit du mois d\u2019Ao\u00fbt mil neuf cent quinze, \u00e0 seize heures trente minutes, tu\u00e9 \u00e0 l\u2019ennemi par l\u2019\u00e9clatement d\u2019une bombe fils de feu Jean-Baptiste et de Vessiot Jeanne-Augustine, domicili\u00e9s \u00e0 Arnay-le-Duc canton dudit, d\u00e9partement de la C\u00f4te-d\u2019Or. Les pi\u00e8ces matricules ne mentionnent pas si l\u2019int\u00e9ress\u00e9 \u00e9tait mari\u00e9. Cette formalit\u00e9 n\u2019a pu \u00eatre remplie. Dress\u00e9 par nous Braud Charles Lieutenant au 10<sup>e<\/sup> R\u00e9giment d\u2019Infanterie, Officier de l\u2019Etat Civil sur la d\u00e9claration de Sochet Camille, Sergent, au 10<sup>e<\/sup> R\u00e9giment d\u2019Infanterie, n\u00e9 le 11 Ao\u00fbt 1881 \u00e0 Saint-Palais (Cher) et de Goussard L\u00e9on, Sergent au 10<sup>e<\/sup> R\u00e9giment d\u2019Infanterie, n\u00e9e le 23 mai 1887 \u00e0 Paris (18<sup>e<\/sup> Arrondissement) Seine, qui ont sign\u00e9 avec nous apr\u00e8s lecture faite.<br>Vu par nous Roger Jean-Jacques Sous-Intendant Militaire pour l\u00e9galisation de la signature de M. Braud Charles, sus-qualit\u00e9.<br>Sign\u00e9&nbsp;: Roger<br>Vu pour l\u00e9galisation de la signature de M. Braud Charles.<br>Paris le 20 septembre 1915.<br>Le Ministre de la Guerre par d\u00e9l\u00e9gation, le chef du Bureau des archives administratives.<br>Sign\u00e9&nbsp;: illisible.<br>L\u2019Acte de d\u00e9c\u00e8s ci-dessus a \u00e9t\u00e9 transcrit le Cinq Octobre mil neuf cent quinze, \u00e0 onze heures du matin par nous Nicolas-Justin Hutin maire d\u2019Arnay-le-Duc.<\/p>\n\n<p>[Signature] Hutin<\/p><\/div><h1 class=\"wp-block-heading\">Donn\u00e9es additionnelles<\/h1><p>Mari\u00e9 \u00e0 Arnay-le-Duc le 7 f\u00e9vrier 1903 avec Marie Jeanne Guillaume. Dans le recensement de 1911, le couple habite rue de Paris avec leurs deux fils Louis (1906) et Marcel (1908).<\/p><p>Le soldat Renaud est dans la m\u00eame compagnie (10<sup>e<\/sup>) que le soldat <a href=\"https:\/\/alisteraldridge.fr\/arnay1418\/camusat-jean-baptiste\/\" target=\"_blank\" rel=\"noreferrer noopener\">Camusat<\/a>, tu\u00e9 en mars 1917.  Les soldats Jules <a href=\"https:\/\/alisteraldridge.fr\/arnay1418\/croci-jules\/\" target=\"_blank\" rel=\"noreferrer noopener\">Croci<\/a>, <a href=\"https:\/\/alisteraldridge.fr\/arnay1418\/isaac-victor\/\" target=\"_blank\" rel=\"noreferrer noopener\">Isaac<\/a>, <a href=\"https:\/\/alisteraldridge.fr\/arnay1418\/lacroix-lucien\/\" target=\"_blank\" rel=\"noreferrer noopener\">Lacroix<\/a> servent \u00e9galement au sein de ce r\u00e9giment en compagnie de nombreux autres Bourguignons. Edmond <a href=\"https:\/\/alisteraldridge.fr\/arnay1418\/rimet-edmond-stanislas-antide\/\" target=\"_blank\" rel=\"noreferrer noopener\">Rimet<\/a> sert lui aussi dans ce r\u00e9giment jusqu&rsquo;en avril 1915.<\/p><p><br>Son fr\u00e8re, Alexandre Renaud, est sergent au 61<sup>e<\/sup> r\u00e9giment de chars de combat, d\u00e9c\u00e9d\u00e9 \u00e0 l\u2019h\u00f4pital fixe Gul Han\u00e9 \u00e0 Constantinople, le 19 avril 1923<sup>(1)<\/sup>. Il n&rsquo;est pas inscrit sur le monument aux morts. <\/p><h1 class=\"wp-block-heading\">Sources<\/h1><div class=\"wp-block-group is-layout-flow wp-block-group-is-layout-flow\"><ul class=\"wp-block-list\"><li><em>A.D. de la C\u00f4te-d\u2019Or, \u00e9tat civil num\u00e9ris\u00e9<\/em>, <em>Arnay-le-Duc 1877 \u2013 1885 [FRADO21EC 26\/034], RENAUD Jean Baptiste, n\u00b0122, 1880, <a href=\"https:\/\/archives.cotedor.fr\/v2\/ark:\/71137\/g487797fa82d609051f45e3fe428d58b0\/b03e1363feb2a9edc316cb61b964b6a3\/251\/ZnJhZDAyMV8wMjZfMm1pZWMwMjZyMDNfMDI1MS5qcGc=\">vue 251\/601<\/a>.<\/em><\/li>\n\n<li><em>A.D. de la C\u00f4te-d\u2019Or, recrutement militaire (1867-1940)<\/em>, <em>classe 1900, bureau d\u2019Auxonne (R 2383), <a href=\"https:\/\/archives.cotedor.fr\/v2\/ark:\/71137\/gde12f783e05cbd7ecb5b0a87bf713c03\/1041d59d77f97dc9cc14327c248d5464\/414\/ZnJhZDAyMV9yMjM4M18wNDE0LmpwZw==\">vue 414\/632<\/a>.<\/em><\/li>\n\n<li><em>A.D. de la C\u00f4te-d\u2019Or, \u00e9tat civil num\u00e9ris\u00e9<\/em>, <em>Arnay-le-Duc 1911 \u2013 1915 [FRADO21EC 26\/040], Renaud Jean Baptiste (transcription), n\u00b073, 1915, <a href=\"https:\/\/archives.cotedor.fr\/v2\/ark:\/71137\/g84e2727b8986dad2c7eb7a23de11b558\/bb079f6b97683f4c02fd46c65c4234a5\/253\/ZnJhZDAyMV8wMjZfMmUwMjZhcnQwMzZfMDI1My5qcGc=\">vues 253-54\/271<\/a>.<\/em><\/li>\n\n<li>(1) <em>A.D. de la C\u00f4te-d\u2019Or, \u00e9tat civil num\u00e9ris\u00e9<\/em>, <em>Arnay-le-Duc 1921 \u2013 1926 [FRADO21EC 26\/046], Renaud Alexandre (transcription), n\u00b024, 1923, <a href=\"https:\/\/archives.cotedor.fr\/v2\/ark:\/71137\/g6d0b82d4863f8eb85633e62351b4db11\/fe9bc241f2369c4d1ccac4c4e48c6bc5\/141\/ZnJhZDAyMV8wMjZfMmUwMjZhcnQwMzhfMDE0MS5qcGc=\">vue 141\/304<\/a>.<\/em><\/li><\/ul><\/div><p><\/p>","protected":false},"excerpt":{"rendered":"<p>Renaud Jean Baptiste \u00a4 27 octobre 1880 \u00e0 Arnay-le-Duc\u2020 18 ao\u00fbt 1915 au Bois d&rsquo;Ailly (Meuse)2e classe &#8211; 10e R\u00e9giment d\u2019infanterie \u2013 34 ansTu\u00e9 \u00e0 [&#8230;]<\/p>\n","protected":false},"author":2,"featured_media":0,"parent":0,"menu_order":0,"comment_status":"closed","ping_status":"closed","template":"","meta":{"footnotes":""},"class_list":["post-243","page","type-page","status-publish","hentry"],"yoast_head":"<!-- This site is optimized with the Yoast SEO plugin v25.6 - https:\/\/yoast.com\/wordpress\/plugins\/seo\/ -->\n<title>RENAUD Jean Baptiste - Arnay-le-Duc 1914-1918<\/title>\n<meta name=\"robots\" content=\"index, follow, max-snippet:-1, max-image-preview:large, max-video-preview:-1\" \/>\n<link rel=\"canonical\" href=\"https:\/\/alisteraldridge.fr\/arnay1418\/renaud-jean-baptiste\/\" \/>\n<meta property=\"og:locale\" content=\"fr_FR\" \/>\n<meta property=\"og:type\" content=\"article\" \/>\n<meta property=\"og:title\" content=\"RENAUD Jean Baptiste - Arnay-le-Duc 1914-1918\" \/>\n<meta property=\"og:description\" content=\"Renaud Jean Baptiste \u00a4 27 octobre 1880 \u00e0 Arnay-le-Duc\u2020 18 ao\u00fbt 1915 au Bois d&rsquo;Ailly (Meuse)2e classe &#8211; 10e R\u00e9giment d\u2019infanterie \u2013 34 ansTu\u00e9 \u00e0 [...]\" \/>\n<meta property=\"og:url\" content=\"https:\/\/alisteraldridge.fr\/arnay1418\/renaud-jean-baptiste\/\" \/>\n<meta property=\"og:site_name\" content=\"Arnay-le-Duc 1914-1918\" \/>\n<meta property=\"article:modified_time\" content=\"2023-01-17T23:27:45+00:00\" \/>\n<meta name=\"twitter:card\" content=\"summary_large_image\" \/>\n<meta name=\"twitter:label1\" content=\"Dur\u00e9e de lecture estim\u00e9e\" \/>\n\t<meta name=\"twitter:data1\" content=\"6 minutes\" \/>\n<script type=\"application\/ld+json\" class=\"yoast-schema-graph\">{\"@context\":\"https:\/\/schema.org\",\"@graph\":[{\"@type\":\"WebPage\",\"@id\":\"https:\/\/alisteraldridge.fr\/arnay1418\/renaud-jean-baptiste\/\",\"url\":\"https:\/\/alisteraldridge.fr\/arnay1418\/renaud-jean-baptiste\/\",\"name\":\"RENAUD Jean Baptiste - Arnay-le-Duc 1914-1918\",\"isPartOf\":{\"@id\":\"https:\/\/alisteraldridge.fr\/arnay1418\/#website\"},\"datePublished\":\"2022-01-16T14:57:19+00:00\",\"dateModified\":\"2023-01-17T23:27:45+00:00\",\"breadcrumb\":{\"@id\":\"https:\/\/alisteraldridge.fr\/arnay1418\/renaud-jean-baptiste\/#breadcrumb\"},\"inLanguage\":\"fr-FR\",\"potentialAction\":[{\"@type\":\"ReadAction\",\"target\":[\"https:\/\/alisteraldridge.fr\/arnay1418\/renaud-jean-baptiste\/\"]}]},{\"@type\":\"BreadcrumbList\",\"@id\":\"https:\/\/alisteraldridge.fr\/arnay1418\/renaud-jean-baptiste\/#breadcrumb\",\"itemListElement\":[{\"@type\":\"ListItem\",\"position\":1,\"name\":\"Home\",\"item\":\"https:\/\/alisteraldridge.fr\/arnay1418\/\"},{\"@type\":\"ListItem\",\"position\":2,\"name\":\"RENAUD Jean Baptiste\"}]},{\"@type\":\"WebSite\",\"@id\":\"https:\/\/alisteraldridge.fr\/arnay1418\/#website\",\"url\":\"https:\/\/alisteraldridge.fr\/arnay1418\/\",\"name\":\"Arnay-le-Duc 1914-1918\",\"description\":\"Histoire d&#039;une ville bourguignonne pendant la Premi\u00e8re Guerre mondiale\",\"potentialAction\":[{\"@type\":\"SearchAction\",\"target\":{\"@type\":\"EntryPoint\",\"urlTemplate\":\"https:\/\/alisteraldridge.fr\/arnay1418\/?s={search_term_string}\"},\"query-input\":{\"@type\":\"PropertyValueSpecification\",\"valueRequired\":true,\"valueName\":\"search_term_string\"}}],\"inLanguage\":\"fr-FR\"}]}<\/script>\n<!-- \/ Yoast SEO plugin. -->","yoast_head_json":{"title":"RENAUD Jean Baptiste - Arnay-le-Duc 1914-1918","robots":{"index":"index","follow":"follow","max-snippet":"max-snippet:-1","max-image-preview":"max-image-preview:large","max-video-preview":"max-video-preview:-1"},"canonical":"https:\/\/alisteraldridge.fr\/arnay1418\/renaud-jean-baptiste\/","og_locale":"fr_FR","og_type":"article","og_title":"RENAUD Jean Baptiste - Arnay-le-Duc 1914-1918","og_description":"Renaud Jean Baptiste \u00a4 27 octobre 1880 \u00e0 Arnay-le-Duc\u2020 18 ao\u00fbt 1915 au Bois d&rsquo;Ailly (Meuse)2e classe &#8211; 10e R\u00e9giment d\u2019infanterie \u2013 34 ansTu\u00e9 \u00e0 [...]","og_url":"https:\/\/alisteraldridge.fr\/arnay1418\/renaud-jean-baptiste\/","og_site_name":"Arnay-le-Duc 1914-1918","article_modified_time":"2023-01-17T23:27:45+00:00","twitter_card":"summary_large_image","twitter_misc":{"Dur\u00e9e de lecture estim\u00e9e":"6 minutes"},"schema":{"@context":"https:\/\/schema.org","@graph":[{"@type":"WebPage","@id":"https:\/\/alisteraldridge.fr\/arnay1418\/renaud-jean-baptiste\/","url":"https:\/\/alisteraldridge.fr\/arnay1418\/renaud-jean-baptiste\/","name":"RENAUD Jean Baptiste - Arnay-le-Duc 1914-1918","isPartOf":{"@id":"https:\/\/alisteraldridge.fr\/arnay1418\/#website"},"datePublished":"2022-01-16T14:57:19+00:00","dateModified":"2023-01-17T23:27:45+00:00","breadcrumb":{"@id":"https:\/\/alisteraldridge.fr\/arnay1418\/renaud-jean-baptiste\/#breadcrumb"},"inLanguage":"fr-FR","potentialAction":[{"@type":"ReadAction","target":["https:\/\/alisteraldridge.fr\/arnay1418\/renaud-jean-baptiste\/"]}]},{"@type":"BreadcrumbList","@id":"https:\/\/alisteraldridge.fr\/arnay1418\/renaud-jean-baptiste\/#breadcrumb","itemListElement":[{"@type":"ListItem","position":1,"name":"Home","item":"https:\/\/alisteraldridge.fr\/arnay1418\/"},{"@type":"ListItem","position":2,"name":"RENAUD Jean Baptiste"}]},{"@type":"WebSite","@id":"https:\/\/alisteraldridge.fr\/arnay1418\/#website","url":"https:\/\/alisteraldridge.fr\/arnay1418\/","name":"Arnay-le-Duc 1914-1918","description":"Histoire d&#039;une ville bourguignonne pendant la Premi\u00e8re Guerre mondiale","potentialAction":[{"@type":"SearchAction","target":{"@type":"EntryPoint","urlTemplate":"https:\/\/alisteraldridge.fr\/arnay1418\/?s={search_term_string}"},"query-input":{"@type":"PropertyValueSpecification","valueRequired":true,"valueName":"search_term_string"}}],"inLanguage":"fr-FR"}]}},"featured_image_src":null,"jetpack_sharing_enabled":true,"_links":{"self":[{"href":"https:\/\/alisteraldridge.fr\/arnay1418\/wp-json\/wp\/v2\/pages\/243"}],"collection":[{"href":"https:\/\/alisteraldridge.fr\/arnay1418\/wp-json\/wp\/v2\/pages"}],"about":[{"href":"https:\/\/alisteraldridge.fr\/arnay1418\/wp-json\/wp\/v2\/types\/page"}],"author":[{"embeddable":true,"href":"https:\/\/alisteraldridge.fr\/arnay1418\/wp-json\/wp\/v2\/users\/2"}],"replies":[{"embeddable":true,"href":"https:\/\/alisteraldridge.fr\/arnay1418\/wp-json\/wp\/v2\/comments?post=243"}],"version-history":[{"count":1,"href":"https:\/\/alisteraldridge.fr\/arnay1418\/wp-json\/wp\/v2\/pages\/243\/revisions"}],"predecessor-version":[{"id":2385,"href":"https:\/\/alisteraldridge.fr\/arnay1418\/wp-json\/wp\/v2\/pages\/243\/revisions\/2385"}],"wp:attachment":[{"href":"https:\/\/alisteraldridge.fr\/arnay1418\/wp-json\/wp\/v2\/media?parent=243"}],"curies":[{"name":"wp","href":"https:\/\/api.w.org\/{rel}","templated":true}]}}