{"id":2009,"date":"2022-09-07T16:42:15","date_gmt":"2022-09-07T16:42:15","guid":{"rendered":"https:\/\/arnay1418.rarebook-ubfc.fr\/?page_id=2009"},"modified":"2023-04-27T11:23:04","modified_gmt":"2023-04-27T11:23:04","slug":"caillot-lazare-rene","status":"publish","type":"page","link":"https:\/\/alisteraldridge.fr\/arnay1418\/caillot-lazare-rene\/","title":{"rendered":"CAILLOT Lazare Ren\u00e9"},"content":{"rendered":"<p class=\"has-text-align-center has-large-font-size\"><strong>CAILLOT <\/strong>Lazare Ren\u00e9<\/p><p class=\"has-text-align-center\">\u00a4 30 d\u00e9cembre 1875 \u00e0 Mimeure (C\u00f4te-d\u2019Or)<br>\u2020 27 avril 1919 \u00e0 Arnay-le-Duc<br>Soldat \u2013 21<sup>e<\/sup> r\u00e9giment d\u2019infanterie coloniale \/ d\u00e9tach\u00e9 sp\u00e9cial \u2013 43 ans<br>Mort des suites de maladie non imput\u00e9e au service<\/p><hr class=\"wp-block-separator has-text-color has-dark-gray-color has-alpha-channel-opacity has-dark-gray-background-color has-background is-style-wide\"\/><h1 class=\"wp-block-heading\">Acte de naissance<\/h1><p class=\"has-text-align-center\"><em>N\u00b022<\/em><\/p><p class=\"has-text-align-center\"><em>Acte de Naissance<br>de<br>Caillot Lazare Ren\u00e9<br>&#8212;<br>Du 31 d\u00e9cembre 1875<br>&#8212;<\/em><\/p><p>L\u2019an mil huit cent soixante-quinze, le trente-un d\u00e9cembre, \u00e0 huit heures du matin, par devant nous Rossignol Lazare, Maire et Officier de l\u2019Etat civil de la commune de Mimeure, canton d\u2019Arnay-le-Duc, d\u00e9partement de la C\u00f4te-d\u2019Or, est comparu Caillot Lazare, \u00e2g\u00e9 de vingt-sept ans, mar\u00e9chal domicili\u00e9 \u00e0 Mimeure. Lequel nous a pr\u00e9sent\u00e9 un enfant du sexe masculin, n\u00e9 hier trente du pr\u00e9sent mois de d\u00e9cembre, \u00e0 dix heures du soir, en son domicile sis au dit Mimeure, du mariage contract\u00e9 en cette commune le cinq juillet dernier entre lui d\u00e9clarant et Jeanne Rossignol, son \u00e9pouse, \u00e2g\u00e9e de vingt-deux ans, sans profession particuli\u00e8re, domicili\u00e9e avec lui et auquel enfant il a d\u00e9clar\u00e9 donner les pr\u00e9noms de Lazare Ren\u00e9. Les dites d\u00e9claration et pr\u00e9sentation faites en pr\u00e9sence de Caillot Louis, \u00e2g\u00e9 de soixante-trois ans, journalier, a\u00efeul paternel de l\u2019enfant et de Jourot Jean Baptiste, \u00e2g\u00e9 de vingt-huit ans, instituteur, tous les deux domicili\u00e9s \u00e0 Mimeure et ont le p\u00e8re et les t\u00e9moins sign\u00e9 avec nous le pr\u00e9sent acte apr\u00e8s qu\u2019il leur en a \u00e9t\u00e9 fait lecture.<br>[Signatures] Jourot \/ Caillot \/ Caillot \/ Rossignol<br>[Mention marginale] Par acte dress\u00e9 \u00e0 la mairie de Arnay-le-Duc, le 8 avril 1899, Caillot Lazare Ren\u00e9, dont l\u2019acte de naissance est ci-contre, a contract\u00e9 mariage avec Lucotte Pierrette. Dont mention faite le 30 mai 1899. Le greffier. [Signature] Delorme.<\/p><p>[<a href=\"https:\/\/archives.cotedor.fr\/v2\/ark:\/71137\/g1a9d44c4ddab0e99f96909a6b4de0c53\/680c1ed55a69a493f6060b0e0c147b6f\/66\/ZnJhZDAyMV80MTNfMmU0MTNhcnQwMTBfMDA2Ni5qcGc=\" target=\"_blank\" rel=\"noreferrer noopener nofollow\">Lien vers le document original<\/a>]<\/p><h1 class=\"wp-block-heading\">Fiche matricule<\/h1><div class=\"tableFM\">\n<em>Duplicata livret individuel le 25 juin 1919.<br>\nD\u00e9c\u00e9d\u00e9<\/em>\n<p><strong>Nom : <\/strong><em>Caillot<\/em><br>\n<strong>Pr\u00e9noms : <\/strong><em>Lazare Ren\u00e9<\/em><br>\n<strong>Surnoms : <\/strong><em>_<\/em><br>\n<strong>Num\u00e9ro matricule du recrutement : <\/strong><em>746<\/em><br>\n<strong>Classe de mobilisation : <\/strong><em>1895<\/em><\/p>\n<hr>\n<h3>\u00c9tat civil :<\/h3>\n<p><strong>N\u00e9 le<\/strong> <em>30 d\u00e9cembre 1875<\/em>, <strong>\u00e0<\/strong> <em>Mimeure<\/em>, <strong>canton d<\/strong><em>&lsquo;Arnay-le-Duc<\/em>, <strong>d\u00e9partement de<\/strong> <em>la C\u00f4te-d&rsquo;Or<\/em>, <strong>r\u00e9sidant \u00e0<\/strong> <em>Mimeure<\/em>, <strong>canton d<\/strong><em>&lsquo;Arnay-le-Duc<\/em>, d\u00e9partement de<\/strong> <em>la C\u00f4te-d&rsquo;Or<\/em>, <strong>profession de<\/strong> <em>manouvrier<\/em>, <strong>fils de<\/strong> <em>feu Lazare<\/em><strong> et de<\/strong> <em>Jeanne Rossignol<\/em><strong> domicili\u00e9s \u00e0<\/strong> <em>Mimeure<\/em>, <strong>canton d<\/strong><em>&lsquo;Arnay-le-Duc<\/em>, <strong>d\u00e9partement de<\/strong> <em>la C\u00f4te-d&rsquo;Or<\/em>.<\/p>\n<p><strong>N\u00b0.<\/strong><em>2<\/em> <strong>de tirage dans le canton d<\/strong><em>&lsquo;Arnay-le-Duc<\/em>.<\/p>\n<hr>\n<h3>Signalement :<\/h3>\n<p><strong>Cheveux<\/strong> <em>et<\/em>, <strong>sourcils<\/strong> <em>noirs<\/em>,<br>\n<strong>yeux<\/strong> <em>ch\u00e2tains<\/em>, <strong>front<\/strong> <em>ordinaire<\/em>,<br>\n<strong>nez<\/strong> <em>moyen<\/em>, <strong>bouche<\/strong> <em>moyenne<\/em>,<br>\n<strong>menton<\/strong> <em>fossette<\/em>, <strong>visage<\/strong> <em>ovale<\/em>,<br>\n<strong>Taille :<\/strong> <em>1<\/em><strong> m. <\/strong><em>57<\/em> <strong>cent. Taille rectifi\u00e9e :<\/strong> <em>_<\/em><strong> m. <\/strong><em>_<\/em> <strong>cent.<\/strong><br>\n<strong>Marques particuli\u00e8res : <\/strong><em>_<\/em><br>\n<strong>Degr\u00e9 d\u2019instruction : g\u00e9n\u00e9rale : <\/strong><em>3<\/em> <strong>\/ militaire :<\/strong> <em>_<\/em>.<\/p>\n<hr>\n<h3>D\u00e9cision du conseil de r\u00e9vision et motifs :<\/h3>\n<p><em>Dispens\u00e9 article 21.<br>\nFils unique de femme veuve<\/em>.<\/p>\n<p><strong>Compris dans la<\/strong> <em>2<sup>e<\/sup><\/em> <strong>partie de la liste du recrutement cantonal (__<sup>e<\/sup> portion)<\/strong>.<\/p>\n<hr>\n<h3>Corps d\u2019affectation \/ Num\u00e9ros au contr\u00f4le sp\u00e9cial \u2013 matricule ou au r\u00e9pertoire<\/h3>\n<p><strong>Dans l\u2019arm\u00e9e active :<\/strong> <em>160<sup>e<\/sup> r\u00e9giment d&rsquo;Infanterie <\/em><br>\n<strong>Disponibilit\u00e9 et r\u00e9serve de l\u2019arm\u00e9e active :<\/strong> <em>R\u00e9giment d&rsquo;Infanterie &#8211; <del>03583<\/del><\/em><br>\n<strong>Arm\u00e9e territoriale et sa r\u00e9serve :<\/strong> <em>57<sup>e<\/sup> r\u00e9giment territorial d&rsquo;Infanterie &#8211; <del>16976<\/del><br>\n&#8211; 21<sup>e<\/sup> r\u00e9giment d&rsquo;infanterie coloniale &#8211; 35<sup>m.<\/sup>465<br><\/em>.<\/p>\n<hr>\n<h3>D\u00e9tail des services et mutations diverses.\n(Campagnes, blessures, actions d&rsquo;\u00e9clat, d\u00e9corations, etc.)<\/h3>\n<p><em>Incorpor\u00e9 au 160<sup>e<\/sup> R\u00e9giment d&rsquo;Infanterie \u00e0 compter du 12 Novembre 1896. Arriv\u00e9 au corps et soldat de 2<sup>e<\/sup> classe le dit jour. Immatricul\u00e9 sous le N\u00b09390. Envoy\u00e9 dans la disponibilit\u00e9 le 18 septembre 1897 en attendant son passage dans la r\u00e9serve de l&rsquo;arm\u00e9e active. Certificat de bonne conduite accord\u00e9<\/em>.<\/p>\n<hr>\n<strong>Pass\u00e9 dans la <\/strong><em>_<\/em> <strong>de l\u2019arm\u00e9e active le <\/strong><em>_<\/em>.\n<h3>Dans la disponibilit\u00e9 ou dans la r\u00e9serve de l\u2019arm\u00e9e active.<\/h3>\n<p><em>Affect\u00e9 au r\u00e9giment d&rsquo;infanterie stationn\u00e9 \u00e0 Auxonne<\/em>.<\/p>\n<p><strong>A accompli une 1<sup>re<\/sup> p\u00e9riode d\u2019exercice dans l<\/strong><em>e 10<sup>e<\/sup> R\u00e9giment d&rsquo;Infanterie<\/em> <strong>du<\/strong> <em>25 ao\u00fbt<\/em> <strong>au<\/strong> <em>21 septembre 1902<\/em>.<br>\n<strong>A accompli une 2<sup>e<\/sup> p\u00e9riode d\u2019exercices dans l<\/strong><em>e 10<sup>e<\/sup> r\u00e9giment d&rsquo;Infanterie<\/em> <strong>du<\/strong> <em>21 ao\u00fbt<\/em><strong>au <\/strong><em>17 septembre 1905<\/em>.<br>\n<strong>Pass\u00e9 dans l\u2019arm\u00e9e territoriale le <em>_<\/em><\/strong>.<br><\/p>\n<hr>\n<h3>Dans l\u2019arm\u00e9e territoriale\net dans sa r\u00e9serve.<\/h3>\n<p><em>57<sup>e<\/sup> r\u00e9giment Territorial d&rsquo;Infanterie. Soldat &#8211; <del>352<\/del><br>\nRappel\u00e9 \u00e0 l&rsquo;activit\u00e9, mobilisation g\u00e9n\u00e9rale du 2 ao\u00fbt 1914. Arriv\u00e9 au corps le 3 ao\u00fbt 1914. Pass\u00e9 au 21<sup>e<\/sup> r\u00e9giment d&rsquo;infanterie coloniale le 18-7-17 par d\u00e9cision du g\u00e9n\u00e9ral gouverneur militaire de Paris, du 7 novembre 1917.<br>\nD\u00e9tach\u00e9 aux \u00c9tablissements Delaunay-Belleville \u00e0 St-Denis du 1<sup>er<\/sup> septembre 1916 au 29 juin 1917. D\u00e9tach\u00e9 aux \u00c9tablissements Cl\u00e9ment \u00e0 Boulogne-sur-Seine du 30 juin 1917 au.<br>\n(article 6 de la loi du 17 ao\u00fbt 1915)<br>\nMis en cong\u00e9 illimit\u00e9 de d\u00e9mobilisation le 28 mars 1919, 2 \u00e9chelon n\u00b03841<br>\nD\u00e9p\u00f4t d\u00e9mobilisation : 10<sup>e<\/sup> Infanterie<br>\nSe retire \u00e0 Arnay-le-Duc (C\u00f4te-d&rsquo;Or)<br>\nD\u00e9c\u00e9d\u00e9 \u00e0 Arnay-le-Duc (C\u00f4te-d&rsquo;Or) le 27 avril 1919 (avis de la mairie en date du 15 mai 1919.<br>\n<center>Campagnes<\/center><br>\nContre l&rsquo;Allemagne du 3 ao\u00fbt 1914 au 31 ao\u00fbt 1916<\/em>.<br>\n<strong>A accompli une p\u00e9riode d&rsquo;exercices dans l<\/strong><em>e 57<sup>e<\/sup> territorial d&rsquo;Infanterie <\/em><strong> du<\/strong> <em>3 mai<\/em> <strong>au<\/strong> <em>11 mai 1911<\/em><br>\n<strong>Pass\u00e9 dans la r\u00e9serve de l&rsquo;arm\u00e9e territoriale le <\/strong><em>_<\/em>.<br>\n<strong>Lib\u00e9r\u00e9 du service militaire le<\/strong> <em>_<\/em><\/p>\n<hr>\n<h3>Localit\u00e9s successives habit\u00e9es<br>par suite de changements de domicile ou de r\u00e9sidence<\/h3>\n<strong>Dates \/ Communes \/ Subdivisions de r\u00e9gion \/ D : Domicile, R : R\u00e9sidence<\/strong>\n<p><em>_<\/em><\/p>\n<hr>\n<h3>\u00c9poque \u00e0 laquelle l\u2019homme doit passer dans :<\/h3>\n<p><strong>La disponibilit\u00e9 de l\u2019arm\u00e9e active :<\/strong><em>_<\/em><br>\n<strong>La r\u00e9serve de l\u2019arm\u00e9e active :<\/strong><em>19 novembre 1899<\/em><br>\n<strong>L\u2019arm\u00e9e territoriale :<\/strong><em>19 novembre 1909 \/ 1 octobre 1909<\/em><br>\n<strong>La r\u00e9serve de l\u2019arm\u00e9e territoriale : <\/strong><em>19 novembre 1915 \/ 1 octobre 1915<\/em><br>\n<strong>Date de la lib\u00e9ration du service militaire :<\/strong><em>17 novembre 1921 \/ 1 octobre 1921<\/em>.<\/p>\n<\/div><p>[<a href=\"https:\/\/archives.cotedor.fr\/v2\/ark:\/71137\/g7ed9a799dec811e940ba8d278ec63787\/9feb9c6248e72fd4940ce17ea6997921\/427\/ZnJhZDAyMV9yMjMzNF8wNDI3LmpwZw==\" target=\"_blank\" rel=\"noreferrer noopener nofollow\">Lien vers le document original<\/a>]<\/p><h1 class=\"wp-block-heading\">D\u00e9c\u00e8s<\/h1><p class=\"has-text-align-center\"><em>N\u00b034<\/em><\/p><p class=\"has-text-align-center\"><em>D\u00e9c\u00e8s<br>de<br>Caillot Lazare Ren\u00e9<br>mari\u00e9 44 ans<br>&#8212;<br>27 ao\u00fbt 1919<br>&#8212;<\/em><\/p><p>Le vingt sept avril mil neuf cent dix neuf, quinze heures, Lazare Ren\u00e9 Caillot, n\u00e9 \u00e0 Mimeure le vingt neuf d\u00e9cembre mil huit cent soixante quinze, ouvrier en limes, fils des d\u00e9funts Lazare Caillot et de Jeanne Rossignol, \u00e9poux de Lucotte, Pierrette, est d\u00e9c\u00e9d\u00e9 en son domicile rue Auguste Dubois. Dress\u00e9 le vingt huit avril mil neuf cent dix neuf, neuf heures, sur la d\u00e9claration de Jean B\u00e9zulier, cinquante neuf ans, secr\u00e9taire de la mairie et de L\u00e9on Baudelot vingt cinq ans, instituteur adjoint tous deux domicili\u00e9s \u00e0 Arnay-le-Duc, qui, lecture faite ont sign\u00e9 avec nous Claude Bullier adjoint faisant fonctions de maire d\u2019Arnay-le-Duc.<br>[Signatures] B\u00e9zulier \/ L. Baudelot \/ C. Bullier<\/p><p>[<a href=\"https:\/\/archives.cotedor.fr\/v2\/ark:\/71137\/g77c864dae582bb1df5090c4ce3b62a10\/8c2f9bcd65715cd287912f7535d81667\/213\/ZnJhZDAyMV8wMjZfMmUwMjZhcnQwMzdfMDIxMy5qcGc=\" target=\"_blank\" rel=\"noreferrer noopener nofollow\">Lien vers le document original<\/a>]<\/p><h1 class=\"wp-block-heading\">Donn\u00e9es additionnelles<\/h1><p>\u00c0 la fin de son service militaire effectu\u00e9 160<sup>e<\/sup> r\u00e9giment d\u2019infanterie, Lazare Caillot s\u2019installe \u00e0 Arnay-le-Duc et travaille \u00e0 la limerie comme ouvrier. Le 8 avril 1899, il \u00e9pouse Pierrette Lucotte, une Arn\u00e9toise, fille de l\u2019ouvrier en limes Jean et de Marie Laroche. Lazare a pour t\u00e9moins son cousin Louis Lucotte de Mimeure, et son coll\u00e8gue Claude Sernet<sup>(1)<\/sup>. Le couple s\u2019installe rue de Dijon.<\/p><p>Soldat de l\u2019arm\u00e9e territoriale, Lazare rejoint le 57<sup>e<\/sup> r\u00e9giment territorial d\u2019infanterie comme de nombreux autres Arn\u00e9tois de son \u00e2ge. Il n\u2019est pas certain s\u2019il part pour le front ou s\u2019il reste au d\u00e9p\u00f4t du r\u00e9giment. Le 1<sup>er<\/sup> septembre 1916, il est d\u00e9tach\u00e9 pour travailler comme ouvrier \u00e0 Saint-Denis chez Delaunay-Belleville, constructeur de voitures de luxe. Pendant le conflit, la production de l\u2019entreprise est transform\u00e9e pour aider \u00e0 l\u2019effort de guerre et les ouvriers fabriquent des fusils, des moteurs d\u2019avion et les fameux chars Renault FT. Fin juin 1917, bien que transf\u00e9r\u00e9 au 21<sup>e<\/sup> r\u00e9giment d\u2019infanterie coloniale, le soldat Caillot reste d\u00e9tach\u00e9 dans les usines. Il part pour Boulogne-sur-Seine (Boulogne-Billancourt) et l\u2019usine Cl\u00e9ment.<\/p><p>Lazare est officiellement d\u00e9mobilis\u00e9 le 28 mars 1919. Il n\u2019est pas impossible qu\u2019il soit d\u00e9j\u00e0 chez lui \u00e0 Arnay car il est probablement d\u00e9j\u00e0 en mauvaise sant\u00e9 puisqu\u2019il s\u2019\u00e9teint en son domicile un mois plus tard, le 27 avril. Les raisons ne sont pas indiqu\u00e9es, mais il s\u2019agit certainement d\u2019une maladie. L\u2019arm\u00e9e ne consid\u00e8re pas que la mort de Lazare Caillot soit imputable au service et la mention <em>mort pour la France <\/em>ne lui est pas attribu\u00e9e. Sa famille et la commune estiment quant \u00e0 eux que son d\u00e9c\u00e8s est bien le r\u00e9sultat de la guerre puisque son nom est inscrit sur le monument aux morts.<\/p><h1 class=\"wp-block-heading\">Carte<\/h1><p>\u00c0 venir<\/p><h1 class=\"wp-block-heading\">Sources<\/h1><ul class=\"wp-block-list\"><li><em>A. D. de la C\u00f4te-d\u2019Or, \u00e9tat civil num\u00e9ris\u00e9, Mimeure 1873 \u2013 1881 (FRAD021EC 413\/007), Caillot Lazare Ren\u00e9, n\u00b022, 1875, <\/em><a href=\"https:\/\/archives.cotedor.fr\/v2\/ark:\/71137\/g1a9d44c4ddab0e99f96909a6b4de0c53\/680c1ed55a69a493f6060b0e0c147b6f\/66\/ZnJhZDAyMV80MTNfMmU0MTNhcnQwMTBfMDA2Ni5qcGc=\" target=\"_blank\" rel=\"noreferrer noopener nofollow\"><em>vue 66\/191<\/em><\/a><em>.<\/em><\/li>\n\n<li><em>A.D. de la C\u00f4te-d\u2019Or, recrutement militaire (1867-1940)<\/em>, <em>classe 1895, bureau d\u2019Auxonne (R 2334), <\/em><a href=\"https:\/\/archives.cotedor.fr\/v2\/ark:\/71137\/g7ed9a799dec811e940ba8d278ec63787\/9feb9c6248e72fd4940ce17ea6997921\/427\/ZnJhZDAyMV9yMjMzNF8wNDI3LmpwZw==\" target=\"_blank\" rel=\"noreferrer noopener nofollow\"><em>vues 426-27\/856<\/em><\/a>.<\/li>\n\n<li><em>A.D. de la C\u00f4te-d\u2019Or, \u00e9tat civil num\u00e9ris\u00e9<\/em>, <em>Arnay-le-Duc 1916 \u2013 1920 (FRAD021EC 26\/041), Caillot Lazare Ren\u00e9, n\u00b034, 1919, <\/em><a href=\"https:\/\/archives.cotedor.fr\/v2\/ark:\/71137\/g77c864dae582bb1df5090c4ce3b62a10\/8c2f9bcd65715cd287912f7535d81667\/213\/ZnJhZDAyMV8wMjZfMmUwMjZhcnQwMzdfMDIxMy5qcGc=\" target=\"_blank\" rel=\"noreferrer noopener nofollow\"><em>vues 213-14\/329<\/em><\/a><em>.<\/em><\/li>\n\n<li><em>A.D. de la C\u00f4te-d\u2019Or, \u00e9tat civil num\u00e9ris\u00e9, Arnay-le-Duc 1897-1900 (FRAD021EC 26\/37), Caillot Lazare Ren\u00e9 \u2013 Lucotte Pierrette, n\u00b030, 1899, <a href=\"https:\/\/archives.cotedor.fr\/v2\/ark:\/71137\/g8b89b0b015e74cce53f94d1cdd5b75cb\/afa47e097da50238bb8ebd59d55fc3ef\/157\/ZnJhZDAyMV8wMjZfMmUwMjZhcnQwMzNfMDE1Ny5qcGc=\" target=\"_blank\" rel=\"noreferrer noopener nofollow\">vues 157-56\/300<\/a>.<\/em><\/li><\/ul>","protected":false},"excerpt":{"rendered":"<p>CAILLOT Lazare Ren\u00e9 \u00a4 30 d\u00e9cembre 1875 \u00e0 Mimeure (C\u00f4te-d\u2019Or)\u2020 27 avril 1919 \u00e0 Arnay-le-DucSoldat \u2013 21e r\u00e9giment d\u2019infanterie coloniale \/ d\u00e9tach\u00e9 sp\u00e9cial \u2013 43 [&#8230;]<\/p>\n","protected":false},"author":2,"featured_media":0,"parent":0,"menu_order":0,"comment_status":"closed","ping_status":"closed","template":"","meta":{"footnotes":""},"class_list":["post-2009","page","type-page","status-publish","hentry"],"yoast_head":"<!-- This site is optimized with the Yoast SEO plugin v25.6 - https:\/\/yoast.com\/wordpress\/plugins\/seo\/ -->\n<title>CAILLOT Lazare Ren\u00e9 - Arnay-le-Duc 1914-1918<\/title>\n<meta name=\"robots\" content=\"index, follow, max-snippet:-1, max-image-preview:large, max-video-preview:-1\" \/>\n<link rel=\"canonical\" href=\"https:\/\/alisteraldridge.fr\/arnay1418\/caillot-lazare-rene\/\" \/>\n<meta property=\"og:locale\" content=\"fr_FR\" \/>\n<meta property=\"og:type\" content=\"article\" \/>\n<meta property=\"og:title\" content=\"CAILLOT Lazare Ren\u00e9 - Arnay-le-Duc 1914-1918\" \/>\n<meta property=\"og:description\" content=\"CAILLOT Lazare Ren\u00e9 \u00a4 30 d\u00e9cembre 1875 \u00e0 Mimeure (C\u00f4te-d\u2019Or)\u2020 27 avril 1919 \u00e0 Arnay-le-DucSoldat \u2013 21e r\u00e9giment d\u2019infanterie coloniale \/ d\u00e9tach\u00e9 sp\u00e9cial \u2013 43 [...]\" \/>\n<meta property=\"og:url\" content=\"https:\/\/alisteraldridge.fr\/arnay1418\/caillot-lazare-rene\/\" \/>\n<meta property=\"og:site_name\" content=\"Arnay-le-Duc 1914-1918\" \/>\n<meta property=\"article:modified_time\" content=\"2023-04-27T11:23:04+00:00\" \/>\n<meta name=\"twitter:card\" content=\"summary_large_image\" \/>\n<meta name=\"twitter:label1\" content=\"Dur\u00e9e de lecture estim\u00e9e\" \/>\n\t<meta name=\"twitter:data1\" content=\"7 minutes\" \/>\n<script type=\"application\/ld+json\" class=\"yoast-schema-graph\">{\"@context\":\"https:\/\/schema.org\",\"@graph\":[{\"@type\":\"WebPage\",\"@id\":\"https:\/\/alisteraldridge.fr\/arnay1418\/caillot-lazare-rene\/\",\"url\":\"https:\/\/alisteraldridge.fr\/arnay1418\/caillot-lazare-rene\/\",\"name\":\"CAILLOT Lazare Ren\u00e9 - Arnay-le-Duc 1914-1918\",\"isPartOf\":{\"@id\":\"https:\/\/alisteraldridge.fr\/arnay1418\/#website\"},\"datePublished\":\"2022-09-07T16:42:15+00:00\",\"dateModified\":\"2023-04-27T11:23:04+00:00\",\"breadcrumb\":{\"@id\":\"https:\/\/alisteraldridge.fr\/arnay1418\/caillot-lazare-rene\/#breadcrumb\"},\"inLanguage\":\"fr-FR\",\"potentialAction\":[{\"@type\":\"ReadAction\",\"target\":[\"https:\/\/alisteraldridge.fr\/arnay1418\/caillot-lazare-rene\/\"]}]},{\"@type\":\"BreadcrumbList\",\"@id\":\"https:\/\/alisteraldridge.fr\/arnay1418\/caillot-lazare-rene\/#breadcrumb\",\"itemListElement\":[{\"@type\":\"ListItem\",\"position\":1,\"name\":\"Home\",\"item\":\"https:\/\/alisteraldridge.fr\/arnay1418\/\"},{\"@type\":\"ListItem\",\"position\":2,\"name\":\"CAILLOT Lazare Ren\u00e9\"}]},{\"@type\":\"WebSite\",\"@id\":\"https:\/\/alisteraldridge.fr\/arnay1418\/#website\",\"url\":\"https:\/\/alisteraldridge.fr\/arnay1418\/\",\"name\":\"Arnay-le-Duc 1914-1918\",\"description\":\"Histoire d&#039;une ville bourguignonne pendant la Premi\u00e8re Guerre mondiale\",\"potentialAction\":[{\"@type\":\"SearchAction\",\"target\":{\"@type\":\"EntryPoint\",\"urlTemplate\":\"https:\/\/alisteraldridge.fr\/arnay1418\/?s={search_term_string}\"},\"query-input\":{\"@type\":\"PropertyValueSpecification\",\"valueRequired\":true,\"valueName\":\"search_term_string\"}}],\"inLanguage\":\"fr-FR\"}]}<\/script>\n<!-- \/ Yoast SEO plugin. -->","yoast_head_json":{"title":"CAILLOT Lazare Ren\u00e9 - Arnay-le-Duc 1914-1918","robots":{"index":"index","follow":"follow","max-snippet":"max-snippet:-1","max-image-preview":"max-image-preview:large","max-video-preview":"max-video-preview:-1"},"canonical":"https:\/\/alisteraldridge.fr\/arnay1418\/caillot-lazare-rene\/","og_locale":"fr_FR","og_type":"article","og_title":"CAILLOT Lazare Ren\u00e9 - Arnay-le-Duc 1914-1918","og_description":"CAILLOT Lazare Ren\u00e9 \u00a4 30 d\u00e9cembre 1875 \u00e0 Mimeure (C\u00f4te-d\u2019Or)\u2020 27 avril 1919 \u00e0 Arnay-le-DucSoldat \u2013 21e r\u00e9giment d\u2019infanterie coloniale \/ d\u00e9tach\u00e9 sp\u00e9cial \u2013 43 [...]","og_url":"https:\/\/alisteraldridge.fr\/arnay1418\/caillot-lazare-rene\/","og_site_name":"Arnay-le-Duc 1914-1918","article_modified_time":"2023-04-27T11:23:04+00:00","twitter_card":"summary_large_image","twitter_misc":{"Dur\u00e9e de lecture estim\u00e9e":"7 minutes"},"schema":{"@context":"https:\/\/schema.org","@graph":[{"@type":"WebPage","@id":"https:\/\/alisteraldridge.fr\/arnay1418\/caillot-lazare-rene\/","url":"https:\/\/alisteraldridge.fr\/arnay1418\/caillot-lazare-rene\/","name":"CAILLOT Lazare Ren\u00e9 - Arnay-le-Duc 1914-1918","isPartOf":{"@id":"https:\/\/alisteraldridge.fr\/arnay1418\/#website"},"datePublished":"2022-09-07T16:42:15+00:00","dateModified":"2023-04-27T11:23:04+00:00","breadcrumb":{"@id":"https:\/\/alisteraldridge.fr\/arnay1418\/caillot-lazare-rene\/#breadcrumb"},"inLanguage":"fr-FR","potentialAction":[{"@type":"ReadAction","target":["https:\/\/alisteraldridge.fr\/arnay1418\/caillot-lazare-rene\/"]}]},{"@type":"BreadcrumbList","@id":"https:\/\/alisteraldridge.fr\/arnay1418\/caillot-lazare-rene\/#breadcrumb","itemListElement":[{"@type":"ListItem","position":1,"name":"Home","item":"https:\/\/alisteraldridge.fr\/arnay1418\/"},{"@type":"ListItem","position":2,"name":"CAILLOT Lazare Ren\u00e9"}]},{"@type":"WebSite","@id":"https:\/\/alisteraldridge.fr\/arnay1418\/#website","url":"https:\/\/alisteraldridge.fr\/arnay1418\/","name":"Arnay-le-Duc 1914-1918","description":"Histoire d&#039;une ville bourguignonne pendant la Premi\u00e8re Guerre mondiale","potentialAction":[{"@type":"SearchAction","target":{"@type":"EntryPoint","urlTemplate":"https:\/\/alisteraldridge.fr\/arnay1418\/?s={search_term_string}"},"query-input":{"@type":"PropertyValueSpecification","valueRequired":true,"valueName":"search_term_string"}}],"inLanguage":"fr-FR"}]}},"featured_image_src":null,"jetpack_sharing_enabled":true,"_links":{"self":[{"href":"https:\/\/alisteraldridge.fr\/arnay1418\/wp-json\/wp\/v2\/pages\/2009"}],"collection":[{"href":"https:\/\/alisteraldridge.fr\/arnay1418\/wp-json\/wp\/v2\/pages"}],"about":[{"href":"https:\/\/alisteraldridge.fr\/arnay1418\/wp-json\/wp\/v2\/types\/page"}],"author":[{"embeddable":true,"href":"https:\/\/alisteraldridge.fr\/arnay1418\/wp-json\/wp\/v2\/users\/2"}],"replies":[{"embeddable":true,"href":"https:\/\/alisteraldridge.fr\/arnay1418\/wp-json\/wp\/v2\/comments?post=2009"}],"version-history":[{"count":4,"href":"https:\/\/alisteraldridge.fr\/arnay1418\/wp-json\/wp\/v2\/pages\/2009\/revisions"}],"predecessor-version":[{"id":2619,"href":"https:\/\/alisteraldridge.fr\/arnay1418\/wp-json\/wp\/v2\/pages\/2009\/revisions\/2619"}],"wp:attachment":[{"href":"https:\/\/alisteraldridge.fr\/arnay1418\/wp-json\/wp\/v2\/media?parent=2009"}],"curies":[{"name":"wp","href":"https:\/\/api.w.org\/{rel}","templated":true}]}}