{"id":1466,"date":"2022-07-29T16:33:39","date_gmt":"2022-07-29T16:33:39","guid":{"rendered":"https:\/\/arnay1418.rarebook-ubfc.fr\/?page_id=1466"},"modified":"2022-07-29T16:33:39","modified_gmt":"2022-07-29T16:33:39","slug":"remerciements","status":"publish","type":"page","link":"https:\/\/alisteraldridge.fr\/arnay1418\/remerciements\/","title":{"rendered":"Remerciements"},"content":{"rendered":"<p>Vaste sujet que celui de la Premi\u00e8re Guerre mondiale. Encore plus vaste est l\u2019\u00e9tude de la<br>vie des hommes et femmes qui vivent ce conflit. Il y a autant d\u2019histoires que de vies, toutes<br>diff\u00e9rentes, demandant de plonger dans des sujets et th\u00e9matiques vari\u00e9s, de faire appel aux sources<br>\u00e9crites, iconographiques et orales, \u00e0 la m\u00e9moire. Des histoires uniques \u00e0 chaque personne. Il nous<br>paraissait donc impossible de travailler en solitaire et nous avons sollicit\u00e9 associations, municipalit\u00e9s<br>et particuliers pour trouver des sources et nous \u00e9clairer sur certaines notions. Des ann\u00e9es d\u2019\u00e9tudes<br>g\u00e9n\u00e9alogiques nous ont appris que les recherches sur les hommes des si\u00e8cles pass\u00e9s, \u00ab nos a\u00efeux \u00bb,<br>est une entreprise plus fructueuse et intellectuellement stimulante lorsqu\u2019elle est empreinte de<br>partage. Ce partage a donn\u00e9 lieu \u00e0 beaucoup d\u2019\u00e9changes et de collaborations, ce qui nous a permis<br>de d\u00e9couvrir et \u00e9tudier des documents et des r\u00e9cits qui aujourd\u2019hui encore reposent dans des<br>archives familiales, ou des travaux et recherches non publi\u00e9s. Nous tenons donc \u00e0 remercier toutes<br>les personnes avec qui nous sommes entr\u00e9s en contact avant la mi-ao\u00fbt 2022. S\u2019il se peut que la<br>liste ne soit pas exclusive, leur contribution est en revanche consciencieusement cit\u00e9e sur les fiches<br>des soldats et les th\u00e9matiques concern\u00e9s.<\/p><p><br>Nous adressons tout d\u2019abord nos remerciements \u00e0 la municipalit\u00e9 d\u2019<strong>Arnay-le-Duc<\/strong> pour son int\u00e9r\u00eat<br>dans nos travaux et pour avoir relay\u00e9 notre appel \u00e0 documents sur les r\u00e9seaux sociaux. Ce fut le<br>d\u00e9but d\u2019une plong\u00e9e riche et fascinante dans l\u2019histoire locale comme mondiale. Nous tenons<br>\u00e9galement \u00e0 remercier les autres communes qui ont r\u00e9pondu \u00e0 nos demandes : <strong>Autun<\/strong>, <strong>Enghien-les-Bains<\/strong>, <strong>\u00c9pinac<\/strong>, <strong>Marcelcave <\/strong>et <strong>Saint-Prix-l\u00e8s-Arnay<\/strong> ; et les institutions suivantes : la <strong>Grande<br>Chancellerie<\/strong> de la L\u00e9gion d\u2019Honneur et les <strong>archives dioc\u00e9saines<\/strong> de Dijon.<\/p><p><br>Nous n\u2019oublions pas la g\u00e9n\u00e9rosit\u00e9 en temps et efforts des b\u00e9n\u00e9voles de l\u2019association <strong><a href=\"http:\/\/www.entraide-genealogique.net\/index.php?id=1\" target=\"_blank\" rel=\"noreferrer noopener\">Le Fil d\u2019Ariane<\/a><\/strong>,<br>et tout particuli\u00e8rement madame <strong>Colette Douroux<\/strong>, coordinatrice pour le Service Historique de la<br>D\u00e9fense, et madame <strong>Sylvie Maillet-Devriendt<\/strong> pour ses recherches dans l\u2019\u00e9tat civil de Marseille. Nos<br>pens\u00e9es vont \u00e9galement aux utilisateurs du groupe <strong>G\u00e9n\u00e9alogie : Recherches Militaires<\/strong> sur le r\u00e9seau<br>Facebook, et particuli\u00e8rement \u00e0 madame <strong>Pascale Foucher<\/strong> pour ses grandes connaissances en<br>uniformologie et le temps qu\u2019elle accorde aux centaines de requ\u00eates mensuelles pour d\u00e9celer les<br>d\u00e9tails des parcours militaires d\u2019antan.<\/p><p><br>La \u00ab g\u00e9n\u00e9asph\u00e8re \u00bb et les auteurs des sites internet d\u00e9di\u00e9s \u00e0 l\u2019histoire militaire et locale avec qui nous<br>avons \u00e9chang\u00e9 : <strong>Arnaud Carobbi<\/strong> (<a href=\"https:\/\/combattant14-18.pagesperso-orange.fr\/\" target=\"_blank\" rel=\"noreferrer noopener\">Parcours Combattant 14-18<\/a>), Didier \u00ab <strong>le Chtimiste<\/strong> \u00bb (<a href=\"http:\/\/www.chtimiste.com\/\" target=\"_blank\" rel=\"noreferrer noopener\">Chtimiste<\/a>),<br><strong>Jean-Luc Dron<\/strong> (<a href=\"http:\/\/jeanluc.dron.free.fr\/\" target=\"_blank\" rel=\"noreferrer noopener\">G\u00e9n\u00e9alogie Dron &amp; Devendeville &amp; Grande Guerre 1914-1918<\/a>) et <strong>Laurent Soyer<\/strong> (<a href=\"http:\/\/laurent59.canalblog.com\/\" target=\"_blank\" rel=\"noreferrer noopener\">72e<br>r\u00e9giment d\u2019infanterie<\/a>), et les utilisateurs Geneanet <strong>Henri<\/strong>, <strong>Pierre <\/strong>et <strong>Sergio<\/strong>.<\/p><p><br>Nous sommes reconnaissant envers toutes les personnes qui sont entr\u00e9es en contact avec nous<br>pour \u00e9changer sur l\u2019histoire militaire, leur histoire familiale pendant la guerre ou sur l\u2019histoire<br>d\u2019Arnay-le-Duc : Yves <strong>Andr\u00e9<\/strong>, Jean-Marc <strong>Billard<\/strong>, Didier <strong>Callabre<\/strong>, Hadrien <strong>Lacoste <\/strong>pr\u00e9sident de<br>l\u2019association <em>Claude Guyot<\/em>, Philippe <strong>Legret<\/strong>, Fran\u00e7oise <strong>Garcia<\/strong>, Patricia <strong>Rousselet Laguionie<\/strong>,<br>Bernadette <strong>Pepineau <\/strong>et Florence <strong>Thomas<\/strong>.<\/p><p><br>Nous souhaitons exprimer notre reconnaissance \u00e0 Didier <strong>Godard<\/strong>, historien et libraire (<strong>L\u2019Art du<br>Livre<\/strong>), pour les nombreux documents et les informations qu\u2019il nous a transmis, ainsi que pour notre<br>correspondance sur l\u2019histoire d\u2019Arnay et des Arn\u00e9tois.<\/p><p><br>Enfin, nous remercions sinc\u00e8rement Johanna <strong>Basset <\/strong>et Perrine <strong>Guillaume <\/strong>pour leur aide sur les<br>questions m\u00e9dicales, et toutes les personnes qui ont partag\u00e9 sur la toile leurs recherches sur les<br>soldats et familles du d\u00e9but du si\u00e8cle dernier.<\/p>","protected":false},"excerpt":{"rendered":"<p>Vaste sujet que celui de la Premi\u00e8re Guerre mondiale. Encore plus vaste est l\u2019\u00e9tude de lavie des hommes et femmes qui vivent ce conflit. Il [&#8230;]<\/p>\n","protected":false},"author":2,"featured_media":0,"parent":0,"menu_order":0,"comment_status":"closed","ping_status":"closed","template":"","meta":{"footnotes":""},"class_list":["post-1466","page","type-page","status-publish","hentry"],"yoast_head":"<!-- This site is optimized with the Yoast SEO plugin v25.6 - https:\/\/yoast.com\/wordpress\/plugins\/seo\/ -->\n<title>Remerciements - Arnay-le-Duc 1914-1918<\/title>\n<meta name=\"robots\" content=\"index, follow, max-snippet:-1, max-image-preview:large, max-video-preview:-1\" \/>\n<link rel=\"canonical\" href=\"https:\/\/alisteraldridge.fr\/arnay1418\/remerciements\/\" \/>\n<meta property=\"og:locale\" content=\"fr_FR\" \/>\n<meta property=\"og:type\" content=\"article\" \/>\n<meta property=\"og:title\" content=\"Remerciements - Arnay-le-Duc 1914-1918\" \/>\n<meta property=\"og:description\" content=\"Vaste sujet que celui de la Premi\u00e8re Guerre mondiale. Encore plus vaste est l\u2019\u00e9tude de lavie des hommes et femmes qui vivent ce conflit. Il [...]\" \/>\n<meta property=\"og:url\" content=\"https:\/\/alisteraldridge.fr\/arnay1418\/remerciements\/\" \/>\n<meta property=\"og:site_name\" content=\"Arnay-le-Duc 1914-1918\" \/>\n<meta name=\"twitter:card\" content=\"summary_large_image\" \/>\n<meta name=\"twitter:label1\" content=\"Dur\u00e9e de lecture estim\u00e9e\" \/>\n\t<meta name=\"twitter:data1\" content=\"3 minutes\" \/>\n<script type=\"application\/ld+json\" class=\"yoast-schema-graph\">{\"@context\":\"https:\/\/schema.org\",\"@graph\":[{\"@type\":\"WebPage\",\"@id\":\"https:\/\/alisteraldridge.fr\/arnay1418\/remerciements\/\",\"url\":\"https:\/\/alisteraldridge.fr\/arnay1418\/remerciements\/\",\"name\":\"Remerciements - Arnay-le-Duc 1914-1918\",\"isPartOf\":{\"@id\":\"https:\/\/alisteraldridge.fr\/arnay1418\/#website\"},\"datePublished\":\"2022-07-29T16:33:39+00:00\",\"breadcrumb\":{\"@id\":\"https:\/\/alisteraldridge.fr\/arnay1418\/remerciements\/#breadcrumb\"},\"inLanguage\":\"fr-FR\",\"potentialAction\":[{\"@type\":\"ReadAction\",\"target\":[\"https:\/\/alisteraldridge.fr\/arnay1418\/remerciements\/\"]}]},{\"@type\":\"BreadcrumbList\",\"@id\":\"https:\/\/alisteraldridge.fr\/arnay1418\/remerciements\/#breadcrumb\",\"itemListElement\":[{\"@type\":\"ListItem\",\"position\":1,\"name\":\"Home\",\"item\":\"https:\/\/alisteraldridge.fr\/arnay1418\/\"},{\"@type\":\"ListItem\",\"position\":2,\"name\":\"Remerciements\"}]},{\"@type\":\"WebSite\",\"@id\":\"https:\/\/alisteraldridge.fr\/arnay1418\/#website\",\"url\":\"https:\/\/alisteraldridge.fr\/arnay1418\/\",\"name\":\"Arnay-le-Duc 1914-1918\",\"description\":\"Histoire d&#039;une ville bourguignonne pendant la Premi\u00e8re Guerre mondiale\",\"potentialAction\":[{\"@type\":\"SearchAction\",\"target\":{\"@type\":\"EntryPoint\",\"urlTemplate\":\"https:\/\/alisteraldridge.fr\/arnay1418\/?s={search_term_string}\"},\"query-input\":{\"@type\":\"PropertyValueSpecification\",\"valueRequired\":true,\"valueName\":\"search_term_string\"}}],\"inLanguage\":\"fr-FR\"}]}<\/script>\n<!-- \/ Yoast SEO plugin. -->","yoast_head_json":{"title":"Remerciements - Arnay-le-Duc 1914-1918","robots":{"index":"index","follow":"follow","max-snippet":"max-snippet:-1","max-image-preview":"max-image-preview:large","max-video-preview":"max-video-preview:-1"},"canonical":"https:\/\/alisteraldridge.fr\/arnay1418\/remerciements\/","og_locale":"fr_FR","og_type":"article","og_title":"Remerciements - Arnay-le-Duc 1914-1918","og_description":"Vaste sujet que celui de la Premi\u00e8re Guerre mondiale. Encore plus vaste est l\u2019\u00e9tude de lavie des hommes et femmes qui vivent ce conflit. Il [...]","og_url":"https:\/\/alisteraldridge.fr\/arnay1418\/remerciements\/","og_site_name":"Arnay-le-Duc 1914-1918","twitter_card":"summary_large_image","twitter_misc":{"Dur\u00e9e de lecture estim\u00e9e":"3 minutes"},"schema":{"@context":"https:\/\/schema.org","@graph":[{"@type":"WebPage","@id":"https:\/\/alisteraldridge.fr\/arnay1418\/remerciements\/","url":"https:\/\/alisteraldridge.fr\/arnay1418\/remerciements\/","name":"Remerciements - Arnay-le-Duc 1914-1918","isPartOf":{"@id":"https:\/\/alisteraldridge.fr\/arnay1418\/#website"},"datePublished":"2022-07-29T16:33:39+00:00","breadcrumb":{"@id":"https:\/\/alisteraldridge.fr\/arnay1418\/remerciements\/#breadcrumb"},"inLanguage":"fr-FR","potentialAction":[{"@type":"ReadAction","target":["https:\/\/alisteraldridge.fr\/arnay1418\/remerciements\/"]}]},{"@type":"BreadcrumbList","@id":"https:\/\/alisteraldridge.fr\/arnay1418\/remerciements\/#breadcrumb","itemListElement":[{"@type":"ListItem","position":1,"name":"Home","item":"https:\/\/alisteraldridge.fr\/arnay1418\/"},{"@type":"ListItem","position":2,"name":"Remerciements"}]},{"@type":"WebSite","@id":"https:\/\/alisteraldridge.fr\/arnay1418\/#website","url":"https:\/\/alisteraldridge.fr\/arnay1418\/","name":"Arnay-le-Duc 1914-1918","description":"Histoire d&#039;une ville bourguignonne pendant la Premi\u00e8re Guerre mondiale","potentialAction":[{"@type":"SearchAction","target":{"@type":"EntryPoint","urlTemplate":"https:\/\/alisteraldridge.fr\/arnay1418\/?s={search_term_string}"},"query-input":{"@type":"PropertyValueSpecification","valueRequired":true,"valueName":"search_term_string"}}],"inLanguage":"fr-FR"}]}},"featured_image_src":null,"jetpack_sharing_enabled":true,"_links":{"self":[{"href":"https:\/\/alisteraldridge.fr\/arnay1418\/wp-json\/wp\/v2\/pages\/1466"}],"collection":[{"href":"https:\/\/alisteraldridge.fr\/arnay1418\/wp-json\/wp\/v2\/pages"}],"about":[{"href":"https:\/\/alisteraldridge.fr\/arnay1418\/wp-json\/wp\/v2\/types\/page"}],"author":[{"embeddable":true,"href":"https:\/\/alisteraldridge.fr\/arnay1418\/wp-json\/wp\/v2\/users\/2"}],"replies":[{"embeddable":true,"href":"https:\/\/alisteraldridge.fr\/arnay1418\/wp-json\/wp\/v2\/comments?post=1466"}],"version-history":[{"count":0,"href":"https:\/\/alisteraldridge.fr\/arnay1418\/wp-json\/wp\/v2\/pages\/1466\/revisions"}],"wp:attachment":[{"href":"https:\/\/alisteraldridge.fr\/arnay1418\/wp-json\/wp\/v2\/media?parent=1466"}],"curies":[{"name":"wp","href":"https:\/\/api.w.org\/{rel}","templated":true}]}}