{"id":137,"date":"2022-01-07T19:40:29","date_gmt":"2022-01-07T19:40:29","guid":{"rendered":"https:\/\/arnay1418.rarebook-ubfc.fr\/?page_id=137"},"modified":"2023-04-06T13:20:15","modified_gmt":"2023-04-06T13:20:15","slug":"chastan-louis-jean-pierre","status":"publish","type":"page","link":"https:\/\/alisteraldridge.fr\/arnay1418\/chastan-louis-jean-pierre\/","title":{"rendered":"CHASTAN Louis Jean Pierre"},"content":{"rendered":"<h1 class=\"has-text-align-center has-large-font-size wp-block-heading\"><b>CHASTAN <\/b>Louis Jean Pierre<\/h1><p class=\"has-text-align-center\">\u00a4 17 mai 1888 \u00e0 Arnay-le-Duc<br> \u2020 7 octobre 1915 en mer, au large de la Gr\u00e8ce<br> Cuisinier sur le vapeur <em>Amiral Hamelin &#8211; <\/em>27 ans<br> Mort en mer<br> Croix de guerre &#8211; m\u00e9daille militaire<\/p><hr class=\"wp-block-separator has-text-color has-black-color has-alpha-channel-opacity has-black-background-color has-background is-style-wide\"\/><h2 class=\"wp-block-heading\">Acte de naissance<\/h2><p class=\"has-text-align-center\"><em>N\u00b042<\/em><\/p><p class=\"has-text-align-center\"><em>Acte de Naissance de<br>\nChastan Louis<br>\nJean-Pierre<br>\n(l\u00e9gitime)<\/em><\/p><p class=\"has-text-align-center\">&#8212;<\/p><p class=\"has-text-align-center\">Du 18 mai 1888<\/p><p>L\u2019an mil-huit cent-quatre vingt-huit le dix-huit mai \u00e0 dix heures du matin, Pardevant nous Antoine Fran\u00e7ois Vollot, Maire, officier de l\u2019\u00e9tat civil de la ville d\u2019Arnay-le-Duc, chef-lieu de canton, arrondissement de Beaune, d\u00e9partement de la c\u00f4te-d\u2019Or, a comparu le sieur Chastan Fran\u00e7ois-Th\u00e9otime, \u00e2ge de trente un ans confiseur domicili\u00e9 \u00e0 Arnay-le-Duc rue grande, lequel nous a pr\u00e9sent\u00e9 un enfant du sexe masculin n\u00e9 hier \u00e0 sept heures du matin en son domicile de son mariage contract\u00e9 \u00e0 Arnay-le-Duc le quatre octobre mil huit cent quatre-vingt cinq avec Mutin, Jeanne-Fran\u00e7oise Marie, \u00e2g\u00e9e de vingt-cinq ans, sans profession domicili\u00e9e avec lui et auquel enfant il a d\u00e9clar\u00e9 donner les pr\u00e9noms de Louis-Jean-Pierre&nbsp;; les dites pr\u00e9sentation et d\u00e9claration faites en pr\u00e9sence des sieurs Champenois Jacques, \u00e2g\u00e9 de soixante-huit ans, rentier domicili\u00e9e \u00e0 Arnay-le-Duc et Leblanc Fran\u00e7ois, \u00e2g\u00e9 de quarante ans, cordonnier domicili\u00e9 au dit Arnay-le-Duc et ont le p\u00e8re de l\u2019enfant et les dits t\u00e9moins sign\u00e9 avec nous le pr\u00e9sent acte et naissance apr\u00e8s lecture.<br>\n[Signent Chastan, Leblanc, J. Champenois, A. Vollot]<\/p><p>[<a href=\"https:\/\/archives.cotedor.fr\/v2\/ark:\/71137\/g907f93a9e30ffbedc18833185f96ddb8\/730db7807b52a0c2f6c2b66d45664304\/191\/ZnJhZDAyMV8wMjZfMm1pZWMwMjZyMDRfMDE5MS5qcGc=\">Lien vers le document original<\/a>]<\/p><h2 class=\"wp-block-heading\">Fiche matricule<\/h2><div class=\"tableFM\">\n<p><strong>Nom : <\/strong><em>Chastan<\/em><\/p>\n<p><strong>Pr\u00e9noms : <\/strong><em>Louis Jean Pierre<\/em><\/p>\n<p><strong>Surnoms :<\/strong><\/p>\n<p><strong>Num\u00e9ro matricule du recrutement : <\/strong><em>1044<\/em><\/p>\n<p><strong>Classe de mobilisation :<\/strong><\/p>\n<hr>\n<h3>\u00c9tat civil :<\/h3>\n<p><strong>N\u00e9 le<\/strong> <em>17 mai 1888<\/em>, <strong>\u00e0<\/strong> <em>Arnay-le-Duc<\/em>, <strong>canton d<\/strong><em>u dit<\/em>, <strong>d\u00e9partement de<\/strong> <em>la C\u00f4te-d&rsquo;Or<\/em>, <strong>r\u00e9sidant \u00e0<\/strong> <em>Dijon<\/em>, <strong>canton d<\/strong><em>u dit<\/em>, d\u00e9partement de <em>la C\u00f4te-d&rsquo;Or<\/em>, <strong>profession de<\/strong> <em>cuisinier<\/em>, <strong>fils de<\/strong> <em>feu Fran\u00e7ois Th\u00e9otime<\/em><strong> et de<\/strong> <em>Mutin Jeanne Fran\u00e7oise<\/em><strong> domicili\u00e9s \u00e0<\/strong> <em>Dijon, 2 rue Lecoulteux<\/em>, <strong>canton d<\/strong><em>u dit<\/em>, <strong>d\u00e9partement de<\/strong> <em>la C\u00f4te-d&rsquo;Or<\/em>.<\/p>\n<hr>\n<h3>Signalement :<\/h3>\n<p><strong>Cheveux<\/strong> <em>et<\/em>, <strong>sourcils<\/strong> <em>noirs<\/em>,<\/p>\n<p><strong>yeux<\/strong> <em>bleus<\/em>, <strong>front<\/strong> <em>d\u00e9couvert<\/em>,<\/p>\n<p><strong>nez<\/strong> <em>ordinaire<\/em>, <strong>bouche<\/strong> <em>moyenne<\/em>,<\/p>\n<p><strong>menton<\/strong> <em>rond<\/em>, <strong>visage<\/strong> <em>ovale<\/em>.<\/p>\n<p><strong>Taille :<\/strong> <em>1<\/em><strong>m<\/strong><em>80<\/em> <strong>cent. Taille rectifi\u00e9e :<\/strong> <strong>m<\/strong> <strong>cent.<\/strong><\/p>\n<p><strong>Marques particuli\u00e8res : <\/strong><\/p>\n<p><strong>Degr\u00e9 d\u2019instruction g\u00e9n\u00e9rale : <\/strong><em>3<\/em><\/p>\n<hr>\n<h3>D\u00e9cision du conseil de r\u00e9vision :<\/h3>\n<p><strong>Class\u00e9 dans la<\/strong> <em>1e<\/em> <strong>partie de la liste en 19<\/strong><em>09<\/em><\/p>\n<p><strong>Class\u00e9 dans la<\/strong> <em>_<\/em> <strong>partie de la liste en 19<\/strong><em>_<\/em><\/p>\n<hr>\n<h3>Corps d\u2019affectation \/ Num\u00e9ros au contr\u00f4le sp\u00e9cial \u2013 matricule ou au r\u00e9pertoire<\/h3>\n<p><strong>Dans l\u2019arm\u00e9e active : <em>5e d\u00e9p\u00f4t des \u00e9quipages de la flotte &#8211;470275<\/em><\/strong><\/p>\n<p><strong><strong>Disponibilit\u00e9 et r\u00e9serve de l\u2019arm\u00e9e active : <\/strong><em>5e d\u00e9p\u00f4t des Equipages flotte \u2013 3 &#8212; 133<\/em><\/strong><\/p>\n<p><strong><strong>Arm\u00e9e territoriale et sa r\u00e9serve : <em>_<\/em>.<\/strong><\/strong><\/p>\n<hr>\n<h3>D\u00e9tail des services et mutations diverses.<\/h3>\n<p><strong>Inscrit sous le n\u00b0<\/strong><em>55<\/em><strong> de la liste du canton d<\/strong><em>e Dijon-Ouest<\/em>.<\/p>\n<p><em>Incorpor\u00e9 au 5e d\u00e9p\u00f4t des \u00e9quipages de la flotte \u00e0 compter du 8 octobre 1909. Arriv\u00e9 au corps le dit jour et matelot de 3e cl. Cuisinier. Pass\u00e9 dans la r\u00e9serve de l\u2019arm\u00e9e de mer le 1 octobre 1911. Certificat de bonne conduite \u00ab accord\u00e9 \u00bb. Rappel\u00e9 \u00e0 l\u2019activit\u00e9 \u2013 mobilisation g\u00e9n\u00e9rale du 2 ao\u00fbt 1914. Arriv\u00e9 5 ao\u00fbt. D\u00e9c\u00e9d\u00e9 le 6 novembre 1915 lors du torpillage du vapeur \u00ab Amiral Hamelin \u00bb.<\/em><\/p>\n<hr>\n<h3>Localit\u00e9s successives habit\u00e9es<br>\npar suite de changements de domicile ou de r\u00e9sidence<\/h3>\n<p><strong>Dates \/ Communes \/ Subdivisions de r\u00e9gion \/ D : Domicile, R : R\u00e9sidence<\/strong><\/p>\n<p><em>_<\/em><\/p>\n<hr>\n<p><strong>Campagnes :<\/strong> <em>Contre l\u2019Allemagne: du 3 ao\u00fbt 1914 au 6 novembre 1915<\/em>.<\/p>\n<p><strong>Blessures, actions d\u2019\u00e9clat, d\u00e9corations, etc.<\/strong><\/p>\n<p>_<\/p>\n<h3>P\u00e9riodes d\u2019exercices :<\/h3>\n<p><strong>R\u00e9serve : <\/strong><em>_<\/em><\/p>\n<p><strong>Arm\u00e9e territoriale : <\/strong><em>_<\/em><\/p>\n<p><strong>Sp\u00e9ciales aux hommes du service de garde des voies de communication : <\/strong><em>_<\/em><\/p>\n<p><strong>Epoque \u00e0 laquelle l\u2019homme doit passer dans : La r\u00e9serve de l\u2019arm\u00e9e active : L\u2019arm\u00e9e territoriale : La r\u00e9serve de l\u2019arm\u00e9e territoriale : Date de la lib\u00e9ration du service militaire : (ne remplir ce tableau que pour les hommes dont les services font l\u2019objet d\u2019un d\u00e9compte sp\u00e9cial (engag\u00e9s, condamn\u00e9s, omis, etc.)<\/strong><\/p>\n<\/div><p>[<a href=\"https:\/\/archives.cotedor.fr\/v2\/ad21\/visualiseur\/matricules.html?ir=23193&amp;id=609880233\">Lien vers le document original<\/a>]<\/p><h2 class=\"wp-block-heading\">Donn\u00e9es additionnelles<\/h2><p>Le vapeur <em>Amiral Hamelin <\/em>\u00e9tait un navire cargo de la Compagnie des Chargeurs R\u00e9unis. En octobre 1915, son objectif consiste \u00e0 ravitailler les op\u00e9rations de l\u2019Arm\u00e9e d\u2019Orient engag\u00e9e dans la campagne des Dardanelles. Le vapeur quitte Marseille pour se rendre \u00e0 Salonique. Sans armement, il transporte plusieurs tonnes d\u2019armement et des hommes des 25<sup>e<\/sup> et 17<sup>e<\/sup> r\u00e9giments d\u2019artillerie. Le 7 octobre, l\u2019<em>Amiral Hamelin<\/em> est rep\u00e9r\u00e9 par le sous-marin allemand <em>U 33<\/em>, command\u00e9 le <em>Kapit\u00e4nleutnant <\/em>Konrad Gansser, un officier au tableau de chasse fort rempli.<\/p><p>Au petit matin, le sous-marin fait feu sur le vapeur. Les marins et passagers ont ordre d\u2019abandonner le navire qui ne peut riposter. Vers 6 h 30, Chastan, un ma\u00eetre d\u2019h\u00f4tel et deux soldats sont morts. L\u2019<em>Amiral Hamelin<\/em> est finalement coul\u00e9. 55 passagers sont tu\u00e9s, ainsi que 6 membres d\u2019\u00e9quipage, dont Louis Chastan<sup>(1)<\/sup>.<\/p><p>Dans son rapport, le capitaine Jean Baptiste Guibert note&nbsp;:<\/p><blockquote class=\"wp-block-quote is-layout-flow wp-block-quote-is-layout-flow\"><p><em>J\u2019eus malheureusement \u00e0 d\u00e9plorer la mort :<\/em><\/p>\n\n<p><em>de mon 1er lieutenant monsieur Cordier, tu\u00e9 \u00e0 son poste en commandant la mise \u00e0 l\u2019eau de son embarcation et qui, bless\u00e9 \u00e0 mort, recommandait \u00e0 un chauffeur de se sauver rapidement; du ma\u00eetre d\u2019h\u00f4tel, du cuisinier Chastan et chauffeur Urvoy, du graisseur Clous et du docteur du bord tu\u00e9s par les obus dans mon embarcation.<\/em><\/p><cite>(2)<\/cite><\/blockquote><h2 class=\"wp-block-heading\">Sources&nbsp;:<\/h2><ul class=\"wp-block-list\"><li><em>A. D. de la C\u00f4te-d\u2019Or, \u00e9tat civil num\u00e9ris\u00e9<\/em>, <em>Arnay-le-Duc 1885 \u2013 1892 [FRADO21EC 26\/035], CHASTAN Louis Jean Pierre, n\u00b042, 1888, <\/em><a rel=\"noreferrer noopener\" href=\"https:\/\/archives.cotedor.fr\/v2\/ark:\/71137\/g907f93a9e30ffbedc18833185f96ddb8\/730db7807b52a0c2f6c2b66d45664304\/191\/ZnJhZDAyMV8wMjZfMm1pZWMwMjZyMDRfMDE5MS5qcGc=\" target=\"_blank\"><em>vue 191\/585<\/em><\/a><em>.<\/em><\/li>\n\n<li><em>A. D. de la C\u00f4te-d\u2019Or, recrutement militaire (1867-1940)<\/em>, <em>classe 1908, bureau de Dijon, <\/em><a rel=\"noreferrer noopener\" href=\"https:\/\/archives.cotedor.fr\/v2\/ad21\/visualiseur\/matricules.html?ir=23193&amp;id=609880233\" target=\"_blank\"><em>vue 55\/639<\/em><\/a><em>.<\/em><\/li>\n\n<li>(1)  Dufeil Yves, Le Bel Franck, Terraillon Marc (2008), \u00ab&nbsp;Amiral Hamelin&nbsp;\u00bb in <em>Navires de la Grande Guerre<\/em>, <a href=\"http:\/\/www.navires-14-18.com\/fichiers\/A\/AMIRAL_HAMELIN_CHARGEURS_V5.pdf\">En ligne<\/a>.<\/li>\n\n<li>(2) Bourlet Micha\u00ebl, Longeard Gwladys (6 octobre 2015), \u00ab&nbsp;Le 7 octobre 1915 disparaissait mon arri\u00e8re-grand-p\u00e8re&nbsp;\u00bb, <em>Sources de la Grande Guerre<\/em>, <a rel=\"noreferrer noopener\" href=\"https:\/\/sourcesdelagrandeguerre.fr\/?p=4191\" target=\"_blank\">En ligne<\/a>.<\/li><\/ul>","protected":false},"excerpt":{"rendered":"<p>CHASTAN Louis Jean Pierre \u00a4 17 mai 1888 \u00e0 Arnay-le-Duc \u2020 7 octobre 1915 en mer, au large de la Gr\u00e8ce Cuisinier sur le vapeur [&#8230;]<\/p>\n","protected":false},"author":2,"featured_media":0,"parent":0,"menu_order":0,"comment_status":"closed","ping_status":"closed","template":"","meta":{"footnotes":""},"class_list":["post-137","page","type-page","status-publish","hentry"],"yoast_head":"<!-- This site is optimized with the Yoast SEO plugin v25.6 - https:\/\/yoast.com\/wordpress\/plugins\/seo\/ -->\n<title>CHASTAN Louis Jean Pierre - Arnay-le-Duc 1914-1918<\/title>\n<meta name=\"robots\" content=\"index, follow, max-snippet:-1, max-image-preview:large, max-video-preview:-1\" \/>\n<link rel=\"canonical\" href=\"https:\/\/alisteraldridge.fr\/arnay1418\/chastan-louis-jean-pierre\/\" \/>\n<meta property=\"og:locale\" content=\"fr_FR\" \/>\n<meta property=\"og:type\" content=\"article\" \/>\n<meta property=\"og:title\" content=\"CHASTAN Louis Jean Pierre - Arnay-le-Duc 1914-1918\" \/>\n<meta property=\"og:description\" content=\"CHASTAN Louis Jean Pierre \u00a4 17 mai 1888 \u00e0 Arnay-le-Duc \u2020 7 octobre 1915 en mer, au large de la Gr\u00e8ce Cuisinier sur le vapeur [...]\" \/>\n<meta property=\"og:url\" content=\"https:\/\/alisteraldridge.fr\/arnay1418\/chastan-louis-jean-pierre\/\" \/>\n<meta property=\"og:site_name\" content=\"Arnay-le-Duc 1914-1918\" \/>\n<meta property=\"article:modified_time\" content=\"2023-04-06T13:20:15+00:00\" \/>\n<meta name=\"twitter:card\" content=\"summary_large_image\" \/>\n<meta name=\"twitter:label1\" content=\"Dur\u00e9e de lecture estim\u00e9e\" \/>\n\t<meta name=\"twitter:data1\" content=\"5 minutes\" \/>\n<script type=\"application\/ld+json\" class=\"yoast-schema-graph\">{\"@context\":\"https:\/\/schema.org\",\"@graph\":[{\"@type\":\"WebPage\",\"@id\":\"https:\/\/alisteraldridge.fr\/arnay1418\/chastan-louis-jean-pierre\/\",\"url\":\"https:\/\/alisteraldridge.fr\/arnay1418\/chastan-louis-jean-pierre\/\",\"name\":\"CHASTAN Louis Jean Pierre - Arnay-le-Duc 1914-1918\",\"isPartOf\":{\"@id\":\"https:\/\/alisteraldridge.fr\/arnay1418\/#website\"},\"datePublished\":\"2022-01-07T19:40:29+00:00\",\"dateModified\":\"2023-04-06T13:20:15+00:00\",\"breadcrumb\":{\"@id\":\"https:\/\/alisteraldridge.fr\/arnay1418\/chastan-louis-jean-pierre\/#breadcrumb\"},\"inLanguage\":\"fr-FR\",\"potentialAction\":[{\"@type\":\"ReadAction\",\"target\":[\"https:\/\/alisteraldridge.fr\/arnay1418\/chastan-louis-jean-pierre\/\"]}]},{\"@type\":\"BreadcrumbList\",\"@id\":\"https:\/\/alisteraldridge.fr\/arnay1418\/chastan-louis-jean-pierre\/#breadcrumb\",\"itemListElement\":[{\"@type\":\"ListItem\",\"position\":1,\"name\":\"Home\",\"item\":\"https:\/\/alisteraldridge.fr\/arnay1418\/\"},{\"@type\":\"ListItem\",\"position\":2,\"name\":\"CHASTAN Louis Jean Pierre\"}]},{\"@type\":\"WebSite\",\"@id\":\"https:\/\/alisteraldridge.fr\/arnay1418\/#website\",\"url\":\"https:\/\/alisteraldridge.fr\/arnay1418\/\",\"name\":\"Arnay-le-Duc 1914-1918\",\"description\":\"Histoire d&#039;une ville bourguignonne pendant la Premi\u00e8re Guerre mondiale\",\"potentialAction\":[{\"@type\":\"SearchAction\",\"target\":{\"@type\":\"EntryPoint\",\"urlTemplate\":\"https:\/\/alisteraldridge.fr\/arnay1418\/?s={search_term_string}\"},\"query-input\":{\"@type\":\"PropertyValueSpecification\",\"valueRequired\":true,\"valueName\":\"search_term_string\"}}],\"inLanguage\":\"fr-FR\"}]}<\/script>\n<!-- \/ Yoast SEO plugin. -->","yoast_head_json":{"title":"CHASTAN Louis Jean Pierre - Arnay-le-Duc 1914-1918","robots":{"index":"index","follow":"follow","max-snippet":"max-snippet:-1","max-image-preview":"max-image-preview:large","max-video-preview":"max-video-preview:-1"},"canonical":"https:\/\/alisteraldridge.fr\/arnay1418\/chastan-louis-jean-pierre\/","og_locale":"fr_FR","og_type":"article","og_title":"CHASTAN Louis Jean Pierre - Arnay-le-Duc 1914-1918","og_description":"CHASTAN Louis Jean Pierre \u00a4 17 mai 1888 \u00e0 Arnay-le-Duc \u2020 7 octobre 1915 en mer, au large de la Gr\u00e8ce Cuisinier sur le vapeur [...]","og_url":"https:\/\/alisteraldridge.fr\/arnay1418\/chastan-louis-jean-pierre\/","og_site_name":"Arnay-le-Duc 1914-1918","article_modified_time":"2023-04-06T13:20:15+00:00","twitter_card":"summary_large_image","twitter_misc":{"Dur\u00e9e de lecture estim\u00e9e":"5 minutes"},"schema":{"@context":"https:\/\/schema.org","@graph":[{"@type":"WebPage","@id":"https:\/\/alisteraldridge.fr\/arnay1418\/chastan-louis-jean-pierre\/","url":"https:\/\/alisteraldridge.fr\/arnay1418\/chastan-louis-jean-pierre\/","name":"CHASTAN Louis Jean Pierre - Arnay-le-Duc 1914-1918","isPartOf":{"@id":"https:\/\/alisteraldridge.fr\/arnay1418\/#website"},"datePublished":"2022-01-07T19:40:29+00:00","dateModified":"2023-04-06T13:20:15+00:00","breadcrumb":{"@id":"https:\/\/alisteraldridge.fr\/arnay1418\/chastan-louis-jean-pierre\/#breadcrumb"},"inLanguage":"fr-FR","potentialAction":[{"@type":"ReadAction","target":["https:\/\/alisteraldridge.fr\/arnay1418\/chastan-louis-jean-pierre\/"]}]},{"@type":"BreadcrumbList","@id":"https:\/\/alisteraldridge.fr\/arnay1418\/chastan-louis-jean-pierre\/#breadcrumb","itemListElement":[{"@type":"ListItem","position":1,"name":"Home","item":"https:\/\/alisteraldridge.fr\/arnay1418\/"},{"@type":"ListItem","position":2,"name":"CHASTAN Louis Jean Pierre"}]},{"@type":"WebSite","@id":"https:\/\/alisteraldridge.fr\/arnay1418\/#website","url":"https:\/\/alisteraldridge.fr\/arnay1418\/","name":"Arnay-le-Duc 1914-1918","description":"Histoire d&#039;une ville bourguignonne pendant la Premi\u00e8re Guerre mondiale","potentialAction":[{"@type":"SearchAction","target":{"@type":"EntryPoint","urlTemplate":"https:\/\/alisteraldridge.fr\/arnay1418\/?s={search_term_string}"},"query-input":{"@type":"PropertyValueSpecification","valueRequired":true,"valueName":"search_term_string"}}],"inLanguage":"fr-FR"}]}},"featured_image_src":null,"jetpack_sharing_enabled":true,"_links":{"self":[{"href":"https:\/\/alisteraldridge.fr\/arnay1418\/wp-json\/wp\/v2\/pages\/137"}],"collection":[{"href":"https:\/\/alisteraldridge.fr\/arnay1418\/wp-json\/wp\/v2\/pages"}],"about":[{"href":"https:\/\/alisteraldridge.fr\/arnay1418\/wp-json\/wp\/v2\/types\/page"}],"author":[{"embeddable":true,"href":"https:\/\/alisteraldridge.fr\/arnay1418\/wp-json\/wp\/v2\/users\/2"}],"replies":[{"embeddable":true,"href":"https:\/\/alisteraldridge.fr\/arnay1418\/wp-json\/wp\/v2\/comments?post=137"}],"version-history":[{"count":1,"href":"https:\/\/alisteraldridge.fr\/arnay1418\/wp-json\/wp\/v2\/pages\/137\/revisions"}],"predecessor-version":[{"id":2600,"href":"https:\/\/alisteraldridge.fr\/arnay1418\/wp-json\/wp\/v2\/pages\/137\/revisions\/2600"}],"wp:attachment":[{"href":"https:\/\/alisteraldridge.fr\/arnay1418\/wp-json\/wp\/v2\/media?parent=137"}],"curies":[{"name":"wp","href":"https:\/\/api.w.org\/{rel}","templated":true}]}}